{"id":2368,"date":"2024-03-27T09:47:17","date_gmt":"2024-03-27T09:47:17","guid":{"rendered":"https:\/\/inkskin.nl\/products\/world-famous-limitless-light-clay-1-30ml\/"},"modified":"2024-03-27T09:47:17","modified_gmt":"2024-03-27T09:47:17","slug":"world-famous-limitless-light-clay-1-30ml","status":"publish","type":"product","link":"https:\/\/inkskin.nl\/fr\/products\/world-famous-limitless-light-clay-1-30ml\/","title":{"rendered":"World Famous Limitless &#8211; Light Clay 1. 30ml"},"content":{"rendered":"<p>Vous recherchez l&rsquo;encre de tatouage la plus r\u00e9volutionnaire au monde ? Dans ce cas, World Famous Limitless est votre choix id\u00e9al ! Connue pour la qualit\u00e9 sup\u00e9rieure de ses encres, cette marque jouit d&rsquo;une r\u00e9putation mondiale. Avec la gamme Limitless, c\u00e9l\u00e8bre dans le monde entier, vous \u00eates assur\u00e9 de disposer d&rsquo;encres de tatouage conformes aux directives EU-REACH. Cela signifie que vous pouvez profiter de belles couleurs sur votre peau de mani\u00e8re s\u00fbre et responsable. Que vous soyez un tatoueur exp\u00e9riment\u00e9 ou un d\u00e9butant, les encres World Famous Limitless vous permettront de cr\u00e9er les \u0153uvres d&rsquo;art les plus \u00e9poustouflantes. Osez repousser les limites et choisir la meilleure encre du march\u00e9 ? Choisissez alors World Famous Limitless !<\/p>\n<p><strong>En quoi World Famous Limitless est-il diff\u00e9rent des autres marques d&rsquo;encre de tatouage ?<\/strong><br \/>\n  World Famous Limitless est connu pour la qualit\u00e9 sup\u00e9rieure de ses encres et s&rsquo;est forg\u00e9 une r\u00e9putation dans le monde entier.<\/p>\n<p><strong>La gamme World Famous Limitless r\u00e9pond-elle aux directives l\u00e9gales en mati\u00e8re d&rsquo;encres de tatouage ?<\/strong><br \/>\n  Oui, la gamme Limitless de World Famous est conforme aux directives EU-REACH, ce qui signifie que l&rsquo;encre peut \u00eatre utilis\u00e9e sur la peau en toute s\u00e9curit\u00e9 et de mani\u00e8re responsable.<\/p>\n<p><strong>La s\u00e9rie World Famous Limitless convient-elle aux tatoueurs exp\u00e9riment\u00e9s comme aux d\u00e9butants ?<\/strong><br \/>\n  Oui, que vous soyez un tatoueur exp\u00e9riment\u00e9 ou que vous d\u00e9butiez, les encres World Famous Limitless vous aideront \u00e0 cr\u00e9er des \u0153uvres d&rsquo;art \u00e0 couper le souffle.<\/p>\n","protected":false},"excerpt":{"rendered":"<p>Vous recherchez l&rsquo;encre de tatouage la plus r\u00e9volutionnaire au monde ? Dans ce cas, World Famous Limitless est votre choix id\u00e9al ! Connue pour la qualit\u00e9 sup\u00e9rieure de ses encres, cette marque jouit d&rsquo;une r\u00e9putation mondiale. Avec la gamme Limitless, c\u00e9l\u00e8bre dans le monde entier, vous \u00eates assur\u00e9 de disposer d&rsquo;encres de tatouage conformes aux [&hellip;]<\/p>\n","protected":false},"featured_media":1472,"template":"","meta":{"_acf_changed":false},"product_brand":[],"product_cat":[245,181],"product_tag":[246,184,249],"class_list":{"0":"post-2368","1":"product","2":"type-product","3":"status-publish","4":"has-post-thumbnail","6":"product_cat-celebre-dans-le-monde-entier-limitless","7":"product_cat-encre-de-tatouage","8":"product_tag-celebre-dans-le-monde-entier-limitless","9":"product_tag-couleur","10":"product_tag-encre-fr","12":"first","13":"instock","14":"taxable","15":"shipping-taxable","16":"purchasable","17":"product-type-simple"},"ams_default_variation_id":0,"ams_product_points_reward":[],"ams_product_discount_percentage":0,"ams_price_to_display":18,"ams_acf":[],"acf":[],"_links":{"self":[{"href":"https:\/\/inkskin.nl\/fr\/wp-json\/wp\/v2\/product\/2368","targetHints":{"allow":["GET"]}}],"collection":[{"href":"https:\/\/inkskin.nl\/fr\/wp-json\/wp\/v2\/product"}],"about":[{"href":"https:\/\/inkskin.nl\/fr\/wp-json\/wp\/v2\/types\/product"}],"version-history":[{"count":0,"href":"https:\/\/inkskin.nl\/fr\/wp-json\/wp\/v2\/product\/2368\/revisions"}],"wp:featuredmedia":[{"embeddable":true,"href":"https:\/\/inkskin.nl\/fr\/wp-json\/wp\/v2\/media\/1472"}],"wp:attachment":[{"href":"https:\/\/inkskin.nl\/fr\/wp-json\/wp\/v2\/media?parent=2368"}],"wp:term":[{"taxonomy":"product_brand","embeddable":true,"href":"https:\/\/inkskin.nl\/fr\/wp-json\/wp\/v2\/product_brand?post=2368"},{"taxonomy":"product_cat","embeddable":true,"href":"https:\/\/inkskin.nl\/fr\/wp-json\/wp\/v2\/product_cat?post=2368"},{"taxonomy":"product_tag","embeddable":true,"href":"https:\/\/inkskin.nl\/fr\/wp-json\/wp\/v2\/product_tag?post=2368"}],"curies":[{"name":"wp","href":"https:\/\/api.w.org\/{rel}","templated":true}]}}