{"id":2367,"date":"2024-03-27T09:47:33","date_gmt":"2024-03-27T09:47:33","guid":{"rendered":"https:\/\/inkskin.nl\/products\/world-famous-limitless-orange-fonce-1-30ml\/"},"modified":"2024-03-27T09:47:33","modified_gmt":"2024-03-27T09:47:33","slug":"world-famous-limitless-orange-fonce-1-30ml","status":"publish","type":"product","link":"https:\/\/inkskin.nl\/fr\/products\/world-famous-limitless-orange-fonce-1-30ml\/","title":{"rendered":"World Famous Limitless &#8211; Orange fonc\u00e9 1. 30ml"},"content":{"rendered":"<p>Vous \u00eates \u00e0 la recherche de la cr\u00e8me de la cr\u00e8me dans le monde de l&rsquo;encre de tatouage ? Ne cherchez plus, car World Famous est l\u00e0 pour exaucer vos v\u0153ux ! Connue pour sa qualit\u00e9 sup\u00e9rieure, cette marque r\u00e9volutionnaire est r\u00e9put\u00e9e pour \u00eatre l&rsquo;une des marques d&rsquo;encre de tatouage les plus renomm\u00e9es au monde.  <\/p>\n<p>  Laissez-vous inspirer par les possibilit\u00e9s infinies de la gamme Limitless, connue dans le monde entier. Que vous recherchiez des couleurs \u00e9clatantes ou des teintes subtiles, cette encre a tout pour plaire. De plus, toutes les encres de tatouage de cette s\u00e9rie sont conformes aux directives strictes de l&rsquo;UE &#8211; REACH. Vous pouvez donc profiter de votre nouvelle \u0153uvre d&rsquo;art en toute s\u00e9r\u00e9nit\u00e9, en sachant que vous avez utilis\u00e9 une encre de la plus haute qualit\u00e9.<\/p>\n<p>  Faites une d\u00e9claration avec votre tatouage et choisissez la qualit\u00e9 in\u00e9gal\u00e9e de World Famous. Il est temps de faire passer votre jeu de tatouage au niveau sup\u00e9rieur !<\/p>\n<p><strong>Qu&rsquo;est-ce qui diff\u00e9rencie l&rsquo;encre de tatouage World Famous des autres marques ?<\/strong><br \/>\n  L&rsquo;encre de tatouage World Famous est connue pour sa qualit\u00e9 sup\u00e9rieure et a la r\u00e9putation d&rsquo;\u00eatre l&rsquo;une des marques d&rsquo;encre de tatouage les plus renomm\u00e9es au monde. Elle offre des couleurs vibrantes et des teintes subtiles, et respecte les directives strictes de l&rsquo;UE &#8211; REACH, ce qui en fait l&rsquo;encre de la plus haute qualit\u00e9 que vous puissiez utiliser pour votre tatouage.<\/p>\n<p><strong>Les couleurs de la gamme World Famous Limitless sont-elles durables et \u00e9clatantes ?<\/strong><br \/>\n  Oui, la gamme Limitless, c\u00e9l\u00e8bre dans le monde entier, offre des couleurs durables et \u00e9clatantes. Que vous recherchiez des couleurs \u00e9clatantes ou des teintes subtiles, cette encre a tout pour plaire. La marque est connue pour ses possibilit\u00e9s infinies et vous pouvez \u00eatre s\u00fbr que votre tatouage sera beau pendant longtemps.<\/p>\n<p><strong>Les encres de tatouage de World Famous peuvent-elles \u00eatre utilis\u00e9es sans danger sur la peau ?<\/strong><br \/>\n  Oui, les encres de tatouage World Famous peuvent \u00eatre utilis\u00e9es en toute s\u00e9curit\u00e9 sur la peau. Toutes les encres de tatouage de la gamme Limitless de World Famous sont conformes aux directives strictes de l&rsquo;UE &#8211; REACH, ce qui signifie qu&rsquo;elles peuvent \u00eatre utilis\u00e9es en toute s\u00e9curit\u00e9 sur la peau. Vous pouvez profiter de votre nouvelle \u0153uvre d&rsquo;art en toute s\u00e9r\u00e9nit\u00e9, sachant que vous avez utilis\u00e9 une encre de la plus haute qualit\u00e9 qui r\u00e9pond aux normes de s\u00e9curit\u00e9 n\u00e9cessaires.<\/p>\n","protected":false},"excerpt":{"rendered":"<p>Vous \u00eates \u00e0 la recherche de la cr\u00e8me de la cr\u00e8me dans le monde de l&rsquo;encre de tatouage ? Ne cherchez plus, car World Famous est l\u00e0 pour exaucer vos v\u0153ux ! Connue pour sa qualit\u00e9 sup\u00e9rieure, cette marque r\u00e9volutionnaire est r\u00e9put\u00e9e pour \u00eatre l&rsquo;une des marques d&rsquo;encre de tatouage les plus renomm\u00e9es au monde. [&hellip;]<\/p>\n","protected":false},"featured_media":1477,"template":"","meta":{"_acf_changed":false},"product_brand":[],"product_cat":[245,181],"product_tag":[246,184,249],"class_list":{"0":"post-2367","1":"product","2":"type-product","3":"status-publish","4":"has-post-thumbnail","6":"product_cat-celebre-dans-le-monde-entier-limitless","7":"product_cat-encre-de-tatouage","8":"product_tag-celebre-dans-le-monde-entier-limitless","9":"product_tag-couleur","10":"product_tag-encre-fr","12":"first","13":"instock","14":"taxable","15":"shipping-taxable","16":"purchasable","17":"product-type-simple"},"ams_default_variation_id":0,"ams_product_points_reward":[],"ams_product_discount_percentage":0,"ams_price_to_display":18,"ams_acf":[],"acf":[],"_links":{"self":[{"href":"https:\/\/inkskin.nl\/fr\/wp-json\/wp\/v2\/product\/2367","targetHints":{"allow":["GET"]}}],"collection":[{"href":"https:\/\/inkskin.nl\/fr\/wp-json\/wp\/v2\/product"}],"about":[{"href":"https:\/\/inkskin.nl\/fr\/wp-json\/wp\/v2\/types\/product"}],"version-history":[{"count":0,"href":"https:\/\/inkskin.nl\/fr\/wp-json\/wp\/v2\/product\/2367\/revisions"}],"wp:featuredmedia":[{"embeddable":true,"href":"https:\/\/inkskin.nl\/fr\/wp-json\/wp\/v2\/media\/1477"}],"wp:attachment":[{"href":"https:\/\/inkskin.nl\/fr\/wp-json\/wp\/v2\/media?parent=2367"}],"wp:term":[{"taxonomy":"product_brand","embeddable":true,"href":"https:\/\/inkskin.nl\/fr\/wp-json\/wp\/v2\/product_brand?post=2367"},{"taxonomy":"product_cat","embeddable":true,"href":"https:\/\/inkskin.nl\/fr\/wp-json\/wp\/v2\/product_cat?post=2367"},{"taxonomy":"product_tag","embeddable":true,"href":"https:\/\/inkskin.nl\/fr\/wp-json\/wp\/v2\/product_tag?post=2367"}],"curies":[{"name":"wp","href":"https:\/\/api.w.org\/{rel}","templated":true}]}}