{"id":2366,"date":"2024-03-27T09:47:30","date_gmt":"2024-03-27T09:47:30","guid":{"rendered":"https:\/\/inkskin.nl\/products\/world-famous-limitless-dark-pink-1-v2-30ml\/"},"modified":"2024-03-27T09:47:30","modified_gmt":"2024-03-27T09:47:30","slug":"world-famous-limitless-dark-pink-1-v2-30ml","status":"publish","type":"product","link":"https:\/\/inkskin.nl\/fr\/products\/world-famous-limitless-dark-pink-1-v2-30ml\/","title":{"rendered":"World Famous Limitless &#8211; Dark Pink 1 v2. 30ml"},"content":{"rendered":"<p>Vous cherchez la cr\u00e8me de la cr\u00e8me de l&rsquo;encre de tatouage ? Ne cherchez plus, car World Famous Limitless est la r\u00e9ponse \u00e0 tous vos r\u00eaves de tatouage ! Cette marque r\u00e9volutionnaire est connue dans le monde entier pour ses encres de qualit\u00e9 sup\u00e9rieure.  <\/p>\n<p>  Avec la gamme Limitless de World Famous, vous \u00eates assur\u00e9 d&rsquo;avoir des tatouages qui r\u00e9pondent aux normes les plus \u00e9lev\u00e9es. En fait, toutes les encres de tatouage de cette s\u00e9rie sont conformes aux directives REACH de l&rsquo;UE. Vous pouvez donc profiter en toute confiance d&rsquo;une belle \u0153uvre d&rsquo;art sur votre corps sans vous soucier des substances nocives.<\/p>\n<p>  Que vous recherchiez des couleurs intenses ou des nuances subtiles, World Famous Limitless a de quoi satisfaire tout le monde. Lib\u00e9rez votre cr\u00e9ativit\u00e9 et faites de votre tatouage un v\u00e9ritable accroche-regard.<\/p>\n<p>  Choisissez la qualit\u00e9, choisissez World Famous Limitless !<\/p>\n<p><strong>Quelles sont les directives REACH de l&rsquo;UE auxquelles l&rsquo;encre World Famous Limitless est conforme ?<\/strong><br \/>\n  L&rsquo;UE &#8211; Les directives REACH sont des r\u00e8gles europ\u00e9ennes qui garantissent la s\u00e9curit\u00e9 des produits chimiques. L&rsquo;encre World Famous Limitless r\u00e9pond \u00e0 ces directives, ce qui signifie qu&rsquo;elle ne contient aucune substance nocive susceptible de nuire \u00e0 votre sant\u00e9.<\/p>\n<p><strong>Quel type de couleurs offre World Famous Limitless ?<\/strong><br \/>\n  World Famous Limitless offre une large gamme d&rsquo;options de couleurs. Que vous recherchiez des couleurs intenses et vibrantes ou des nuances subtiles et douces, World Famous Limitless a de quoi satisfaire tout le monde.<\/p>\n<p><strong>Qu&rsquo;est-ce qui fait la r\u00e9putation de World Famous Limitless ?<\/strong><br \/>\n  World Famous Limitless est connu dans le monde entier pour ses encres de qualit\u00e9 sup\u00e9rieure. Cette marque r\u00e9volutionnaire propose des encres de tatouage de la plus haute qualit\u00e9. Avec World Famous Limitless, vous \u00eates assur\u00e9 d&rsquo;avoir une belle \u0153uvre d&rsquo;art sur votre corps sans vous soucier des substances nocives.<\/p>\n","protected":false},"excerpt":{"rendered":"<p>Vous cherchez la cr\u00e8me de la cr\u00e8me de l&rsquo;encre de tatouage ? Ne cherchez plus, car World Famous Limitless est la r\u00e9ponse \u00e0 tous vos r\u00eaves de tatouage ! Cette marque r\u00e9volutionnaire est connue dans le monde entier pour ses encres de qualit\u00e9 sup\u00e9rieure. Avec la gamme Limitless de World Famous, vous \u00eates assur\u00e9 d&rsquo;avoir [&hellip;]<\/p>\n","protected":false},"featured_media":1476,"template":"","meta":{"_acf_changed":false},"product_brand":[],"product_cat":[245,181],"product_tag":[246,184,249],"class_list":{"0":"post-2366","1":"product","2":"type-product","3":"status-publish","4":"has-post-thumbnail","6":"product_cat-celebre-dans-le-monde-entier-limitless","7":"product_cat-encre-de-tatouage","8":"product_tag-celebre-dans-le-monde-entier-limitless","9":"product_tag-couleur","10":"product_tag-encre-fr","12":"first","13":"instock","14":"taxable","15":"shipping-taxable","16":"purchasable","17":"product-type-simple"},"ams_default_variation_id":0,"ams_product_points_reward":[],"ams_product_discount_percentage":0,"ams_price_to_display":18,"ams_acf":[],"acf":[],"_links":{"self":[{"href":"https:\/\/inkskin.nl\/fr\/wp-json\/wp\/v2\/product\/2366","targetHints":{"allow":["GET"]}}],"collection":[{"href":"https:\/\/inkskin.nl\/fr\/wp-json\/wp\/v2\/product"}],"about":[{"href":"https:\/\/inkskin.nl\/fr\/wp-json\/wp\/v2\/types\/product"}],"version-history":[{"count":0,"href":"https:\/\/inkskin.nl\/fr\/wp-json\/wp\/v2\/product\/2366\/revisions"}],"wp:featuredmedia":[{"embeddable":true,"href":"https:\/\/inkskin.nl\/fr\/wp-json\/wp\/v2\/media\/1476"}],"wp:attachment":[{"href":"https:\/\/inkskin.nl\/fr\/wp-json\/wp\/v2\/media?parent=2366"}],"wp:term":[{"taxonomy":"product_brand","embeddable":true,"href":"https:\/\/inkskin.nl\/fr\/wp-json\/wp\/v2\/product_brand?post=2366"},{"taxonomy":"product_cat","embeddable":true,"href":"https:\/\/inkskin.nl\/fr\/wp-json\/wp\/v2\/product_cat?post=2366"},{"taxonomy":"product_tag","embeddable":true,"href":"https:\/\/inkskin.nl\/fr\/wp-json\/wp\/v2\/product_tag?post=2366"}],"curies":[{"name":"wp","href":"https:\/\/api.w.org\/{rel}","templated":true}]}}