{"id":2365,"date":"2024-03-27T09:47:14","date_gmt":"2024-03-27T09:47:14","guid":{"rendered":"https:\/\/inkskin.nl\/products\/world-famous-limitless-light-flesh-1-v2-30ml\/"},"modified":"2024-03-27T09:47:14","modified_gmt":"2024-03-27T09:47:14","slug":"world-famous-limitless-light-flesh-1-v2-30ml","status":"publish","type":"product","link":"https:\/\/inkskin.nl\/fr\/products\/world-famous-limitless-light-flesh-1-v2-30ml\/","title":{"rendered":"World Famous Limitless &#8211; Light Flesh 1 v2. 30ml"},"content":{"rendered":"<p>Vous cherchez la cr\u00e8me de la cr\u00e8me de l&rsquo;encre de tatouage ? Ne cherchez pas plus loin ! Rencontrez World Famous Limitless, la marque d&rsquo;encre de tatouage la plus r\u00e9volutionnaire au monde. Reconnue pour sa qualit\u00e9 sup\u00e9rieure, cette encre est utilis\u00e9e par les meilleurs tatoueurs du monde.<\/p>\n<p>  Qu&rsquo;est-ce qui rend World Famous Limitless si sp\u00e9cial ? Tout d&rsquo;abord, cette encre est conforme aux directives EU-REACH, ce qui signifie que vous pouvez profiter de votre beau tatouage en toute tranquillit\u00e9. Il offre \u00e9galement une large gamme de couleurs, ce qui vous permet de laisser libre cours \u00e0 votre cr\u00e9ativit\u00e9. Que vous recherchiez des nuances vibrantes et intenses ou des couleurs subtiles et \u00e9l\u00e9gantes, World Famous Limitless a tout ce qu&rsquo;il vous faut.<\/p>\n<p>  Choisissez les encres de World Famous Limitless et faites une d\u00e9claration avec votre tatouage. Osez \u00eatre diff\u00e9rent, osez \u00eatre unique. Laissez votre corps s&rsquo;exprimer avec la qualit\u00e9 in\u00e9gal\u00e9e de World Famous Limitless.<\/p>\n<p><strong>L&rsquo;encre de tatouage World Famous Limitless est-elle conforme aux directives de s\u00e9curit\u00e9 ?<\/strong><br \/>\n  Oui, l&rsquo;encre de tatouage World Famous Limitless est conforme aux directives EU-REACH, ce qui signifie qu&rsquo;elle peut \u00eatre utilis\u00e9e en toute s\u00e9curit\u00e9 et que vous pouvez profiter de votre beau tatouage en toute tranquillit\u00e9.<\/p>\n<p><strong>World Famous Limitless offre-t-il une large gamme de couleurs ?<\/strong><br \/>\n  Oui, l&rsquo;encre de tatouage World Famous Limitless offre une large gamme de couleurs, ce qui vous permet de laisser libre cours \u00e0 votre cr\u00e9ativit\u00e9. Que vous recherchiez des nuances vibrantes et intenses ou des couleurs subtiles et \u00e9l\u00e9gantes, World Famous Limitless a tout ce qu&rsquo;il vous faut.<\/p>\n<p><strong>L&rsquo;encre World Famous Limitless est-elle utilis\u00e9e par des tatoueurs c\u00e9l\u00e8bres ?<\/strong><br \/>\n  Oui, l&rsquo;encre de tatouage World Famous Limitless est utilis\u00e9e par les meilleurs tatoueurs du monde. Connue pour sa qualit\u00e9 sup\u00e9rieure, elle est consid\u00e9r\u00e9e comme la marque d&rsquo;encre de tatouage la plus r\u00e9volutionnaire au monde.<\/p>\n","protected":false},"excerpt":{"rendered":"<p>Vous cherchez la cr\u00e8me de la cr\u00e8me de l&rsquo;encre de tatouage ? Ne cherchez pas plus loin ! Rencontrez World Famous Limitless, la marque d&rsquo;encre de tatouage la plus r\u00e9volutionnaire au monde. Reconnue pour sa qualit\u00e9 sup\u00e9rieure, cette encre est utilis\u00e9e par les meilleurs tatoueurs du monde. Qu&rsquo;est-ce qui rend World Famous Limitless si sp\u00e9cial [&hellip;]<\/p>\n","protected":false},"featured_media":1471,"template":"","meta":{"_acf_changed":false},"product_brand":[],"product_cat":[245,181],"product_tag":[246,184,249],"class_list":{"0":"post-2365","1":"product","2":"type-product","3":"status-publish","4":"has-post-thumbnail","6":"product_cat-celebre-dans-le-monde-entier-limitless","7":"product_cat-encre-de-tatouage","8":"product_tag-celebre-dans-le-monde-entier-limitless","9":"product_tag-couleur","10":"product_tag-encre-fr","12":"first","13":"instock","14":"taxable","15":"shipping-taxable","16":"purchasable","17":"product-type-simple"},"ams_default_variation_id":0,"ams_product_points_reward":[],"ams_product_discount_percentage":0,"ams_price_to_display":18,"ams_acf":[],"acf":[],"_links":{"self":[{"href":"https:\/\/inkskin.nl\/fr\/wp-json\/wp\/v2\/product\/2365","targetHints":{"allow":["GET"]}}],"collection":[{"href":"https:\/\/inkskin.nl\/fr\/wp-json\/wp\/v2\/product"}],"about":[{"href":"https:\/\/inkskin.nl\/fr\/wp-json\/wp\/v2\/types\/product"}],"version-history":[{"count":0,"href":"https:\/\/inkskin.nl\/fr\/wp-json\/wp\/v2\/product\/2365\/revisions"}],"wp:featuredmedia":[{"embeddable":true,"href":"https:\/\/inkskin.nl\/fr\/wp-json\/wp\/v2\/media\/1471"}],"wp:attachment":[{"href":"https:\/\/inkskin.nl\/fr\/wp-json\/wp\/v2\/media?parent=2365"}],"wp:term":[{"taxonomy":"product_brand","embeddable":true,"href":"https:\/\/inkskin.nl\/fr\/wp-json\/wp\/v2\/product_brand?post=2365"},{"taxonomy":"product_cat","embeddable":true,"href":"https:\/\/inkskin.nl\/fr\/wp-json\/wp\/v2\/product_cat?post=2365"},{"taxonomy":"product_tag","embeddable":true,"href":"https:\/\/inkskin.nl\/fr\/wp-json\/wp\/v2\/product_tag?post=2365"}],"curies":[{"name":"wp","href":"https:\/\/api.w.org\/{rel}","templated":true}]}}