{"id":2364,"date":"2024-06-04T09:43:37","date_gmt":"2024-06-04T09:43:37","guid":{"rendered":"https:\/\/inkskin.nl\/products\/pochoir-proton-noir-250ml\/"},"modified":"2024-06-04T09:43:37","modified_gmt":"2024-06-04T09:43:37","slug":"pochoir-proton-noir-250ml","status":"publish","type":"product","link":"https:\/\/inkskin.nl\/fr\/products\/pochoir-proton-noir-250ml\/","title":{"rendered":"Pochoir Proton noir 250ML"},"content":{"rendered":"<p>Proton Black Label Professional Stencil Primer Airless System est un liquide pour pochoir de premi\u00e8re qualit\u00e9 qui maintient votre pochoir en place pendant plus de 15 heures.<\/p>\n<p>Le parfum de vanille et de tabac du produit Black Label ajoute une touche d&rsquo;\u00e9l\u00e9gance \u00e0 l&rsquo;exp\u00e9rience du tatouage.Le Stencil Primer est conditionn\u00e9 dans un syst\u00e8me airless unique qui vous permet de pousser rapidement le produit sans en gaspiller une goutte.Proton a d\u00e9velopp\u00e9 cette formule unique apr\u00e8s des tests intensifs avec des artistes tatoueurs pour s&rsquo;assurer que le produit r\u00e9pond \u00e0 toutes les exigences d&rsquo;un excellent Stencil Primer.<\/p>\n<p>Le liquide du pochoir forme une fine couche cireuse sur la peau qui maintient le pochoir en place. Le produit est fabriqu\u00e9 en Espagne \u00e0 partir d&rsquo;ingr\u00e9dients de haute qualit\u00e9 et dans le respect de normes d&rsquo;hygi\u00e8ne strictes. Il est 100 % v\u00e9g\u00e9talien.<\/p>\n<p>Le syst\u00e8me airless Proton Professional Stencil Primer est disponible en noir, bleu et rose.<\/p>\n","protected":false},"excerpt":{"rendered":"<p>Proton Black Label Professional Stencil Primer Airless System est un liquide pour pochoir de premi\u00e8re qualit\u00e9 qui maintient votre pochoir en place pendant plus de 15 heures. Le parfum de vanille et de tabac du produit Black Label ajoute une touche d&rsquo;\u00e9l\u00e9gance \u00e0 l&rsquo;exp\u00e9rience du tatouage.Le Stencil Primer est conditionn\u00e9 dans un syst\u00e8me airless unique [&hellip;]<\/p>\n","protected":false},"featured_media":2011,"template":"","meta":{"_acf_changed":false},"product_brand":[],"product_cat":[207],"product_tag":[],"class_list":{"0":"post-2364","1":"product","2":"type-product","3":"status-publish","4":"has-post-thumbnail","6":"product_cat-fournitures-pour-pochoirs","8":"first","9":"instock","10":"taxable","11":"shipping-taxable","12":"purchasable","13":"product-type-simple"},"ams_default_variation_id":0,"ams_product_points_reward":[],"ams_product_discount_percentage":0,"ams_price_to_display":26,"ams_acf":[],"acf":[],"_links":{"self":[{"href":"https:\/\/inkskin.nl\/fr\/wp-json\/wp\/v2\/product\/2364","targetHints":{"allow":["GET"]}}],"collection":[{"href":"https:\/\/inkskin.nl\/fr\/wp-json\/wp\/v2\/product"}],"about":[{"href":"https:\/\/inkskin.nl\/fr\/wp-json\/wp\/v2\/types\/product"}],"version-history":[{"count":0,"href":"https:\/\/inkskin.nl\/fr\/wp-json\/wp\/v2\/product\/2364\/revisions"}],"wp:featuredmedia":[{"embeddable":true,"href":"https:\/\/inkskin.nl\/fr\/wp-json\/wp\/v2\/media\/2011"}],"wp:attachment":[{"href":"https:\/\/inkskin.nl\/fr\/wp-json\/wp\/v2\/media?parent=2364"}],"wp:term":[{"taxonomy":"product_brand","embeddable":true,"href":"https:\/\/inkskin.nl\/fr\/wp-json\/wp\/v2\/product_brand?post=2364"},{"taxonomy":"product_cat","embeddable":true,"href":"https:\/\/inkskin.nl\/fr\/wp-json\/wp\/v2\/product_cat?post=2364"},{"taxonomy":"product_tag","embeddable":true,"href":"https:\/\/inkskin.nl\/fr\/wp-json\/wp\/v2\/product_tag?post=2364"}],"curies":[{"name":"wp","href":"https:\/\/api.w.org\/{rel}","templated":true}]}}