{"id":2363,"date":"2024-03-27T09:51:16","date_gmt":"2024-03-27T09:51:16","guid":{"rendered":"https:\/\/inkskin.nl\/products\/emalla-1013-mgl\/"},"modified":"2024-03-27T09:51:16","modified_gmt":"2024-03-27T09:51:16","slug":"emalla-1013-mgl","status":"publish","type":"product","link":"https:\/\/inkskin.nl\/fr\/products\/emalla-1013-mgl\/","title":{"rendered":"Emalla 1013 MGL"},"content":{"rendered":"<p>Vous m\u00e9ritez ce qu&rsquo;il y a de mieux pour votre machine \u00e0 tatouer. C&rsquo;est pourquoi nous avons le plaisir de vous pr\u00e9senter les cartouches Emmalla Eliot. Ces aiguilles de haute qualit\u00e9 sont fabriqu\u00e9es en acier inoxydable japonais import\u00e9 de la meilleure qualit\u00e9. Les pointes des aiguilles sont ac\u00e9r\u00e9es et parfaitement dispos\u00e9es, ce qui vous permet de r\u00e9aliser sans effort les plus beaux tatouages.<\/p>\n<p>  La s\u00e9curit\u00e9 est notre priorit\u00e9 absolue, c&rsquo;est pourquoi la coque est fabriqu\u00e9e en PC de qualit\u00e9 m\u00e9dicale, qui est encore plus s\u00fbr que le PVC. Le syst\u00e8me de membrane offre une flexibilit\u00e9 douce et forte, gr\u00e2ce au mat\u00e9riau de la membrane avec 4 barres \u00e9paissies pour une durabilit\u00e9 suppl\u00e9mentaire.<\/p>\n<p>  Les cartouches Emmalla Eliot vous offrent une grande capacit\u00e9 de stockage d&rsquo;encre et un d\u00e9bit d&rsquo;encre r\u00e9gulier et uniforme, sans jets d&rsquo;encre ni \u00e9claboussures g\u00eanantes. La barre en plastique de forme carr\u00e9e assure une fixation stable des aiguilles et une meilleure stabilit\u00e9 de l&rsquo;aiguille pendant le tatouage. De plus, la membrane de s\u00e9curit\u00e9 \u00e0 trois couches est con\u00e7ue pour emp\u00eacher le reflux de l&rsquo;encre, prot\u00e9geant ainsi davantage votre machine \u00e0 tatouer.<\/p>\n<p>  Les cartouches Emmalla Eliot sont fabriqu\u00e9es avec pr\u00e9cision et sont 100% hygi\u00e9niques. Ils sont st\u00e9rilis\u00e9s au gaz E.O. et r\u00e9pondent aux normes de qualit\u00e9 les plus \u00e9lev\u00e9es. Avec le long c\u00f4ne Magnum et l&rsquo;\u00e9paisseur d&rsquo;aiguille 10 (0,30 mm), vous avez la garantie d&rsquo;obtenir les meilleurs r\u00e9sultats. Choisissez les cartouches Emmalla Eliot et faites l&rsquo;exp\u00e9rience de la diff\u00e9rence pendant le tatouage.<\/p>\n<p><strong>Les cartouches Emmalla Eliot conviennent-elles \u00e0 toutes les machines \u00e0 tatouer ?<\/strong><br \/>\n  Oui, les cartouches Emmalla Eliot sont compatibles avec la plupart des machines \u00e0 tatouer qui acceptent les cartouches.<\/p>\n<p><strong>Quelle est la dur\u00e9e de vie d&rsquo;une cartouche Emmalla Eliot ?<\/strong><br \/>\n  La dur\u00e9e de vie d&rsquo;une cartouche Emmalla Eliot peut varier en fonction de divers facteurs tels que le type de tatouage et la technique d&rsquo;aiguilletage, mais elle dure g\u00e9n\u00e9ralement plusieurs s\u00e9ances avant de devoir \u00eatre remplac\u00e9e.<\/p>\n<p><strong>Les cartouches Emmalla Eliot conviennent-elles aux tatoueurs d\u00e9butants et exp\u00e9riment\u00e9s ?<\/strong><br \/>\n  Oui, les cartouches Emmalla Eliot conviennent aussi bien aux d\u00e9butants qu&rsquo;aux tatoueurs exp\u00e9riment\u00e9s. Ils sont con\u00e7us avec pr\u00e9cision et offrent un flux d&rsquo;encre lisse et uniforme, ce qui permet de cr\u00e9er de beaux tatouages quel que soit le niveau de comp\u00e9tence du tatoueur.<\/p>\n","protected":false},"excerpt":{"rendered":"<p>Vous m\u00e9ritez ce qu&rsquo;il y a de mieux pour votre machine \u00e0 tatouer. C&rsquo;est pourquoi nous avons le plaisir de vous pr\u00e9senter les cartouches Emmalla Eliot. Ces aiguilles de haute qualit\u00e9 sont fabriqu\u00e9es en acier inoxydable japonais import\u00e9 de la meilleure qualit\u00e9. Les pointes des aiguilles sont ac\u00e9r\u00e9es et parfaitement dispos\u00e9es, ce qui vous permet [&hellip;]<\/p>\n","protected":false},"featured_media":1893,"template":"","meta":{"_acf_changed":false},"product_brand":[],"product_cat":[160,161],"product_tag":[169,164,167,177],"class_list":{"0":"post-2363","1":"product","2":"type-product","3":"status-publish","4":"has-post-thumbnail","6":"product_cat-aiguilles-cartouche","7":"product_cat-cartouches-emalla","8":"product_tag-030-mm-fr","9":"product_tag-cone-long-fr","10":"product_tag-epaisseur-de-laiguille-10","11":"product_tag-magnum-fr-2","13":"first","14":"instock","15":"taxable","16":"shipping-taxable","17":"purchasable","18":"product-type-simple"},"ams_default_variation_id":0,"ams_product_points_reward":[],"ams_product_discount_percentage":0,"ams_price_to_display":28.5,"ams_acf":[],"acf":[],"_links":{"self":[{"href":"https:\/\/inkskin.nl\/fr\/wp-json\/wp\/v2\/product\/2363","targetHints":{"allow":["GET"]}}],"collection":[{"href":"https:\/\/inkskin.nl\/fr\/wp-json\/wp\/v2\/product"}],"about":[{"href":"https:\/\/inkskin.nl\/fr\/wp-json\/wp\/v2\/types\/product"}],"version-history":[{"count":0,"href":"https:\/\/inkskin.nl\/fr\/wp-json\/wp\/v2\/product\/2363\/revisions"}],"wp:featuredmedia":[{"embeddable":true,"href":"https:\/\/inkskin.nl\/fr\/wp-json\/wp\/v2\/media\/1893"}],"wp:attachment":[{"href":"https:\/\/inkskin.nl\/fr\/wp-json\/wp\/v2\/media?parent=2363"}],"wp:term":[{"taxonomy":"product_brand","embeddable":true,"href":"https:\/\/inkskin.nl\/fr\/wp-json\/wp\/v2\/product_brand?post=2363"},{"taxonomy":"product_cat","embeddable":true,"href":"https:\/\/inkskin.nl\/fr\/wp-json\/wp\/v2\/product_cat?post=2363"},{"taxonomy":"product_tag","embeddable":true,"href":"https:\/\/inkskin.nl\/fr\/wp-json\/wp\/v2\/product_tag?post=2363"}],"curies":[{"name":"wp","href":"https:\/\/api.w.org\/{rel}","templated":true}]}}