{"id":2360,"date":"2024-03-27T09:51:14","date_gmt":"2024-03-27T09:51:14","guid":{"rendered":"https:\/\/inkskin.nl\/products\/emalla-1014-rll\/"},"modified":"2024-03-27T09:51:14","modified_gmt":"2024-03-27T09:51:14","slug":"emalla-1014-rll","status":"publish","type":"product","link":"https:\/\/inkskin.nl\/fr\/products\/emalla-1014-rll\/","title":{"rendered":"Emalla 1014 RLL"},"content":{"rendered":"<p>Vous m\u00e9ritez ce qu&rsquo;il y a de mieux pour votre machine \u00e0 tatouer. C&rsquo;est pourquoi nous avons d\u00e9velopp\u00e9 les cartouches Emmalla Eliot, le produit ultime pour les tatoueurs professionnels comme vous.  <\/p>\n<p>  Gr\u00e2ce \u00e0 des aiguilles japonaises en acier inoxydable import\u00e9es et de haute qualit\u00e9, dot\u00e9es de pointes ac\u00e9r\u00e9es et bien dispos\u00e9es, nos cartouches offrent une pr\u00e9cision et une exactitude in\u00e9gal\u00e9es. La coque est fabriqu\u00e9e en PC m\u00e9dical, ce qui offre plus de s\u00e9curit\u00e9 que le PVC.  <\/p>\n<p>  Notre syst\u00e8me de membrane, \u00e0 la fois souple et tr\u00e8s flexible, assure un flux d&rsquo;encre r\u00e9gulier et uniforme, sans jets d&rsquo;encre ni \u00e9claboussures. En outre, la membrane de s\u00e9curit\u00e9 \u00e0 trois couches emp\u00eache l&rsquo;encre de refluer, prot\u00e9geant ainsi votre machine \u00e0 tatouer.  <\/p>\n<p>  Les cartouches Emmalla Eliot sont \u00e9galement tr\u00e8s r\u00e9sistantes, gr\u00e2ce au mat\u00e9riau de la membrane avec 4 tiges \u00e9paisses. Et gr\u00e2ce \u00e0 la grande capacit\u00e9 de stockage de l&rsquo;encre, vous n&rsquo;avez pas \u00e0 vous soucier de la recharger r\u00e9guli\u00e8rement.  <\/p>\n<p>  Choisissez la pr\u00e9cision, la s\u00e9curit\u00e9 et la durabilit\u00e9 avec les cartouches Eliot d&rsquo;Emmalla. Votre partenaire id\u00e9al pour cr\u00e9er des tatouages \u00e0 couper le souffle.<\/p>\n<p><strong>Quel type de pointe d&rsquo;aiguille est utilis\u00e9 dans les cartouches Emmalla Eliot ?<\/strong><br \/>\n  Les cartouches Emmalla Eliot utilisent des aiguilles japonaises import\u00e9es en acier inoxydable de haute qualit\u00e9, avec des pointes d&rsquo;aiguille ac\u00e9r\u00e9es et une disposition soign\u00e9e.<\/p>\n<p><strong>Le mat\u00e9riau de la coque peut-il \u00eatre utilis\u00e9 sans danger dans une machine \u00e0 tatouer ?<\/strong><br \/>\n  Oui, la coque des cartouches Emmalla Eliot est fabriqu\u00e9e en PC m\u00e9dical, qui offre plus de s\u00e9curit\u00e9 que le PVC.<\/p>\n<p><strong>Les cartouches Emmalla Eliot offrent-elles un d\u00e9bit d&rsquo;encre constant et r\u00e9gulier ?<\/strong><br \/>\n  Oui, le syst\u00e8me de membrane des cartouches Emmalla Eliot garantit un flux d&rsquo;encre r\u00e9gulier et uniforme, sans jets d&rsquo;encre ni \u00e9claboussures. La conception de la membrane de s\u00e9curit\u00e9 \u00e0 trois couches emp\u00eache \u00e9galement le reflux de l&rsquo;encre, ce qui permet de mieux prot\u00e9ger votre machine \u00e0 tatouer.<\/p>\n","protected":false},"excerpt":{"rendered":"<p>Vous m\u00e9ritez ce qu&rsquo;il y a de mieux pour votre machine \u00e0 tatouer. C&rsquo;est pourquoi nous avons d\u00e9velopp\u00e9 les cartouches Emmalla Eliot, le produit ultime pour les tatoueurs professionnels comme vous. Gr\u00e2ce \u00e0 des aiguilles japonaises en acier inoxydable import\u00e9es et de haute qualit\u00e9, dot\u00e9es de pointes ac\u00e9r\u00e9es et bien dispos\u00e9es, nos cartouches offrent une [&hellip;]<\/p>\n","protected":false},"featured_media":1893,"template":"","meta":{"_acf_changed":false},"product_brand":[],"product_cat":[160,161],"product_tag":[169,164,174,167],"class_list":{"0":"post-2360","1":"product","2":"type-product","3":"status-publish","4":"has-post-thumbnail","6":"product_cat-aiguilles-cartouche","7":"product_cat-cartouches-emalla","8":"product_tag-030-mm-fr","9":"product_tag-cone-long-fr","10":"product_tag-doublure-ronde-fr","11":"product_tag-epaisseur-de-laiguille-10","13":"first","14":"instock","15":"taxable","16":"shipping-taxable","17":"purchasable","18":"product-type-simple"},"ams_default_variation_id":0,"ams_product_points_reward":[],"ams_product_discount_percentage":0,"ams_price_to_display":28.5,"ams_acf":[],"acf":[],"_links":{"self":[{"href":"https:\/\/inkskin.nl\/fr\/wp-json\/wp\/v2\/product\/2360","targetHints":{"allow":["GET"]}}],"collection":[{"href":"https:\/\/inkskin.nl\/fr\/wp-json\/wp\/v2\/product"}],"about":[{"href":"https:\/\/inkskin.nl\/fr\/wp-json\/wp\/v2\/types\/product"}],"version-history":[{"count":0,"href":"https:\/\/inkskin.nl\/fr\/wp-json\/wp\/v2\/product\/2360\/revisions"}],"wp:featuredmedia":[{"embeddable":true,"href":"https:\/\/inkskin.nl\/fr\/wp-json\/wp\/v2\/media\/1893"}],"wp:attachment":[{"href":"https:\/\/inkskin.nl\/fr\/wp-json\/wp\/v2\/media?parent=2360"}],"wp:term":[{"taxonomy":"product_brand","embeddable":true,"href":"https:\/\/inkskin.nl\/fr\/wp-json\/wp\/v2\/product_brand?post=2360"},{"taxonomy":"product_cat","embeddable":true,"href":"https:\/\/inkskin.nl\/fr\/wp-json\/wp\/v2\/product_cat?post=2360"},{"taxonomy":"product_tag","embeddable":true,"href":"https:\/\/inkskin.nl\/fr\/wp-json\/wp\/v2\/product_tag?post=2360"}],"curies":[{"name":"wp","href":"https:\/\/api.w.org\/{rel}","templated":true}]}}