{"id":2358,"date":"2024-03-27T09:51:18","date_gmt":"2024-03-27T09:51:18","guid":{"rendered":"https:\/\/inkskin.nl\/products\/emalla-1013-cml\/"},"modified":"2024-03-27T09:51:18","modified_gmt":"2024-03-27T09:51:18","slug":"emalla-1013-cml","status":"publish","type":"product","link":"https:\/\/inkskin.nl\/fr\/products\/emalla-1013-cml\/","title":{"rendered":"Emalla 1013 CML"},"content":{"rendered":"<p>Vous \u00eates \u00e0 la recherche d&rsquo;une aiguille de tatouage de haute qualit\u00e9 qui r\u00e9ponde \u00e0 toutes vos exigences ? Dans ce cas, la cartouche Eliot d&rsquo;Emmalla est ce qu&rsquo;il vous faut ! Ces aiguilles sont fabriqu\u00e9es en acier inoxydable japonais import\u00e9 de haute qualit\u00e9, ce qui les rend tranchantes et bien dispos\u00e9es. La coque est fabriqu\u00e9e en PC m\u00e9dical, plus s\u00fbr que le PVC.<\/p>\n<p>  Le syst\u00e8me de membrane de cette cartouche offre une flexibilit\u00e9 douce et forte, avec 4 barres \u00e9paissies pour une durabilit\u00e9 suppl\u00e9mentaire. La grande capacit\u00e9 de stockage de l&rsquo;encre garantit un flux d&rsquo;encre r\u00e9gulier et uniforme, sans jets d&rsquo;encre ni \u00e9claboussures.<\/p>\n<p>  La tige en plastique de forme carr\u00e9e fixe les aiguilles de mani\u00e8re stable, ce qui permet de maintenir les aiguilles stables pendant le tatouage. La conception de la membrane de s\u00e9curit\u00e9 \u00e0 trois couches emp\u00eache le reflux de l&rsquo;encre, ce qui permet de mieux prot\u00e9ger votre machine \u00e0 tatouer.<\/p>\n<p>  Ces cartouches sont fabriqu\u00e9es avec pr\u00e9cision et sont 100% hygi\u00e9niques. Ils sont st\u00e9rilis\u00e9s par gaz E.O., ce qui garantit une exp\u00e9rience de tatouage s\u00fbre et propre. Avec la courbe Magnum, le c\u00f4ne long et l&rsquo;\u00e9paisseur d&rsquo;aiguille 10 (0,30 mm), vous \u00eates assur\u00e9 d&rsquo;obtenir des r\u00e9sultats professionnels. Choisissez la cartouche Eliot d&rsquo;Emmalla et faites passer votre travail de tatouage au niveau sup\u00e9rieur !<\/p>\n<p><strong>Quel est le mat\u00e9riau de la cartouche Emmalla Eliot ?<\/strong><br \/>\n  Les aiguilles sont fabriqu\u00e9es en acier inoxydable japonais import\u00e9 de haute qualit\u00e9.<\/p>\n<p><strong>Quel est l&rsquo;avantage du mat\u00e9riau de l&rsquo;enveloppe de ces cartouches ?<\/strong><br \/>\n  La coque est fabriqu\u00e9e en PC m\u00e9dical, plus s\u00fbr que le PVC.<\/p>\n<p><strong>Comment les cartouches Emmalla Eliot sont-elles st\u00e9rilis\u00e9es ?<\/strong><br \/>\n  Les cartouches sont st\u00e9rilis\u00e9es au gaz E.O., ce qui garantit une exp\u00e9rience de tatouage s\u00fbre et propre.<\/p>\n","protected":false},"excerpt":{"rendered":"<p>Vous \u00eates \u00e0 la recherche d&rsquo;une aiguille de tatouage de haute qualit\u00e9 qui r\u00e9ponde \u00e0 toutes vos exigences ? Dans ce cas, la cartouche Eliot d&rsquo;Emmalla est ce qu&rsquo;il vous faut ! Ces aiguilles sont fabriqu\u00e9es en acier inoxydable japonais import\u00e9 de haute qualit\u00e9, ce qui les rend tranchantes et bien dispos\u00e9es. La coque est [&hellip;]<\/p>\n","protected":false},"featured_media":1893,"template":"","meta":{"_acf_changed":false},"product_brand":[],"product_cat":[160,161],"product_tag":[169,164,167,165],"class_list":{"0":"post-2358","1":"product","2":"type-product","3":"status-publish","4":"has-post-thumbnail","6":"product_cat-aiguilles-cartouche","7":"product_cat-cartouches-emalla","8":"product_tag-030-mm-fr","9":"product_tag-cone-long-fr","10":"product_tag-epaisseur-de-laiguille-10","11":"product_tag-magnum-courbe","13":"first","14":"instock","15":"taxable","16":"shipping-taxable","17":"purchasable","18":"product-type-simple"},"ams_default_variation_id":0,"ams_product_points_reward":[],"ams_product_discount_percentage":0,"ams_price_to_display":28.5,"ams_acf":[],"acf":[],"_links":{"self":[{"href":"https:\/\/inkskin.nl\/fr\/wp-json\/wp\/v2\/product\/2358","targetHints":{"allow":["GET"]}}],"collection":[{"href":"https:\/\/inkskin.nl\/fr\/wp-json\/wp\/v2\/product"}],"about":[{"href":"https:\/\/inkskin.nl\/fr\/wp-json\/wp\/v2\/types\/product"}],"version-history":[{"count":0,"href":"https:\/\/inkskin.nl\/fr\/wp-json\/wp\/v2\/product\/2358\/revisions"}],"wp:featuredmedia":[{"embeddable":true,"href":"https:\/\/inkskin.nl\/fr\/wp-json\/wp\/v2\/media\/1893"}],"wp:attachment":[{"href":"https:\/\/inkskin.nl\/fr\/wp-json\/wp\/v2\/media?parent=2358"}],"wp:term":[{"taxonomy":"product_brand","embeddable":true,"href":"https:\/\/inkskin.nl\/fr\/wp-json\/wp\/v2\/product_brand?post=2358"},{"taxonomy":"product_cat","embeddable":true,"href":"https:\/\/inkskin.nl\/fr\/wp-json\/wp\/v2\/product_cat?post=2358"},{"taxonomy":"product_tag","embeddable":true,"href":"https:\/\/inkskin.nl\/fr\/wp-json\/wp\/v2\/product_tag?post=2358"}],"curies":[{"name":"wp","href":"https:\/\/api.w.org\/{rel}","templated":true}]}}