{"id":2355,"date":"2024-03-27T09:51:12","date_gmt":"2024-03-27T09:51:12","guid":{"rendered":"https:\/\/inkskin.nl\/products\/emalla-1015-mgl\/"},"modified":"2024-03-27T09:51:12","modified_gmt":"2024-03-27T09:51:12","slug":"emalla-1015-mgl","status":"publish","type":"product","link":"https:\/\/inkskin.nl\/fr\/products\/emalla-1015-mgl\/","title":{"rendered":"Emalla 1015 MGL"},"content":{"rendered":"<p>Vous \u00eates \u00e0 la recherche d&rsquo;une machine \u00e0 tatouer de haute qualit\u00e9 ? Dans ce cas, les cartouches Emmalla Eliot sont exactement ce qu&rsquo;il vous faut ! Cette machine \u00e0 tatouer est fabriqu\u00e9e avec des aiguilles japonaises import\u00e9es de haute qualit\u00e9, dont les pointes sont ac\u00e9r\u00e9es et bien dispos\u00e9es. Le mat\u00e9riau de la coque est un PC de qualit\u00e9 m\u00e9dicale, plus s\u00fbr que le PVC.  <\/p>\n<p>  Le syst\u00e8me des cartouches Emmalla Eliot se caract\u00e9rise par un syst\u00e8me de membrane, avec une flexibilit\u00e9 douce et forte. Le mat\u00e9riau de la membrane comporte 4 barres \u00e9paisses, ce qui rend la machine \u00e0 tatouer plus durable. Il dispose \u00e9galement d&rsquo;une grande capacit\u00e9 de stockage d&rsquo;encre, ce qui garantit un flux d&rsquo;encre r\u00e9gulier et uniforme sans jets d&rsquo;encre ni \u00e9claboussures.  <\/p>\n<p>  Les cartouches Emmalla Eliot sont \u00e9galement dot\u00e9es d&rsquo;une barre en plastique de forme carr\u00e9e, qui permet une fixation stable des aiguilles et rend l&rsquo;aiguille plus stable. En outre, la machine \u00e0 tatouer est dot\u00e9e d&rsquo;une membrane de s\u00e9curit\u00e9 \u00e0 trois couches, qui emp\u00eache l&rsquo;encre de refluer et prot\u00e8ge mieux votre machine.  <\/p>\n<p>  Fabriqu\u00e9e de mani\u00e8re pr\u00e9cise et 100% hygi\u00e9nique par Emmalla Eliot Cartridges, cette machine \u00e0 tatouer est st\u00e9rilis\u00e9e par gaz E.O.. Avec un long c\u00f4ne, Magnum et une \u00e9paisseur d&rsquo;aiguille de 10 (0,30 mm), c&rsquo;est la machine id\u00e9ale pour les tatoueurs professionnels.<\/p>\n<p><strong>Quels sont les avantages de la machine \u00e0 tatouer Emmalla Eliot Cartridges par rapport aux autres machines \u00e0 tatouer disponibles sur le march\u00e9 ?<\/strong><br \/>\n  La machine \u00e0 tatouer Emmalla Eliot Cartridges est fabriqu\u00e9e avec des aiguilles japonaises import\u00e9es de haute qualit\u00e9, dont les pointes sont bien aiguis\u00e9es et bien dispos\u00e9es. Le syst\u00e8me de membrane offre une flexibilit\u00e9 souple et solide, tandis que la conception de la membrane de s\u00e9curit\u00e9 \u00e0 trois couches garantit que l&rsquo;encre ne peut pas refluer et que la machine est mieux prot\u00e9g\u00e9e.<\/p>\n<p><strong>Comment l&rsquo;hygi\u00e8ne de la machine \u00e0 tatouer Emmalla Eliot Cartridges est-elle garantie ?<\/strong><br \/>\n  La machine \u00e0 tatouer Emmalla Eliot Cartridges est fabriqu\u00e9e de mani\u00e8re pr\u00e9cise et 100% hygi\u00e9nique par Emmalla Eliot Cartridges et est st\u00e9rilis\u00e9e au gaz E.O.. Cela garantit une hygi\u00e8ne et une s\u00e9curit\u00e9 optimales pendant le tatouage.<\/p>\n<p><strong>Le d\u00e9bit d&rsquo;encre de la machine \u00e0 tatouer Emmalla Eliot Cartridges est-il fiable et uniforme ?<\/strong><br \/>\n  Oui, la machine \u00e0 tatouer Emmalla Eliot Cartridges dispose d&rsquo;une grande capacit\u00e9 de stockage de l&rsquo;encre, ce qui garantit un flux d&rsquo;encre r\u00e9gulier et uniforme sans jets ni \u00e9claboussures. Cela garantit une exp\u00e9rience de tatouage coh\u00e9rente.<\/p>\n","protected":false},"excerpt":{"rendered":"<p>Vous \u00eates \u00e0 la recherche d&rsquo;une machine \u00e0 tatouer de haute qualit\u00e9 ? Dans ce cas, les cartouches Emmalla Eliot sont exactement ce qu&rsquo;il vous faut ! Cette machine \u00e0 tatouer est fabriqu\u00e9e avec des aiguilles japonaises import\u00e9es de haute qualit\u00e9, dont les pointes sont ac\u00e9r\u00e9es et bien dispos\u00e9es. Le mat\u00e9riau de la coque est [&hellip;]<\/p>\n","protected":false},"featured_media":1893,"template":"","meta":{"_acf_changed":false},"product_brand":[],"product_cat":[160,161],"product_tag":[169,164,167,177],"class_list":{"0":"post-2355","1":"product","2":"type-product","3":"status-publish","4":"has-post-thumbnail","6":"product_cat-aiguilles-cartouche","7":"product_cat-cartouches-emalla","8":"product_tag-030-mm-fr","9":"product_tag-cone-long-fr","10":"product_tag-epaisseur-de-laiguille-10","11":"product_tag-magnum-fr-2","13":"first","14":"instock","15":"taxable","16":"shipping-taxable","17":"purchasable","18":"product-type-simple"},"ams_default_variation_id":0,"ams_product_points_reward":[],"ams_product_discount_percentage":0,"ams_price_to_display":28.5,"ams_acf":[],"acf":[],"_links":{"self":[{"href":"https:\/\/inkskin.nl\/fr\/wp-json\/wp\/v2\/product\/2355","targetHints":{"allow":["GET"]}}],"collection":[{"href":"https:\/\/inkskin.nl\/fr\/wp-json\/wp\/v2\/product"}],"about":[{"href":"https:\/\/inkskin.nl\/fr\/wp-json\/wp\/v2\/types\/product"}],"version-history":[{"count":0,"href":"https:\/\/inkskin.nl\/fr\/wp-json\/wp\/v2\/product\/2355\/revisions"}],"wp:featuredmedia":[{"embeddable":true,"href":"https:\/\/inkskin.nl\/fr\/wp-json\/wp\/v2\/media\/1893"}],"wp:attachment":[{"href":"https:\/\/inkskin.nl\/fr\/wp-json\/wp\/v2\/media?parent=2355"}],"wp:term":[{"taxonomy":"product_brand","embeddable":true,"href":"https:\/\/inkskin.nl\/fr\/wp-json\/wp\/v2\/product_brand?post=2355"},{"taxonomy":"product_cat","embeddable":true,"href":"https:\/\/inkskin.nl\/fr\/wp-json\/wp\/v2\/product_cat?post=2355"},{"taxonomy":"product_tag","embeddable":true,"href":"https:\/\/inkskin.nl\/fr\/wp-json\/wp\/v2\/product_tag?post=2355"}],"curies":[{"name":"wp","href":"https:\/\/api.w.org\/{rel}","templated":true}]}}