{"id":2354,"date":"2024-03-27T09:51:12","date_gmt":"2024-03-27T09:51:12","guid":{"rendered":"https:\/\/inkskin.nl\/products\/emalla-1015-cmm\/"},"modified":"2024-03-27T09:51:12","modified_gmt":"2024-03-27T09:51:12","slug":"emalla-1015-cmm","status":"publish","type":"product","link":"https:\/\/inkskin.nl\/fr\/products\/emalla-1015-cmm\/","title":{"rendered":"Emalla 1015 CMM"},"content":{"rendered":"<p>Vous recherchez une machine \u00e0 tatouer r\u00e9pondant aux normes de qualit\u00e9 les plus strictes ? Dans ce cas, les cartouches Emmalla Eliot sont indispensables pour vous ! Gr\u00e2ce \u00e0 ses aiguilles japonaises en acier inoxydable de haute qualit\u00e9 import\u00e9es, vous \u00eates assur\u00e9 d&rsquo;avoir des pointes d&rsquo;aiguille bien aiguis\u00e9es et une disposition soign\u00e9e.  <\/p>\n<p>  Chez Emmalla Eliot Cartridges, la s\u00e9curit\u00e9 passe avant tout. Le mat\u00e9riau de la coque est un PC de qualit\u00e9 m\u00e9dicale, plus s\u00fbr que le PVC. Il est \u00e9galement dot\u00e9 d&rsquo;un syst\u00e8me de membrane \u00e0 la fois souple et solide, et d&rsquo;un mat\u00e9riau de membrane \u00e0 4 barres \u00e9paissies pour une plus grande durabilit\u00e9.  <\/p>\n<p>  Gr\u00e2ce \u00e0 la grande capacit\u00e9 de stockage de l&rsquo;encre et au flux d&rsquo;encre fluide et uniforme, vous ne serez pas g\u00ean\u00e9 par les jets d&rsquo;encre et les \u00e9claboussures. La barre en plastique de forme carr\u00e9e garantit que les aiguilles restent stables et que l&rsquo;aiguille est plus stable.  <\/p>\n<p>  Pour garantir la s\u00e9curit\u00e9 de votre machine \u00e0 tatouer, les cartouches Eliot d&rsquo;Emmalla sont dot\u00e9es d&rsquo;une membrane de s\u00e9curit\u00e9 \u00e0 trois couches qui emp\u00eache le reflux de l&rsquo;encre.  <\/p>\n<p>  Ces cartouches sont produites et st\u00e9rilis\u00e9es par E.O. Gas de mani\u00e8re pr\u00e9cise et 100% hygi\u00e9nique. Avec la courbe Magnum, la conicit\u00e9 moyenne et l&rsquo;\u00e9paisseur d&rsquo;aiguille 10 (0,30 mm), vous \u00eates assur\u00e9 d&rsquo;obtenir des r\u00e9sultats parfaits. Choisissez la qualit\u00e9 et la s\u00e9curit\u00e9 avec les cartouches Emmalla Eliot !<\/p>\n<p><strong>Quel est le mat\u00e9riau des aiguilles des cartouches Emmalla Eliot ?<\/strong><br \/>\n  Les aiguilles sont fabriqu\u00e9es en acier inoxydable japonais import\u00e9 de haute qualit\u00e9.<\/p>\n<p><strong>Comment les cartouches Emmalla Eliot garantissent-elles la s\u00e9curit\u00e9 ?<\/strong><br \/>\n  Les cartouches sont fabriqu\u00e9es en PC de qualit\u00e9 m\u00e9dicale et sont dot\u00e9es d&rsquo;un syst\u00e8me de membrane \u00e0 la fois souple et tr\u00e8s flexible. En outre, ils sont dot\u00e9s d&rsquo;une membrane de s\u00e9curit\u00e9 \u00e0 trois couches qui emp\u00eache le reflux de l&rsquo;encre.<\/p>\n<p><strong>Comment les cartouches Emmalla Eliot sont-elles fabriqu\u00e9es et st\u00e9rilis\u00e9es ?<\/strong><br \/>\n  Les cartouches sont fabriqu\u00e9es et st\u00e9rilis\u00e9es par E.O. Gas de mani\u00e8re pr\u00e9cise et 100 % hygi\u00e9nique.<\/p>\n","protected":false},"excerpt":{"rendered":"<p>Vous recherchez une machine \u00e0 tatouer r\u00e9pondant aux normes de qualit\u00e9 les plus strictes ? Dans ce cas, les cartouches Emmalla Eliot sont indispensables pour vous ! Gr\u00e2ce \u00e0 ses aiguilles japonaises en acier inoxydable de haute qualit\u00e9 import\u00e9es, vous \u00eates assur\u00e9 d&rsquo;avoir des pointes d&rsquo;aiguille bien aiguis\u00e9es et une disposition soign\u00e9e. Chez Emmalla Eliot [&hellip;]<\/p>\n","protected":false},"featured_media":1893,"template":"","meta":{"_acf_changed":false},"product_brand":[],"product_cat":[160,161],"product_tag":[169,171,167,165],"class_list":{"0":"post-2354","1":"product","2":"type-product","3":"status-publish","4":"has-post-thumbnail","6":"product_cat-aiguilles-cartouche","7":"product_cat-cartouches-emalla","8":"product_tag-030-mm-fr","9":"product_tag-cone-moyen","10":"product_tag-epaisseur-de-laiguille-10","11":"product_tag-magnum-courbe","13":"first","14":"instock","15":"taxable","16":"shipping-taxable","17":"purchasable","18":"product-type-simple"},"ams_default_variation_id":0,"ams_product_points_reward":[],"ams_product_discount_percentage":0,"ams_price_to_display":28.5,"ams_acf":[],"acf":[],"_links":{"self":[{"href":"https:\/\/inkskin.nl\/fr\/wp-json\/wp\/v2\/product\/2354","targetHints":{"allow":["GET"]}}],"collection":[{"href":"https:\/\/inkskin.nl\/fr\/wp-json\/wp\/v2\/product"}],"about":[{"href":"https:\/\/inkskin.nl\/fr\/wp-json\/wp\/v2\/types\/product"}],"version-history":[{"count":0,"href":"https:\/\/inkskin.nl\/fr\/wp-json\/wp\/v2\/product\/2354\/revisions"}],"wp:featuredmedia":[{"embeddable":true,"href":"https:\/\/inkskin.nl\/fr\/wp-json\/wp\/v2\/media\/1893"}],"wp:attachment":[{"href":"https:\/\/inkskin.nl\/fr\/wp-json\/wp\/v2\/media?parent=2354"}],"wp:term":[{"taxonomy":"product_brand","embeddable":true,"href":"https:\/\/inkskin.nl\/fr\/wp-json\/wp\/v2\/product_brand?post=2354"},{"taxonomy":"product_cat","embeddable":true,"href":"https:\/\/inkskin.nl\/fr\/wp-json\/wp\/v2\/product_cat?post=2354"},{"taxonomy":"product_tag","embeddable":true,"href":"https:\/\/inkskin.nl\/fr\/wp-json\/wp\/v2\/product_tag?post=2354"}],"curies":[{"name":"wp","href":"https:\/\/api.w.org\/{rel}","templated":true}]}}