{"id":2350,"date":"2024-03-27T09:51:09","date_gmt":"2024-03-27T09:51:09","guid":{"rendered":"https:\/\/inkskin.nl\/products\/emalla-1017-mgm\/"},"modified":"2024-03-27T09:51:09","modified_gmt":"2024-03-27T09:51:09","slug":"emalla-1017-mgm","status":"publish","type":"product","link":"https:\/\/inkskin.nl\/fr\/products\/emalla-1017-mgm\/","title":{"rendered":"Emalla 1017 MGM"},"content":{"rendered":"<p>Vous \u00eates \u00e0 la recherche d&rsquo;une machine \u00e0 tatouer de haute qualit\u00e9 qui r\u00e9ponde \u00e0 toutes vos exigences ? Dans ce cas, les cartouches Emmalla Eliot sont exactement ce qu&rsquo;il vous faut ! Cette machine \u00e0 tatouer est fabriqu\u00e9e en acier inoxydable japonais import\u00e9 de premi\u00e8re qualit\u00e9, ce qui garantit que les aiguilles sont bien aiguis\u00e9es et bien dispos\u00e9es. La coque est fabriqu\u00e9e en PC de qualit\u00e9 m\u00e9dicale, plus s\u00fbr que le PVC.<\/p>\n<p>  Les cartouches Emmalla Eliot sont dot\u00e9es d&rsquo;un syst\u00e8me de membranes \u00e0 la fois souples et r\u00e9sistantes. Le mat\u00e9riau de la membrane comporte 4 tiges \u00e9paisses, ce qui garantit une plus grande durabilit\u00e9. En outre, cette machine \u00e0 tatouer dispose d&rsquo;une grande capacit\u00e9 de stockage de l&rsquo;encre, ce qui permet \u00e0 l&rsquo;encre de s&rsquo;\u00e9couler de mani\u00e8re fluide et r\u00e9guli\u00e8re, sans \u00e9claboussures ni jets.<\/p>\n<p>  La barre en plastique de forme carr\u00e9e maintient les aiguilles en place et les rend plus stables pendant le tatouage. La membrane de s\u00e9curit\u00e9 \u00e0 trois couches emp\u00eache le reflux de l&rsquo;encre et prot\u00e8ge mieux votre machine \u00e0 tatouer.<\/p>\n<p>  Les cartouches Emmalla Eliot sont fabriqu\u00e9es avec pr\u00e9cision et sont 100% hygi\u00e9niques. Ils sont st\u00e9rilis\u00e9s par gaz E.O., ce qui garantit une exp\u00e9rience de tatouage s\u00fbre et propre. Ces cartouches ont un c\u00f4ne Magnum, Medium et une \u00e9paisseur d&rsquo;aiguille de 10 (0,30 mm). Choisissez la qualit\u00e9 et la fiabilit\u00e9 avec les cartouches Emmalla Eliot !<\/p>\n<p><strong>Quel est le mat\u00e9riau des cartouches Emmalla Eliot ?<\/strong><br \/>\n  Les cartouches Eliot d&rsquo;Emmalla sont fabriqu\u00e9es en acier inoxydable japonais import\u00e9 de premi\u00e8re qualit\u00e9, avec une coque en PC de qualit\u00e9 m\u00e9dicale.<\/p>\n<p><strong>La machine \u00e0 tatouer est-elle \u00e9quip\u00e9e d&rsquo;un syst\u00e8me de membrane ?<\/strong><br \/>\n  Oui, les cartouches Emmalla Eliot ont un syst\u00e8me de membrane avec une flexibilit\u00e9 douce et forte.<\/p>\n<p><strong>Comment les cartouches Emmalla Eliot sont-elles st\u00e9rilis\u00e9es ?<\/strong><br \/>\n  Les cartouches Emmalla Eliot sont st\u00e9rilis\u00e9es par gaz E.O., ce qui les rend s\u00fbres et propres \u00e0 l&rsquo;utilisation.<\/p>\n","protected":false},"excerpt":{"rendered":"<p>Vous \u00eates \u00e0 la recherche d&rsquo;une machine \u00e0 tatouer de haute qualit\u00e9 qui r\u00e9ponde \u00e0 toutes vos exigences ? Dans ce cas, les cartouches Emmalla Eliot sont exactement ce qu&rsquo;il vous faut ! Cette machine \u00e0 tatouer est fabriqu\u00e9e en acier inoxydable japonais import\u00e9 de premi\u00e8re qualit\u00e9, ce qui garantit que les aiguilles sont bien [&hellip;]<\/p>\n","protected":false},"featured_media":1893,"template":"","meta":{"_acf_changed":false},"product_brand":[],"product_cat":[160,161],"product_tag":[169,171,167,177],"class_list":{"0":"post-2350","1":"product","2":"type-product","3":"status-publish","4":"has-post-thumbnail","6":"product_cat-aiguilles-cartouche","7":"product_cat-cartouches-emalla","8":"product_tag-030-mm-fr","9":"product_tag-cone-moyen","10":"product_tag-epaisseur-de-laiguille-10","11":"product_tag-magnum-fr-2","13":"first","14":"instock","15":"taxable","16":"shipping-taxable","17":"purchasable","18":"product-type-simple"},"ams_default_variation_id":0,"ams_product_points_reward":[],"ams_product_discount_percentage":0,"ams_price_to_display":30.5,"ams_acf":[],"acf":[],"_links":{"self":[{"href":"https:\/\/inkskin.nl\/fr\/wp-json\/wp\/v2\/product\/2350","targetHints":{"allow":["GET"]}}],"collection":[{"href":"https:\/\/inkskin.nl\/fr\/wp-json\/wp\/v2\/product"}],"about":[{"href":"https:\/\/inkskin.nl\/fr\/wp-json\/wp\/v2\/types\/product"}],"version-history":[{"count":0,"href":"https:\/\/inkskin.nl\/fr\/wp-json\/wp\/v2\/product\/2350\/revisions"}],"wp:featuredmedia":[{"embeddable":true,"href":"https:\/\/inkskin.nl\/fr\/wp-json\/wp\/v2\/media\/1893"}],"wp:attachment":[{"href":"https:\/\/inkskin.nl\/fr\/wp-json\/wp\/v2\/media?parent=2350"}],"wp:term":[{"taxonomy":"product_brand","embeddable":true,"href":"https:\/\/inkskin.nl\/fr\/wp-json\/wp\/v2\/product_brand?post=2350"},{"taxonomy":"product_cat","embeddable":true,"href":"https:\/\/inkskin.nl\/fr\/wp-json\/wp\/v2\/product_cat?post=2350"},{"taxonomy":"product_tag","embeddable":true,"href":"https:\/\/inkskin.nl\/fr\/wp-json\/wp\/v2\/product_tag?post=2350"}],"curies":[{"name":"wp","href":"https:\/\/api.w.org\/{rel}","templated":true}]}}