{"id":2347,"date":"2024-03-27T09:51:09","date_gmt":"2024-03-27T09:51:09","guid":{"rendered":"https:\/\/inkskin.nl\/products\/emalla-1017-mgl\/"},"modified":"2024-03-27T09:51:09","modified_gmt":"2024-03-27T09:51:09","slug":"emalla-1017-mgl","status":"publish","type":"product","link":"https:\/\/inkskin.nl\/fr\/products\/emalla-1017-mgl\/","title":{"rendered":"Emalla 1017 MGL"},"content":{"rendered":"<p>Vous \u00eates \u00e0 la recherche d&rsquo;une machine \u00e0 tatouer de haute qualit\u00e9 ? Dans ce cas, les cartouches Emmalla Eliot sont exactement ce qu&rsquo;il vous faut ! Cette machine est fabriqu\u00e9e avec des aiguilles japonaises en acier inoxydable import\u00e9es de premi\u00e8re qualit\u00e9, dont les pointes sont bien aiguis\u00e9es et bien dispos\u00e9es. La coque est fabriqu\u00e9e en PC m\u00e9dical, ce qui offre plus de s\u00e9curit\u00e9 que le PVC.<\/p>\n<p>  Son syst\u00e8me comporte une membrane qui lui conf\u00e8re une souplesse et une solidit\u00e9 \u00e0 toute \u00e9preuve. La membrane est renforc\u00e9e par 4 barres \u00e9paisses, ce qui la rend plus durable. Il dispose \u00e9galement d&rsquo;une grande capacit\u00e9 de stockage d&rsquo;encre, ce qui garantit un flux d&rsquo;encre r\u00e9gulier et uniforme sans jets d&rsquo;encre ni \u00e9claboussures.<\/p>\n<p>  Les cartouches Emmalla Eliot sont dot\u00e9es d&rsquo;une barre en plastique de forme carr\u00e9e qui permet de fixer solidement les aiguilles, ce qui les rend plus stables pendant le tatouage. Il est \u00e9galement dot\u00e9 d&rsquo;une membrane de s\u00e9curit\u00e9 \u00e0 trois couches, qui emp\u00eache l&rsquo;encre de refluer et prot\u00e8ge mieux votre machine \u00e0 tatouer.<\/p>\n<p>  Ces cartouches sont produites avec pr\u00e9cision et de mani\u00e8re 100% hygi\u00e9nique par Emmalla Eliot. Ils sont st\u00e9rilis\u00e9s au gaz E.O., ce qui garantit une exp\u00e9rience de tatouage s\u00fbre et propre. Le long c\u00f4ne, Magnum, \u00e9paisseur d&rsquo;aiguille 10 (0,30 mm) garantit des r\u00e9sultats pr\u00e9cis et professionnels. Investissez dans les cartouches Eliot d&rsquo;Emmalla et faites de chaque tatouage un chef-d&rsquo;\u0153uvre !<\/p>\n<p><strong>Les cartouches Emmalla Eliot sont-elles compatibles avec toutes les machines \u00e0 tatouer ?<\/strong><br \/>\n  Oui, les cartouches Emmalla Eliot sont compatibles avec toutes les machines \u00e0 tatouer.<\/p>\n<p><strong>Les cartouches Eliot d&rsquo;Emmalla sont-elles disponibles dans diff\u00e9rentes tailles d&rsquo;aiguille ?<\/strong><br \/>\n  Oui, les cartouches Emmalla Eliot sont disponibles en diff\u00e9rentes tailles d&rsquo;aiguille, y compris l&rsquo;aiguille standard d&rsquo;\u00e9paisseur 10 (0,30 mm) pour des r\u00e9sultats pr\u00e9cis et professionnels.<\/p>\n<p><strong>Comment les cartouches Emmalla Eliot sont-elles st\u00e9rilis\u00e9es ?<\/strong><br \/>\n  Les cartouches Emmalla Eliot sont st\u00e9rilis\u00e9es au gaz E.O., ce qui garantit une exp\u00e9rience de tatouage s\u00fbre et propre.<\/p>\n","protected":false},"excerpt":{"rendered":"<p>Vous \u00eates \u00e0 la recherche d&rsquo;une machine \u00e0 tatouer de haute qualit\u00e9 ? Dans ce cas, les cartouches Emmalla Eliot sont exactement ce qu&rsquo;il vous faut ! Cette machine est fabriqu\u00e9e avec des aiguilles japonaises en acier inoxydable import\u00e9es de premi\u00e8re qualit\u00e9, dont les pointes sont bien aiguis\u00e9es et bien dispos\u00e9es. La coque est fabriqu\u00e9e [&hellip;]<\/p>\n","protected":false},"featured_media":1893,"template":"","meta":{"_acf_changed":false},"product_brand":[],"product_cat":[160,161],"product_tag":[169,164,167,177],"class_list":{"0":"post-2347","1":"product","2":"type-product","3":"status-publish","4":"has-post-thumbnail","6":"product_cat-aiguilles-cartouche","7":"product_cat-cartouches-emalla","8":"product_tag-030-mm-fr","9":"product_tag-cone-long-fr","10":"product_tag-epaisseur-de-laiguille-10","11":"product_tag-magnum-fr-2","13":"first","14":"instock","15":"taxable","16":"shipping-taxable","17":"purchasable","18":"product-type-simple"},"ams_default_variation_id":0,"ams_product_points_reward":[],"ams_product_discount_percentage":0,"ams_price_to_display":30.5,"ams_acf":[],"acf":[],"_links":{"self":[{"href":"https:\/\/inkskin.nl\/fr\/wp-json\/wp\/v2\/product\/2347","targetHints":{"allow":["GET"]}}],"collection":[{"href":"https:\/\/inkskin.nl\/fr\/wp-json\/wp\/v2\/product"}],"about":[{"href":"https:\/\/inkskin.nl\/fr\/wp-json\/wp\/v2\/types\/product"}],"version-history":[{"count":0,"href":"https:\/\/inkskin.nl\/fr\/wp-json\/wp\/v2\/product\/2347\/revisions"}],"wp:featuredmedia":[{"embeddable":true,"href":"https:\/\/inkskin.nl\/fr\/wp-json\/wp\/v2\/media\/1893"}],"wp:attachment":[{"href":"https:\/\/inkskin.nl\/fr\/wp-json\/wp\/v2\/media?parent=2347"}],"wp:term":[{"taxonomy":"product_brand","embeddable":true,"href":"https:\/\/inkskin.nl\/fr\/wp-json\/wp\/v2\/product_brand?post=2347"},{"taxonomy":"product_cat","embeddable":true,"href":"https:\/\/inkskin.nl\/fr\/wp-json\/wp\/v2\/product_cat?post=2347"},{"taxonomy":"product_tag","embeddable":true,"href":"https:\/\/inkskin.nl\/fr\/wp-json\/wp\/v2\/product_tag?post=2347"}],"curies":[{"name":"wp","href":"https:\/\/api.w.org\/{rel}","templated":true}]}}