{"id":2345,"date":"2024-03-27T09:51:08","date_gmt":"2024-03-27T09:51:08","guid":{"rendered":"https:\/\/inkskin.nl\/products\/emalla-1019-mgl\/"},"modified":"2024-03-27T09:51:08","modified_gmt":"2024-03-27T09:51:08","slug":"emalla-1019-mgl","status":"publish","type":"product","link":"https:\/\/inkskin.nl\/fr\/products\/emalla-1019-mgl\/","title":{"rendered":"Emalla 1019 MGL"},"content":{"rendered":"<p>D\u00e9couvrez la machine \u00e0 tatouer ultime qui r\u00e9pond \u00e0 tous vos besoins &#8211; les cartouches Emmalla Eliot. Gr\u00e2ce aux aiguilles japonaises import\u00e9es en acier inoxydable de haute qualit\u00e9 et aux pointes d&rsquo;aiguille ac\u00e9r\u00e9es, vous avez la garantie d&rsquo;une exp\u00e9rience de tatouage pr\u00e9cise et professionnelle. Le mat\u00e9riau de la coque de qualit\u00e9 m\u00e9dicale garantit une s\u00e9curit\u00e9 maximale, tandis que le syst\u00e8me de membrane, \u00e0 la fois souple et flexible, vous permet de contr\u00f4ler pleinement votre travail artistique.<\/p>\n<p>  Gr\u00e2ce \u00e0 la grande capacit\u00e9 de stockage de l&rsquo;encre, vous b\u00e9n\u00e9ficiez d&rsquo;un flux d&rsquo;encre r\u00e9gulier et uniforme, sans jets d&rsquo;encre ni \u00e9claboussures g\u00eanantes. La barre en plastique de forme carr\u00e9e assure une fixation stable de l&rsquo;aiguille, ce qui permet \u00e0 votre machine \u00e0 tatouer de rester stable pendant le travail. Gr\u00e2ce \u00e0 la conception de la membrane de s\u00e9curit\u00e9 \u00e0 trois couches, votre machine \u00e0 tatouer est \u00e9galement mieux prot\u00e9g\u00e9e contre le reflux d&rsquo;encre.<\/p>\n<p>  Les cartouches Emmalla Eliot sont fabriqu\u00e9es avec pr\u00e9cision et 100% hygi\u00e9niques. Chaque cartouche est st\u00e9rilis\u00e9e au gaz E.O., ce qui vous permet de tatouer en toute confiance. Optez pour la pointe longue, Magnum, \u00e9paisseur d&rsquo;aiguille 10 (0,30 mm) et faites passer votre art du tatouage au niveau sup\u00e9rieur.<\/p>\n<p><strong>Quels sont les avantages des aiguilles japonaises import\u00e9es en acier inoxydable de haute qualit\u00e9 ?<\/strong><br \/>\n  Les aiguilles japonaises en acier inoxydable de haute qualit\u00e9 import\u00e9es garantissent une exp\u00e9rience de tatouage pr\u00e9cise et professionnelle. Ils sont connus pour leurs pointes d&rsquo;aiguille ac\u00e9r\u00e9es, qui vous permettent de cr\u00e9er des tatouages d\u00e9taill\u00e9s et pr\u00e9cis.<\/p>\n<p><strong>Comment le syst\u00e8me de membranes \u00e0 la fois souples et r\u00e9sistantes vous permet-il de contr\u00f4ler enti\u00e8rement votre \u0153uvre d&rsquo;art ?<\/strong><br \/>\n  Le syst\u00e8me de membrane \u00e0 flexibilit\u00e9 souple et forte vous permet de contr\u00f4ler totalement votre dessin en assurant un flux d&rsquo;encre r\u00e9gulier et uniforme. Cela vous permet de cr\u00e9er des lignes et des ombres pr\u00e9cises sans jets d&rsquo;encre ni \u00e9claboussures g\u00eanantes.<\/p>\n<p><strong>Pourquoi la conception de la membrane de s\u00e9curit\u00e9 \u00e0 trois couches est-elle importante pour prot\u00e9ger votre machine \u00e0 tatouer ?<\/strong><br \/>\n  La membrane de s\u00e9curit\u00e9 \u00e0 trois couches prot\u00e8ge votre machine \u00e0 tatouer contre les reflux d&rsquo;encre. L&rsquo;encre ne peut donc pas refluer dans la machine et risquer de l&rsquo;endommager. Cela permet \u00e0 votre machine \u00e0 tatouer de rester s\u00fbre et fiable pendant le tatouage.<\/p>\n","protected":false},"excerpt":{"rendered":"<p>D\u00e9couvrez la machine \u00e0 tatouer ultime qui r\u00e9pond \u00e0 tous vos besoins &#8211; les cartouches Emmalla Eliot. Gr\u00e2ce aux aiguilles japonaises import\u00e9es en acier inoxydable de haute qualit\u00e9 et aux pointes d&rsquo;aiguille ac\u00e9r\u00e9es, vous avez la garantie d&rsquo;une exp\u00e9rience de tatouage pr\u00e9cise et professionnelle. Le mat\u00e9riau de la coque de qualit\u00e9 m\u00e9dicale garantit une s\u00e9curit\u00e9 [&hellip;]<\/p>\n","protected":false},"featured_media":1893,"template":"","meta":{"_acf_changed":false},"product_brand":[],"product_cat":[160,161],"product_tag":[169,164,167,177],"class_list":{"0":"post-2345","1":"product","2":"type-product","3":"status-publish","4":"has-post-thumbnail","6":"product_cat-aiguilles-cartouche","7":"product_cat-cartouches-emalla","8":"product_tag-030-mm-fr","9":"product_tag-cone-long-fr","10":"product_tag-epaisseur-de-laiguille-10","11":"product_tag-magnum-fr-2","13":"first","14":"instock","15":"taxable","16":"shipping-taxable","17":"purchasable","18":"product-type-simple"},"ams_default_variation_id":0,"ams_product_points_reward":[],"ams_product_discount_percentage":0,"ams_price_to_display":30.5,"ams_acf":[],"acf":[],"_links":{"self":[{"href":"https:\/\/inkskin.nl\/fr\/wp-json\/wp\/v2\/product\/2345","targetHints":{"allow":["GET"]}}],"collection":[{"href":"https:\/\/inkskin.nl\/fr\/wp-json\/wp\/v2\/product"}],"about":[{"href":"https:\/\/inkskin.nl\/fr\/wp-json\/wp\/v2\/types\/product"}],"version-history":[{"count":0,"href":"https:\/\/inkskin.nl\/fr\/wp-json\/wp\/v2\/product\/2345\/revisions"}],"wp:featuredmedia":[{"embeddable":true,"href":"https:\/\/inkskin.nl\/fr\/wp-json\/wp\/v2\/media\/1893"}],"wp:attachment":[{"href":"https:\/\/inkskin.nl\/fr\/wp-json\/wp\/v2\/media?parent=2345"}],"wp:term":[{"taxonomy":"product_brand","embeddable":true,"href":"https:\/\/inkskin.nl\/fr\/wp-json\/wp\/v2\/product_brand?post=2345"},{"taxonomy":"product_cat","embeddable":true,"href":"https:\/\/inkskin.nl\/fr\/wp-json\/wp\/v2\/product_cat?post=2345"},{"taxonomy":"product_tag","embeddable":true,"href":"https:\/\/inkskin.nl\/fr\/wp-json\/wp\/v2\/product_tag?post=2345"}],"curies":[{"name":"wp","href":"https:\/\/api.w.org\/{rel}","templated":true}]}}