{"id":2343,"date":"2024-03-27T09:50:56","date_gmt":"2024-03-27T09:50:56","guid":{"rendered":"https:\/\/inkskin.nl\/products\/emalla-1205-rlm\/"},"modified":"2024-03-27T09:50:56","modified_gmt":"2024-03-27T09:50:56","slug":"emalla-1205-rlm","status":"publish","type":"product","link":"https:\/\/inkskin.nl\/fr\/products\/emalla-1205-rlm\/","title":{"rendered":"Emalla 1205 RLM"},"content":{"rendered":"<p>Vous \u00eates \u00e0 la recherche d&rsquo;une machine \u00e0 tatouer de la plus haute qualit\u00e9 ? Dans ce cas, les cartouches Emmalla Eliot sont faites pour vous ! Cette machine est fabriqu\u00e9e avec des aiguilles japonaises import\u00e9es de haute qualit\u00e9, avec des pointes ac\u00e9r\u00e9es et une disposition soign\u00e9e. La coque est fabriqu\u00e9e en PC m\u00e9dical, un mat\u00e9riau encore plus s\u00fbr que le PVC.<\/p>\n<p>  Gr\u00e2ce au syst\u00e8me de membrane et au mat\u00e9riau de membrane \u00e0 4 barres \u00e9paisses, vous avez la garantie d&rsquo;une flexibilit\u00e9 douce et forte, et d&rsquo;une durabilit\u00e9 accrue. La grande capacit\u00e9 de stockage de l&rsquo;encre garantit un \u00e9coulement r\u00e9gulier et uniforme de l&rsquo;encre, sans \u00e9claboussures ni jets. La barre en plastique de forme carr\u00e9e maintient les aiguilles stables et rend la machine encore plus stable.<\/p>\n<p>  Les cartouches Emmalla Eliot sont \u00e9galement dot\u00e9es d&rsquo;une membrane de s\u00e9curit\u00e9 \u00e0 trois couches, qui garantit que l&rsquo;encre ne reflue pas et que votre machine est mieux prot\u00e9g\u00e9e. Ces cartouches sont fabriqu\u00e9es avec pr\u00e9cision et sont 100% hygi\u00e9niques, st\u00e9rilis\u00e9es par gaz E.O.. Avec une pointe moyenne et une \u00e9paisseur d&rsquo;aiguille de 12 (0,35 mm), elle est parfaite pour les tatouages Round Liner. Choisissez la meilleure qualit\u00e9 avec les cartouches Emmalla Eliot !<\/p>\n<p><strong>Quel est le mat\u00e9riau des cartouches Emmalla Eliot ?<\/strong><br \/>\n  L&rsquo;enveloppe des cartouches Emmalla Eliot est fabriqu\u00e9e en PC m\u00e9dical, un mat\u00e9riau plus s\u00fbr que le PVC.<\/p>\n<p><strong>Comment la machine assure-t-elle un \u00e9coulement r\u00e9gulier et uniforme de l&rsquo;encre ?<\/strong><br \/>\n  Il dispose d&rsquo;une grande capacit\u00e9 de stockage d&rsquo;encre, ce qui garantit un flux d&rsquo;encre r\u00e9gulier et uniforme, sans \u00e9claboussures ni jets.<\/p>\n<p><strong>Les cartouches Eliot d&rsquo;Emmalla sont-elles hygi\u00e9niques et st\u00e9rilis\u00e9es ?<\/strong><br \/>\n  Oui, les cartouches Emmalla Eliot sont fabriqu\u00e9es avec pr\u00e9cision et 100% hygi\u00e9niques, st\u00e9rilis\u00e9es au gaz E.O..<\/p>\n","protected":false},"excerpt":{"rendered":"<p>Vous \u00eates \u00e0 la recherche d&rsquo;une machine \u00e0 tatouer de la plus haute qualit\u00e9 ? Dans ce cas, les cartouches Emmalla Eliot sont faites pour vous ! Cette machine est fabriqu\u00e9e avec des aiguilles japonaises import\u00e9es de haute qualit\u00e9, avec des pointes ac\u00e9r\u00e9es et une disposition soign\u00e9e. La coque est fabriqu\u00e9e en PC m\u00e9dical, un [&hellip;]<\/p>\n","protected":false},"featured_media":1893,"template":"","meta":{"_acf_changed":false},"product_brand":[],"product_cat":[160,161],"product_tag":[221,171,174,220],"class_list":{"0":"post-2343","1":"product","2":"type-product","3":"status-publish","4":"has-post-thumbnail","6":"product_cat-aiguilles-cartouche","7":"product_cat-cartouches-emalla","8":"product_tag-035-mm","9":"product_tag-cone-moyen","10":"product_tag-doublure-ronde-fr","11":"product_tag-epaisseur-de-laiguille-12","13":"first","14":"instock","15":"taxable","16":"shipping-taxable","17":"purchasable","18":"product-type-simple"},"ams_default_variation_id":0,"ams_product_points_reward":[],"ams_product_discount_percentage":0,"ams_price_to_display":23.5,"ams_acf":[],"acf":[],"_links":{"self":[{"href":"https:\/\/inkskin.nl\/fr\/wp-json\/wp\/v2\/product\/2343","targetHints":{"allow":["GET"]}}],"collection":[{"href":"https:\/\/inkskin.nl\/fr\/wp-json\/wp\/v2\/product"}],"about":[{"href":"https:\/\/inkskin.nl\/fr\/wp-json\/wp\/v2\/types\/product"}],"version-history":[{"count":0,"href":"https:\/\/inkskin.nl\/fr\/wp-json\/wp\/v2\/product\/2343\/revisions"}],"wp:featuredmedia":[{"embeddable":true,"href":"https:\/\/inkskin.nl\/fr\/wp-json\/wp\/v2\/media\/1893"}],"wp:attachment":[{"href":"https:\/\/inkskin.nl\/fr\/wp-json\/wp\/v2\/media?parent=2343"}],"wp:term":[{"taxonomy":"product_brand","embeddable":true,"href":"https:\/\/inkskin.nl\/fr\/wp-json\/wp\/v2\/product_brand?post=2343"},{"taxonomy":"product_cat","embeddable":true,"href":"https:\/\/inkskin.nl\/fr\/wp-json\/wp\/v2\/product_cat?post=2343"},{"taxonomy":"product_tag","embeddable":true,"href":"https:\/\/inkskin.nl\/fr\/wp-json\/wp\/v2\/product_tag?post=2343"}],"curies":[{"name":"wp","href":"https:\/\/api.w.org\/{rel}","templated":true}]}}