{"id":2342,"date":"2024-03-27T09:51:00","date_gmt":"2024-03-27T09:51:00","guid":{"rendered":"https:\/\/inkskin.nl\/products\/emalla-1203-rll\/"},"modified":"2024-03-27T09:51:00","modified_gmt":"2024-03-27T09:51:00","slug":"emalla-1203-rll","status":"publish","type":"product","link":"https:\/\/inkskin.nl\/fr\/products\/emalla-1203-rll\/","title":{"rendered":"Emalla 1203 RLL"},"content":{"rendered":"<p>Vous recherchez une aiguille de tatouage de la plus haute qualit\u00e9 ? Dans ce cas, la cartouche Eliot d&rsquo;Emmalla est ce qu&rsquo;il vous faut ! Gr\u00e2ce aux aiguilles japonaises import\u00e9es en acier inoxydable de haute qualit\u00e9, aux pointes aiguis\u00e9es et bien dispos\u00e9es, vous \u00eates assur\u00e9 de la pr\u00e9cision et de l&rsquo;exactitude de chaque tatouage.<\/p>\n<p>  Non seulement les aiguilles sont de qualit\u00e9 sup\u00e9rieure, mais le mat\u00e9riau de la coque est un PC de qualit\u00e9 m\u00e9dicale, ce qui offre une s\u00e9curit\u00e9 accrue par rapport au PVC. Le syst\u00e8me de membrane de la cartouche offre une flexibilit\u00e9 \u00e0 la fois souple et forte, avec 4 barres \u00e9paissies pour des r\u00e9sultats durables.<\/p>\n<p>  Gr\u00e2ce \u00e0 la grande capacit\u00e9 de stockage de l&rsquo;encre et au flux d&rsquo;encre fluide et uniforme, vous n&rsquo;avez pas \u00e0 vous soucier des jets d&rsquo;encre et des \u00e9claboussures. En outre, la conception carr\u00e9e de la tige en plastique garantit la stabilit\u00e9 des aiguilles et de votre machine \u00e0 tatouer pendant le tatouage.<\/p>\n<p>  La s\u00e9curit\u00e9 est primordiale avec la cartouche Emmalla Eliot. La conception de la membrane de s\u00e9curit\u00e9 \u00e0 trois couches emp\u00eache le reflux de l&rsquo;encre, offrant ainsi \u00e0 votre machine \u00e0 tatouer une protection optimale.<\/p>\n<p>  Choisissez la pr\u00e9cision, la qualit\u00e9 et l&rsquo;hygi\u00e8ne avec la cartouche Eliot d&rsquo;Emmalla. St\u00e9rilis\u00e9e par gaz E.O. et dot\u00e9e d&rsquo;une aiguille de 0,35 mm d&rsquo;\u00e9paisseur, cette cartouche est parfaite pour cr\u00e9er des lignes fines et des tatouages d\u00e9taill\u00e9s.<\/p>\n<p><strong>Quelle est la diff\u00e9rence entre le mat\u00e9riau de l&rsquo;enveloppe de la cartouche Emmalla Eliot et le PVC ?<\/strong><br \/>\n  Le mat\u00e9riau de l&rsquo;enveloppe de la cartouche Eliot d&rsquo;Emmalla est un mat\u00e9riau PC de qualit\u00e9 m\u00e9dicale, qui offre une s\u00e9curit\u00e9 accrue par rapport au mat\u00e9riau PVC.<\/p>\n<p><strong>Comment le flux d&rsquo;encre est-il per\u00e7u avec la cartouche Emmalla Eliot ?<\/strong><br \/>\n  La cartouche Emmalla Eliot a un d\u00e9bit d&rsquo;encre lisse et uniforme, vous n&rsquo;avez donc pas \u00e0 vous soucier des jets d&rsquo;encre et des \u00e9claboussures.<\/p>\n<p><strong>Comment la machine \u00e0 tatouer est-elle prot\u00e9g\u00e9e par la cartouche Emmalla Eliot ?<\/strong><br \/>\n  La membrane de s\u00e9curit\u00e9 \u00e0 3 couches de la cartouche Emmalla Eliot emp\u00eache le reflux de l&rsquo;encre, offrant ainsi \u00e0 votre machine \u00e0 tatouer une protection maximale.<\/p>\n","protected":false},"excerpt":{"rendered":"<p>Vous recherchez une aiguille de tatouage de la plus haute qualit\u00e9 ? Dans ce cas, la cartouche Eliot d&rsquo;Emmalla est ce qu&rsquo;il vous faut ! Gr\u00e2ce aux aiguilles japonaises import\u00e9es en acier inoxydable de haute qualit\u00e9, aux pointes aiguis\u00e9es et bien dispos\u00e9es, vous \u00eates assur\u00e9 de la pr\u00e9cision et de l&rsquo;exactitude de chaque tatouage. Non [&hellip;]<\/p>\n","protected":false},"featured_media":1893,"template":"","meta":{"_acf_changed":false},"product_brand":[],"product_cat":[160,161],"product_tag":[221,164,174,220],"class_list":{"0":"post-2342","1":"product","2":"type-product","3":"status-publish","4":"has-post-thumbnail","6":"product_cat-aiguilles-cartouche","7":"product_cat-cartouches-emalla","8":"product_tag-035-mm","9":"product_tag-cone-long-fr","10":"product_tag-doublure-ronde-fr","11":"product_tag-epaisseur-de-laiguille-12","13":"first","14":"instock","15":"taxable","16":"shipping-taxable","17":"purchasable","18":"product-type-simple"},"ams_default_variation_id":0,"ams_product_points_reward":[],"ams_product_discount_percentage":0,"ams_price_to_display":23.5,"ams_acf":[],"acf":[],"_links":{"self":[{"href":"https:\/\/inkskin.nl\/fr\/wp-json\/wp\/v2\/product\/2342","targetHints":{"allow":["GET"]}}],"collection":[{"href":"https:\/\/inkskin.nl\/fr\/wp-json\/wp\/v2\/product"}],"about":[{"href":"https:\/\/inkskin.nl\/fr\/wp-json\/wp\/v2\/types\/product"}],"version-history":[{"count":0,"href":"https:\/\/inkskin.nl\/fr\/wp-json\/wp\/v2\/product\/2342\/revisions"}],"wp:featuredmedia":[{"embeddable":true,"href":"https:\/\/inkskin.nl\/fr\/wp-json\/wp\/v2\/media\/1893"}],"wp:attachment":[{"href":"https:\/\/inkskin.nl\/fr\/wp-json\/wp\/v2\/media?parent=2342"}],"wp:term":[{"taxonomy":"product_brand","embeddable":true,"href":"https:\/\/inkskin.nl\/fr\/wp-json\/wp\/v2\/product_brand?post=2342"},{"taxonomy":"product_cat","embeddable":true,"href":"https:\/\/inkskin.nl\/fr\/wp-json\/wp\/v2\/product_cat?post=2342"},{"taxonomy":"product_tag","embeddable":true,"href":"https:\/\/inkskin.nl\/fr\/wp-json\/wp\/v2\/product_tag?post=2342"}],"curies":[{"name":"wp","href":"https:\/\/api.w.org\/{rel}","templated":true}]}}