{"id":2341,"date":"2024-03-27T09:50:56","date_gmt":"2024-03-27T09:50:56","guid":{"rendered":"https:\/\/inkskin.nl\/products\/emalla-1205-rll\/"},"modified":"2024-03-27T09:50:56","modified_gmt":"2024-03-27T09:50:56","slug":"emalla-1205-rll","status":"publish","type":"product","link":"https:\/\/inkskin.nl\/fr\/products\/emalla-1205-rll\/","title":{"rendered":"Emalla 1205 RLL"},"content":{"rendered":"<p>Vous cherchez une aiguille de tatouage de haute qualit\u00e9 ? Dans ce cas, la cartouche Eliot d&rsquo;Emmalla est ce qu&rsquo;il vous faut ! Cette aiguille est fabriqu\u00e9e en acier inoxydable japonais import\u00e9 de premi\u00e8re qualit\u00e9, avec des pointes d&rsquo;aiguille bien dispos\u00e9es. La coque est fabriqu\u00e9e en PC m\u00e9dical, ce qui offre une s\u00e9curit\u00e9 accrue par rapport au PVC.<\/p>\n<p>  Cette cartouche utilise un syst\u00e8me de membrane avec une flexibilit\u00e9 douce et forte. Le mat\u00e9riau de la membrane comporte 4 barres \u00e9paisses pour une plus grande durabilit\u00e9. Avec une grande capacit\u00e9 de stockage d&rsquo;encre, cette cartouche assure un flux d&rsquo;encre r\u00e9gulier et uniforme, sans jets d&rsquo;encre ni \u00e9claboussures.<\/p>\n<p>  La cartouche Eliot d&rsquo;Emmalla est dot\u00e9e d&rsquo;une barre en plastique de forme carr\u00e9e qui permet de fixer solidement les aiguilles, ce qui rend l&rsquo;aiguille plus stable pendant le tatouage. La membrane de s\u00e9curit\u00e9 \u00e0 trois couches emp\u00eache le reflux de l&rsquo;encre, ce qui permet de mieux prot\u00e9ger votre machine \u00e0 tatouer.<\/p>\n<p>  Cette cartouche est fabriqu\u00e9e avec pr\u00e9cision et est 100% hygi\u00e9nique. La st\u00e9rilisation se fait par gaz E.O. Avec un long c\u00f4ne et une \u00e9paisseur d&rsquo;aiguille de 0,35 mm, cette cartouche est parfaite pour les tatouages au traceur rond. Choisissez la cartouche Eliot d&rsquo;Emmalla et profitez de la qualit\u00e9 et de la durabilit\u00e9 dont vous avez besoin pour r\u00e9aliser de magnifiques tatouages !<\/p>\n<p><strong>Quel est l&rsquo;avantage d&rsquo;utiliser de l&rsquo;acier inoxydable japonais import\u00e9 pour la cartouche Emmalla Eliot ?<\/strong><br \/>\n  L&rsquo;utilisation d&rsquo;acier inoxydable japonais import\u00e9 garantit la haute qualit\u00e9 et la durabilit\u00e9 de l&rsquo;aiguille. L&rsquo;acier est dot\u00e9 de pointes d&rsquo;aiguille ac\u00e9r\u00e9es et bien dispos\u00e9es, ce qui permet un tatouage pr\u00e9cis et professionnel.<\/p>\n<p><strong>Quel est l&rsquo;avantage du syst\u00e8me de membrane de la cartouche Emmalla Eliot ?<\/strong><br \/>\n  Le syst\u00e8me de membrane de la cartouche offre une flexibilit\u00e9 douce et forte. Cela garantit un flux d&rsquo;encre r\u00e9gulier et uniforme pendant le tatouage, sans jets d&rsquo;encre ni \u00e9claboussures. En outre, le mat\u00e9riau de la membrane avec 4 barres \u00e9paisses offre une plus grande durabilit\u00e9.<\/p>\n<p><strong>Quel est l&rsquo;avantage de la conception de la membrane de s\u00e9curit\u00e9 \u00e0 trois couches de la cartouche Emmalla Eliot ?<\/strong><br \/>\n  La conception de la membrane de s\u00e9curit\u00e9 \u00e0 trois couches emp\u00eache le reflux de l&rsquo;encre, ce qui signifie que la machine \u00e0 tatouer est mieux prot\u00e9g\u00e9e. Cela garantit une exp\u00e9rience de tatouage hygi\u00e9nique et s\u00fbre.<\/p>\n","protected":false},"excerpt":{"rendered":"<p>Vous cherchez une aiguille de tatouage de haute qualit\u00e9 ? Dans ce cas, la cartouche Eliot d&rsquo;Emmalla est ce qu&rsquo;il vous faut ! Cette aiguille est fabriqu\u00e9e en acier inoxydable japonais import\u00e9 de premi\u00e8re qualit\u00e9, avec des pointes d&rsquo;aiguille bien dispos\u00e9es. La coque est fabriqu\u00e9e en PC m\u00e9dical, ce qui offre une s\u00e9curit\u00e9 accrue par [&hellip;]<\/p>\n","protected":false},"featured_media":1893,"template":"","meta":{"_acf_changed":false},"product_brand":[],"product_cat":[160,161],"product_tag":[221,164,174,220],"class_list":{"0":"post-2341","1":"product","2":"type-product","3":"status-publish","4":"has-post-thumbnail","6":"product_cat-aiguilles-cartouche","7":"product_cat-cartouches-emalla","8":"product_tag-035-mm","9":"product_tag-cone-long-fr","10":"product_tag-doublure-ronde-fr","11":"product_tag-epaisseur-de-laiguille-12","13":"first","14":"instock","15":"taxable","16":"shipping-taxable","17":"purchasable","18":"product-type-simple"},"ams_default_variation_id":0,"ams_product_points_reward":[],"ams_product_discount_percentage":0,"ams_price_to_display":23.5,"ams_acf":[],"acf":[],"_links":{"self":[{"href":"https:\/\/inkskin.nl\/fr\/wp-json\/wp\/v2\/product\/2341","targetHints":{"allow":["GET"]}}],"collection":[{"href":"https:\/\/inkskin.nl\/fr\/wp-json\/wp\/v2\/product"}],"about":[{"href":"https:\/\/inkskin.nl\/fr\/wp-json\/wp\/v2\/types\/product"}],"version-history":[{"count":0,"href":"https:\/\/inkskin.nl\/fr\/wp-json\/wp\/v2\/product\/2341\/revisions"}],"wp:featuredmedia":[{"embeddable":true,"href":"https:\/\/inkskin.nl\/fr\/wp-json\/wp\/v2\/media\/1893"}],"wp:attachment":[{"href":"https:\/\/inkskin.nl\/fr\/wp-json\/wp\/v2\/media?parent=2341"}],"wp:term":[{"taxonomy":"product_brand","embeddable":true,"href":"https:\/\/inkskin.nl\/fr\/wp-json\/wp\/v2\/product_brand?post=2341"},{"taxonomy":"product_cat","embeddable":true,"href":"https:\/\/inkskin.nl\/fr\/wp-json\/wp\/v2\/product_cat?post=2341"},{"taxonomy":"product_tag","embeddable":true,"href":"https:\/\/inkskin.nl\/fr\/wp-json\/wp\/v2\/product_tag?post=2341"}],"curies":[{"name":"wp","href":"https:\/\/api.w.org\/{rel}","templated":true}]}}