{"id":2340,"date":"2024-03-27T09:50:55","date_gmt":"2024-03-27T09:50:55","guid":{"rendered":"https:\/\/inkskin.nl\/products\/emalla-1205-rsl\/"},"modified":"2024-03-27T09:50:55","modified_gmt":"2024-03-27T09:50:55","slug":"emalla-1205-rsl","status":"publish","type":"product","link":"https:\/\/inkskin.nl\/fr\/products\/emalla-1205-rsl\/","title":{"rendered":"Emalla 1205 RSL"},"content":{"rendered":"<p>Vous \u00eates \u00e0 la recherche d&rsquo;une machine \u00e0 tatouer de la plus haute qualit\u00e9 ? Dans ce cas, les cartouches Emmalla Eliot sont le choix id\u00e9al pour vous ! Cette machine est con\u00e7ue avec les technologies et les mat\u00e9riaux les plus r\u00e9cents pour garantir des performances optimales.<\/p>\n<p>  Les aiguilles des cartouches Emmalla Eliot sont fabriqu\u00e9es en acier inoxydable japonais import\u00e9 de la plus haute qualit\u00e9. Gr\u00e2ce \u00e0 leurs pointes d&rsquo;aiguille ac\u00e9r\u00e9es et \u00e0 leur disposition soign\u00e9e, ils offrent une exp\u00e9rience de tatouage pr\u00e9cise et exacte.<\/p>\n<p> Le mat\u00e9riau de la coque, de qualit\u00e9 m\u00e9dicale, offre une s\u00e9curit\u00e9 suppl\u00e9mentaire par rapport au mat\u00e9riau PVC. Le syst\u00e8me de membrane \u00e0 la fois souple et solide assure un flux d&rsquo;encre r\u00e9gulier et uniforme, sans jets d&rsquo;encre ni \u00e9claboussures.<\/p>\n<p>  Les cartouches Emmalla Eliot ont une grande capacit\u00e9 de stockage d&rsquo;encre et sont dot\u00e9es d&rsquo;une barre en plastique de forme carr\u00e9e qui fixe solidement les aiguilles, ce qui les rend plus stables pendant le tatouage.<\/p>\n<p> La membrane de s\u00e9curit\u00e9 \u00e0 trois couches emp\u00eache le reflux de l&rsquo;encre et prot\u00e8ge mieux votre machine \u00e0 tatouer. En outre, Emmalla Eliot Cartridges est fabriqu\u00e9e avec pr\u00e9cision et 100% hygi\u00e9nique, st\u00e9rilis\u00e9e par gaz E.O..<\/p>\n<p>  Avec son long c\u00f4ne et une \u00e9paisseur d&rsquo;aiguille de 12 (0,35 mm), la cartouche Eliot d&rsquo;Emmalla est parfaite pour les tatouages \u00e0 ombres rondes. Optez pour la qualit\u00e9 et la pr\u00e9cision avec les cartouches Emmalla Eliot !<\/p>\n<p><strong>Quel est le mat\u00e9riau utilis\u00e9 pour fabriquer les aiguilles des cartouches Emmalla Eliot ?<\/strong><br \/>\n  Les aiguilles des cartouches Emmalla Eliot sont fabriqu\u00e9es en acier inoxydable japonais import\u00e9 de la plus haute qualit\u00e9.<\/p>\n<p><strong>En quoi le mat\u00e9riau de la coque de qualit\u00e9 m\u00e9dicale offre-t-il une s\u00e9curit\u00e9 suppl\u00e9mentaire ?<\/strong><br \/>\n  Le mat\u00e9riau de la coque, de qualit\u00e9 m\u00e9dicale, offre une s\u00e9curit\u00e9 suppl\u00e9mentaire par rapport au PVC gr\u00e2ce \u00e0 sa durabilit\u00e9 et \u00e0 ses meilleures propri\u00e9t\u00e9s hygi\u00e9niques.<\/p>\n<p><strong>Quelle conception garantit la stabilit\u00e9 des aiguilles pendant le tatouage ?<\/strong><br \/>\n  Les cartouches Emmalla Eliot sont dot\u00e9es d&rsquo;une barre en plastique de forme carr\u00e9e qui fixe les aiguilles de mani\u00e8re stable, ce qui permet de maintenir les aiguilles stables pendant le tatouage.<\/p>\n","protected":false},"excerpt":{"rendered":"<p>Vous \u00eates \u00e0 la recherche d&rsquo;une machine \u00e0 tatouer de la plus haute qualit\u00e9 ? Dans ce cas, les cartouches Emmalla Eliot sont le choix id\u00e9al pour vous ! Cette machine est con\u00e7ue avec les technologies et les mat\u00e9riaux les plus r\u00e9cents pour garantir des performances optimales. Les aiguilles des cartouches Emmalla Eliot sont fabriqu\u00e9es [&hellip;]<\/p>\n","protected":false},"featured_media":1893,"template":"","meta":{"_acf_changed":false},"product_brand":[],"product_cat":[160,161],"product_tag":[221,164,220,166],"class_list":{"0":"post-2340","1":"product","2":"type-product","3":"status-publish","4":"has-post-thumbnail","6":"product_cat-aiguilles-cartouche","7":"product_cat-cartouches-emalla","8":"product_tag-035-mm","9":"product_tag-cone-long-fr","10":"product_tag-epaisseur-de-laiguille-12","11":"product_tag-ombres-rondes","13":"first","14":"instock","15":"taxable","16":"shipping-taxable","17":"purchasable","18":"product-type-simple"},"ams_default_variation_id":0,"ams_product_points_reward":[],"ams_product_discount_percentage":0,"ams_price_to_display":23.5,"ams_acf":[],"acf":[],"_links":{"self":[{"href":"https:\/\/inkskin.nl\/fr\/wp-json\/wp\/v2\/product\/2340","targetHints":{"allow":["GET"]}}],"collection":[{"href":"https:\/\/inkskin.nl\/fr\/wp-json\/wp\/v2\/product"}],"about":[{"href":"https:\/\/inkskin.nl\/fr\/wp-json\/wp\/v2\/types\/product"}],"version-history":[{"count":0,"href":"https:\/\/inkskin.nl\/fr\/wp-json\/wp\/v2\/product\/2340\/revisions"}],"wp:featuredmedia":[{"embeddable":true,"href":"https:\/\/inkskin.nl\/fr\/wp-json\/wp\/v2\/media\/1893"}],"wp:attachment":[{"href":"https:\/\/inkskin.nl\/fr\/wp-json\/wp\/v2\/media?parent=2340"}],"wp:term":[{"taxonomy":"product_brand","embeddable":true,"href":"https:\/\/inkskin.nl\/fr\/wp-json\/wp\/v2\/product_brand?post=2340"},{"taxonomy":"product_cat","embeddable":true,"href":"https:\/\/inkskin.nl\/fr\/wp-json\/wp\/v2\/product_cat?post=2340"},{"taxonomy":"product_tag","embeddable":true,"href":"https:\/\/inkskin.nl\/fr\/wp-json\/wp\/v2\/product_tag?post=2340"}],"curies":[{"name":"wp","href":"https:\/\/api.w.org\/{rel}","templated":true}]}}