{"id":2334,"date":"2024-03-27T09:50:48","date_gmt":"2024-03-27T09:50:48","guid":{"rendered":"https:\/\/inkskin.nl\/products\/emalla-1209-rsl\/"},"modified":"2024-03-27T09:50:48","modified_gmt":"2024-03-27T09:50:48","slug":"emalla-1209-rsl","status":"publish","type":"product","link":"https:\/\/inkskin.nl\/fr\/products\/emalla-1209-rsl\/","title":{"rendered":"Emalla 1209 RSL"},"content":{"rendered":"<p>Voici les cartouches Emmalla Eliot, le partenaire id\u00e9al pour votre aventure de tatouage ! Ces cartouches sont fabriqu\u00e9es avec des aiguilles japonaises import\u00e9es en acier inoxydable de haute qualit\u00e9, dont les pointes sont bien dispos\u00e9es. Le mat\u00e9riau de la coque, en PC de qualit\u00e9 m\u00e9dicale, offre une s\u00e9curit\u00e9 accrue par rapport au PVC.<\/p>\n<p>  Gr\u00e2ce au syst\u00e8me de membrane et au mat\u00e9riau sp\u00e9cial de la membrane avec quatre barres \u00e9paisses, vous b\u00e9n\u00e9ficiez d&rsquo;une flexibilit\u00e9 \u00e0 la fois souple et forte, ce qui rend votre machine \u00e0 tatouer plus durable. En outre, la grande capacit\u00e9 de stockage de l&rsquo;encre permet un \u00e9coulement r\u00e9gulier et uniforme de l&rsquo;encre, sans jets ni \u00e9claboussures g\u00eanants.<\/p>\n<p>  Gr\u00e2ce \u00e0 la tige en plastique de forme carr\u00e9e, les aiguilles restent stables et deviennent m\u00eame plus stables. La membrane de s\u00e9curit\u00e9 \u00e0 trois couches emp\u00eache le reflux de l&rsquo;encre et prot\u00e8ge ainsi votre machine \u00e0 tatouer de mani\u00e8re optimale.<\/p>\n<p>  Les cartouches Emmalla Eliot sont connues pour leur production pr\u00e9cise et leur hygi\u00e8ne \u00e0 100 %. Ils sont st\u00e9rilis\u00e9s au gaz E.O., ce qui vous permet de tatouer en toute confiance. Avec un long c\u00f4ne et une \u00e9paisseur d&rsquo;aiguille de 12 (0,35 mm), ces cartouches sont parfaites pour les ombrages ronds. Qu&rsquo;attendez-vous ? R\u00e9alisez vos r\u00eaves de tatouage avec les cartouches Emmalla Eliot !<\/p>\n<p><strong>Quelles sont les caract\u00e9ristiques des cartouches Emmalla Eliot ?<\/strong><br \/>\n  Les cartouches Emmalla Eliot sont dot\u00e9es d&rsquo;aiguilles japonaises en acier inoxydable de haute qualit\u00e9, d&rsquo;une coque en PC de qualit\u00e9 m\u00e9dicale et d&rsquo;un syst\u00e8me de membrane avec un mat\u00e9riau sp\u00e9cial. Ils sont \u00e0 la fois souples et r\u00e9sistants, ont une grande capacit\u00e9 de stockage d&rsquo;encre et sont dot\u00e9s d&rsquo;une membrane de s\u00e9curit\u00e9 \u00e0 trois couches.<\/p>\n<p><strong>Comment les cartouches Emmalla Eliot sont-elles st\u00e9rilis\u00e9es ?<\/strong><br \/>\n  Les cartouches Emmalla Eliot sont st\u00e9rilis\u00e9es au gaz E.O., ce qui garantit une exp\u00e9rience de tatouage s\u00fbre et hygi\u00e9nique.<\/p>\n<p><strong>Pour quel type de tatouage les cartouches Emmalla Eliot sont-elles adapt\u00e9es ?<\/strong><br \/>\n  Avec un long c\u00f4ne et une \u00e9paisseur d&rsquo;aiguille de 12 (0,35 mm), les cartouches Eliot d&rsquo;Emmalla sont parfaites pour les tatouages \u00e0 ombres rondes. Ils offrent pr\u00e9cision et durabilit\u00e9 pour des r\u00e9sultats lisses et r\u00e9guliers.<\/p>\n","protected":false},"excerpt":{"rendered":"<p>Voici les cartouches Emmalla Eliot, le partenaire id\u00e9al pour votre aventure de tatouage ! Ces cartouches sont fabriqu\u00e9es avec des aiguilles japonaises import\u00e9es en acier inoxydable de haute qualit\u00e9, dont les pointes sont bien dispos\u00e9es. Le mat\u00e9riau de la coque, en PC de qualit\u00e9 m\u00e9dicale, offre une s\u00e9curit\u00e9 accrue par rapport au PVC. Gr\u00e2ce au [&hellip;]<\/p>\n","protected":false},"featured_media":1893,"template":"","meta":{"_acf_changed":false},"product_brand":[],"product_cat":[160,161],"product_tag":[221,164,220,166],"class_list":{"0":"post-2334","1":"product","2":"type-product","3":"status-publish","4":"has-post-thumbnail","6":"product_cat-aiguilles-cartouche","7":"product_cat-cartouches-emalla","8":"product_tag-035-mm","9":"product_tag-cone-long-fr","10":"product_tag-epaisseur-de-laiguille-12","11":"product_tag-ombres-rondes","13":"first","14":"instock","15":"taxable","16":"shipping-taxable","17":"purchasable","18":"product-type-simple"},"ams_default_variation_id":0,"ams_product_points_reward":[],"ams_product_discount_percentage":0,"ams_price_to_display":25.5,"ams_acf":[],"acf":[],"_links":{"self":[{"href":"https:\/\/inkskin.nl\/fr\/wp-json\/wp\/v2\/product\/2334","targetHints":{"allow":["GET"]}}],"collection":[{"href":"https:\/\/inkskin.nl\/fr\/wp-json\/wp\/v2\/product"}],"about":[{"href":"https:\/\/inkskin.nl\/fr\/wp-json\/wp\/v2\/types\/product"}],"version-history":[{"count":0,"href":"https:\/\/inkskin.nl\/fr\/wp-json\/wp\/v2\/product\/2334\/revisions"}],"wp:featuredmedia":[{"embeddable":true,"href":"https:\/\/inkskin.nl\/fr\/wp-json\/wp\/v2\/media\/1893"}],"wp:attachment":[{"href":"https:\/\/inkskin.nl\/fr\/wp-json\/wp\/v2\/media?parent=2334"}],"wp:term":[{"taxonomy":"product_brand","embeddable":true,"href":"https:\/\/inkskin.nl\/fr\/wp-json\/wp\/v2\/product_brand?post=2334"},{"taxonomy":"product_cat","embeddable":true,"href":"https:\/\/inkskin.nl\/fr\/wp-json\/wp\/v2\/product_cat?post=2334"},{"taxonomy":"product_tag","embeddable":true,"href":"https:\/\/inkskin.nl\/fr\/wp-json\/wp\/v2\/product_tag?post=2334"}],"curies":[{"name":"wp","href":"https:\/\/api.w.org\/{rel}","templated":true}]}}