{"id":2333,"date":"2024-03-27T09:50:52","date_gmt":"2024-03-27T09:50:52","guid":{"rendered":"https:\/\/inkskin.nl\/products\/emalla-1207-rlm\/"},"modified":"2024-03-27T09:50:52","modified_gmt":"2024-03-27T09:50:52","slug":"emalla-1207-rlm","status":"publish","type":"product","link":"https:\/\/inkskin.nl\/fr\/products\/emalla-1207-rlm\/","title":{"rendered":"Emalla 1207 RLM"},"content":{"rendered":"<p>Vous \u00eates \u00e0 la recherche d&rsquo;une machine \u00e0 tatouer de la plus haute qualit\u00e9 ? D\u00e9couvrez les cartouches Emmalla Eliot ! Cette machine a \u00e9t\u00e9 con\u00e7ue dans un souci de pr\u00e9cision et d&rsquo;hygi\u00e8ne, pour vous permettre de r\u00e9aliser des tatouages parfaits.<\/p>\n<p>  Les aiguilles des cartouches Emmalla Eliot sont fabriqu\u00e9es en acier inoxydable japonais import\u00e9 de la plus haute qualit\u00e9. Avec des pointes d&rsquo;aiguille ac\u00e9r\u00e9es et une disposition soign\u00e9e, ils garantissent une exp\u00e9rience de tatouage sans effort.<\/p>\n<p> Le mat\u00e9riau de la coque, de qualit\u00e9 m\u00e9dicale, est plus s\u00fbr que le PVC. Le syst\u00e8me de membrane est flexible et solide, avec 4 barres \u00e9paissies pour une durabilit\u00e9 accrue.<\/p>\n<p>  Avec une grande capacit\u00e9 de stockage d&rsquo;encre et un flux d&rsquo;encre fluide et uniforme, vous n&rsquo;aurez pas \u00e0 vous soucier des jets d&rsquo;encre et des \u00e9claboussures. La barre en plastique de forme carr\u00e9e maintient les aiguilles stables et la machine stable.<\/p>\n<p>  En outre, les cartouches Emmalla Eliot sont dot\u00e9es d&rsquo;un diaphragme de s\u00e9curit\u00e9 \u00e0 trois couches qui emp\u00eache le reflux de l&rsquo;encre, assurant ainsi une meilleure protection de votre machine.<\/p>\n<p>  Avec les cartouches Emmalla Eliot, vous \u00eates assur\u00e9 de la pr\u00e9cision, de l&rsquo;hygi\u00e8ne et de la qualit\u00e9. Commandez maintenant et cr\u00e9ez les plus beaux tatouages en toute simplicit\u00e9 !<\/p>\n<p><strong>Quelle est la diff\u00e9rence entre les cartouches Emmalla Eliot et les autres machines \u00e0 tatouer du march\u00e9 ?<\/strong><br \/>\n  La diff\u00e9rence r\u00e9side dans la haute qualit\u00e9 des mat\u00e9riaux et du design des cartouches Emmalla Eliot. Ils sont fabriqu\u00e9s en acier inoxydable japonais import\u00e9 et leur coque est de qualit\u00e9 m\u00e9dicale, ce qui garantit une s\u00e9curit\u00e9 et une durabilit\u00e9 accrues. Il est \u00e9galement dot\u00e9 d&rsquo;une membrane de s\u00e9curit\u00e9 \u00e0 trois couches qui emp\u00eache le reflux de l&rsquo;encre.<\/p>\n<p><strong>Comment les cartouches Eliot d&rsquo;Emmalla garantissent-elles une exp\u00e9rience de tatouage sans effort ?<\/strong><br \/>\n  Les aiguilles des cartouches Emmalla Eliot sont dot\u00e9es de pointes ac\u00e9r\u00e9es et d&rsquo;une disposition soign\u00e9e, ce qui garantit une exp\u00e9rience de tatouage sans effort. Le flux d&rsquo;encre est \u00e9galement lisse et uniforme, ce qui vous \u00e9vite les jets d&rsquo;encre et les \u00e9claboussures.<\/p>\n<p><strong>Quelle est la capacit\u00e9 de stockage d&rsquo;encre des cartouches Emmalla Eliot ?<\/strong><br \/>\n  Les cartouches Emmalla Eliot ont une grande capacit\u00e9 de stockage d&rsquo;encre, de sorte que vous n&rsquo;avez pas besoin de recharger constamment l&rsquo;encre pendant le tatouage. Cela garantit une exp\u00e9rience de tatouage efficace et facile.<\/p>\n","protected":false},"excerpt":{"rendered":"<p>Vous \u00eates \u00e0 la recherche d&rsquo;une machine \u00e0 tatouer de la plus haute qualit\u00e9 ? D\u00e9couvrez les cartouches Emmalla Eliot ! Cette machine a \u00e9t\u00e9 con\u00e7ue dans un souci de pr\u00e9cision et d&rsquo;hygi\u00e8ne, pour vous permettre de r\u00e9aliser des tatouages parfaits. Les aiguilles des cartouches Emmalla Eliot sont fabriqu\u00e9es en acier inoxydable japonais import\u00e9 de [&hellip;]<\/p>\n","protected":false},"featured_media":1893,"template":"","meta":{"_acf_changed":false},"product_brand":[],"product_cat":[160,161],"product_tag":[221,171,174,220],"class_list":{"0":"post-2333","1":"product","2":"type-product","3":"status-publish","4":"has-post-thumbnail","6":"product_cat-aiguilles-cartouche","7":"product_cat-cartouches-emalla","8":"product_tag-035-mm","9":"product_tag-cone-moyen","10":"product_tag-doublure-ronde-fr","11":"product_tag-epaisseur-de-laiguille-12","13":"first","14":"instock","15":"taxable","16":"shipping-taxable","17":"purchasable","18":"product-type-simple"},"ams_default_variation_id":0,"ams_product_points_reward":[],"ams_product_discount_percentage":0,"ams_price_to_display":25.5,"ams_acf":[],"acf":[],"_links":{"self":[{"href":"https:\/\/inkskin.nl\/fr\/wp-json\/wp\/v2\/product\/2333","targetHints":{"allow":["GET"]}}],"collection":[{"href":"https:\/\/inkskin.nl\/fr\/wp-json\/wp\/v2\/product"}],"about":[{"href":"https:\/\/inkskin.nl\/fr\/wp-json\/wp\/v2\/types\/product"}],"version-history":[{"count":0,"href":"https:\/\/inkskin.nl\/fr\/wp-json\/wp\/v2\/product\/2333\/revisions"}],"wp:featuredmedia":[{"embeddable":true,"href":"https:\/\/inkskin.nl\/fr\/wp-json\/wp\/v2\/media\/1893"}],"wp:attachment":[{"href":"https:\/\/inkskin.nl\/fr\/wp-json\/wp\/v2\/media?parent=2333"}],"wp:term":[{"taxonomy":"product_brand","embeddable":true,"href":"https:\/\/inkskin.nl\/fr\/wp-json\/wp\/v2\/product_brand?post=2333"},{"taxonomy":"product_cat","embeddable":true,"href":"https:\/\/inkskin.nl\/fr\/wp-json\/wp\/v2\/product_cat?post=2333"},{"taxonomy":"product_tag","embeddable":true,"href":"https:\/\/inkskin.nl\/fr\/wp-json\/wp\/v2\/product_tag?post=2333"}],"curies":[{"name":"wp","href":"https:\/\/api.w.org\/{rel}","templated":true}]}}