{"id":2326,"date":"2024-03-27T09:50:49","date_gmt":"2024-03-27T09:50:49","guid":{"rendered":"https:\/\/inkskin.nl\/products\/emalla-1209-rll\/"},"modified":"2024-03-27T09:50:49","modified_gmt":"2024-03-27T09:50:49","slug":"emalla-1209-rll","status":"publish","type":"product","link":"https:\/\/inkskin.nl\/fr\/products\/emalla-1209-rll\/","title":{"rendered":"Emalla 1209 RLL"},"content":{"rendered":"<p>Vous \u00eates \u00e0 la recherche d&rsquo;une machine \u00e0 tatouer de qualit\u00e9 sup\u00e9rieure ? Dans ce cas, les cartouches Emmalla Eliot sont exactement ce qu&rsquo;il vous faut ! Cette machine est fabriqu\u00e9e avec des aiguilles japonaises en acier inoxydable de haute qualit\u00e9, import\u00e9es, dont les pointes sont ac\u00e9r\u00e9es et bien dispos\u00e9es. Le mat\u00e9riau PC de qualit\u00e9 m\u00e9dicale est plus s\u00fbr que le mat\u00e9riau PVC.  <\/p>\n<p>  Son syst\u00e8me de membrane unique offre une flexibilit\u00e9 \u00e0 la fois souple et forte. Le mat\u00e9riau de la membrane comporte 4 barres \u00e9paisses, ce qui permet d&rsquo;obtenir une machine durable. En outre, les cartouches Emmalla Eliot ont une grande capacit\u00e9 de stockage de l&rsquo;encre, ce qui permet \u00e0 l&rsquo;encre de s&rsquo;\u00e9couler de mani\u00e8re fluide et r\u00e9guli\u00e8re, sans \u00e9claboussure ni projection.<\/p>\n<p>  La forme carr\u00e9e de la tige en plastique maintient les aiguilles stables et rend l&rsquo;aiguille elle-m\u00eame plus stable. La membrane de s\u00e9curit\u00e9 \u00e0 trois couches emp\u00eache le reflux de l&rsquo;encre et prot\u00e8ge mieux votre machine \u00e0 tatouer. De plus, les cartouches d&rsquo;Emmalla Eliot Cartridges sont fabriqu\u00e9es avec pr\u00e9cision et sont 100% hygi\u00e9niques. Ils sont st\u00e9rilis\u00e9s au gaz E.O., ce qui vous permet de tatouer en toute tranquillit\u00e9.  <\/p>\n<p>  Avec une \u00e9paisseur d&rsquo;aiguille de 12 (0,35 mm) et un long c\u00f4ne, il est parfait pour r\u00e9aliser des lignes pr\u00e9cises et nettes. Choisissez les cartouches Emmalla Eliot et faites de chaque tatouage un chef-d&rsquo;\u0153uvre !<\/p>\n<p><strong>Quelle est la particularit\u00e9 des cartouches Emmalla Eliot ?<\/strong><br \/>\n  Les cartouches Emmalla Eliot sont sp\u00e9ciales en raison de la haute qualit\u00e9 des mat\u00e9riaux utilis\u00e9s, tels que les aiguilles japonaises import\u00e9es en acier inoxydable et le mat\u00e9riel PC m\u00e9dical. Le syst\u00e8me de membrane unique garantit souplesse et durabilit\u00e9, tandis que l&rsquo;encre s&rsquo;\u00e9coule de mani\u00e8re fluide et r\u00e9guli\u00e8re, sans \u00e9claboussures ni projections.<\/p>\n<p><strong>Comment les cartouches Emmalla Eliot sont-elles st\u00e9rilis\u00e9es ?<\/strong><br \/>\n  Les cartouches Emmalla Eliot sont st\u00e9rilis\u00e9es par gaz E.O. Cela garantit que les cartouches sont 100 % hygi\u00e9niques et peuvent \u00eatre utilis\u00e9es en toute s\u00e9curit\u00e9 pour le tatouage.<\/p>\n<p><strong>Quel type de tatouage convient le mieux \u00e0 Emmalla Eliot Cartridges ?<\/strong><br \/>\n  Les cartouches Eliot d&rsquo;Emmalla avec une \u00e9paisseur d&rsquo;aiguille de 12 (0,35 mm) et un long c\u00f4ne sont parfaites pour r\u00e9aliser des lignes pr\u00e9cises et nettes. Il est donc id\u00e9al pour cr\u00e9er des tatouages d\u00e9taill\u00e9s et des chefs-d&rsquo;\u0153uvre.<\/p>\n","protected":false},"excerpt":{"rendered":"<p>Vous \u00eates \u00e0 la recherche d&rsquo;une machine \u00e0 tatouer de qualit\u00e9 sup\u00e9rieure ? Dans ce cas, les cartouches Emmalla Eliot sont exactement ce qu&rsquo;il vous faut ! Cette machine est fabriqu\u00e9e avec des aiguilles japonaises en acier inoxydable de haute qualit\u00e9, import\u00e9es, dont les pointes sont ac\u00e9r\u00e9es et bien dispos\u00e9es. Le mat\u00e9riau PC de qualit\u00e9 [&hellip;]<\/p>\n","protected":false},"featured_media":1893,"template":"","meta":{"_acf_changed":false},"product_brand":[],"product_cat":[160,161],"product_tag":[221,164,174,220],"class_list":{"0":"post-2326","1":"product","2":"type-product","3":"status-publish","4":"has-post-thumbnail","6":"product_cat-aiguilles-cartouche","7":"product_cat-cartouches-emalla","8":"product_tag-035-mm","9":"product_tag-cone-long-fr","10":"product_tag-doublure-ronde-fr","11":"product_tag-epaisseur-de-laiguille-12","13":"first","14":"instock","15":"taxable","16":"shipping-taxable","17":"purchasable","18":"product-type-simple"},"ams_default_variation_id":0,"ams_product_points_reward":[],"ams_product_discount_percentage":0,"ams_price_to_display":25.5,"ams_acf":[],"acf":[],"_links":{"self":[{"href":"https:\/\/inkskin.nl\/fr\/wp-json\/wp\/v2\/product\/2326","targetHints":{"allow":["GET"]}}],"collection":[{"href":"https:\/\/inkskin.nl\/fr\/wp-json\/wp\/v2\/product"}],"about":[{"href":"https:\/\/inkskin.nl\/fr\/wp-json\/wp\/v2\/types\/product"}],"version-history":[{"count":0,"href":"https:\/\/inkskin.nl\/fr\/wp-json\/wp\/v2\/product\/2326\/revisions"}],"wp:featuredmedia":[{"embeddable":true,"href":"https:\/\/inkskin.nl\/fr\/wp-json\/wp\/v2\/media\/1893"}],"wp:attachment":[{"href":"https:\/\/inkskin.nl\/fr\/wp-json\/wp\/v2\/media?parent=2326"}],"wp:term":[{"taxonomy":"product_brand","embeddable":true,"href":"https:\/\/inkskin.nl\/fr\/wp-json\/wp\/v2\/product_brand?post=2326"},{"taxonomy":"product_cat","embeddable":true,"href":"https:\/\/inkskin.nl\/fr\/wp-json\/wp\/v2\/product_cat?post=2326"},{"taxonomy":"product_tag","embeddable":true,"href":"https:\/\/inkskin.nl\/fr\/wp-json\/wp\/v2\/product_tag?post=2326"}],"curies":[{"name":"wp","href":"https:\/\/api.w.org\/{rel}","templated":true}]}}