{"id":2324,"date":"2024-03-27T09:50:43","date_gmt":"2024-03-27T09:50:43","guid":{"rendered":"https:\/\/inkskin.nl\/products\/emalla-1214-rsl\/"},"modified":"2024-03-27T09:50:43","modified_gmt":"2024-03-27T09:50:43","slug":"emalla-1214-rsl","status":"publish","type":"product","link":"https:\/\/inkskin.nl\/fr\/products\/emalla-1214-rsl\/","title":{"rendered":"Emalla 1214 RSL"},"content":{"rendered":"<p>D\u00e9couvrez les cartouches Emmalla Eliot, le choix id\u00e9al pour les tatoueurs professionnels comme vous. Ces aiguilles sont fabriqu\u00e9es en acier inoxydable japonais import\u00e9 de haute qualit\u00e9, ce qui garantit des pointes d&rsquo;aiguille tranchantes et une disposition nette. La coque est fabriqu\u00e9e en PC de qualit\u00e9 m\u00e9dicale, ce qui la rend plus s\u00fbre que le PVC.<\/p>\n<p>  Avec un syst\u00e8me de membrane qui offre une flexibilit\u00e9 douce et forte, et un mat\u00e9riau de membrane avec 4 tiges \u00e9paissies pour une durabilit\u00e9 accrue, vous pouvez faire confiance \u00e0 ces cartouches pour durer. La grande capacit\u00e9 de stockage de l&rsquo;encre garantit un flux d&rsquo;encre r\u00e9gulier et uniforme, sans jets d&rsquo;encre ni \u00e9claboussures g\u00eanantes.<\/p>\n<p>  La tige en plastique de forme carr\u00e9e fixe les aiguilles de mani\u00e8re stable, ce qui les rend plus stables pendant l&rsquo;utilisation. La membrane de s\u00e9curit\u00e9 \u00e0 trois couches emp\u00eache le reflux de l&rsquo;encre et prot\u00e8ge mieux votre machine \u00e0 tatouer.<\/p>\n<p>  St\u00e9rilis\u00e9es au gaz E.O. et fabriqu\u00e9es avec pr\u00e9cision et 100% d&rsquo;hygi\u00e8ne, vous n&rsquo;aurez pas \u00e0 faire de compromis quant \u00e0 la qualit\u00e9 de vos aiguilles de tatouage. Choisissez les cartouches Emmalla Eliot et r\u00e9alisez les tatouages les plus beaux et les plus s\u00fbrs !<\/p>\n<p><strong>Le mat\u00e9riau des cartouches Emmalla Eliot peut-il \u00eatre utilis\u00e9 en toute s\u00e9curit\u00e9 ?<\/strong><br \/>\n  Oui, les cartouches Emmalla Eliot sont fabriqu\u00e9es en PC de qualit\u00e9 m\u00e9dicale, plus s\u00fbr que le PVC.<\/p>\n<p><strong>Quelle est la dur\u00e9e de vie des cartouches Emmalla Eliot ?<\/strong><br \/>\n  Les cartouches Emmalla Eliot sont fabriqu\u00e9es en acier inoxydable japonais import\u00e9 de haute qualit\u00e9 et sont dot\u00e9es d&rsquo;un syst\u00e8me de membrane tr\u00e8s r\u00e9sistant. Cela permet aux cartouches de durer longtemps.<\/p>\n<p><strong>Les cartouches Emmalla Eliot sont-elles hygi\u00e9niques et s\u00fbres ?<\/strong><br \/>\n  Oui, les cartouches Emmalla Eliot sont produites avec pr\u00e9cision et 100% d&rsquo;hygi\u00e8ne. Elles sont st\u00e9rilis\u00e9es au gaz E.O. et r\u00e9pondent aux normes d&rsquo;hygi\u00e8ne les plus strictes. Vous n&rsquo;avez donc pas \u00e0 faire de compromis sur la qualit\u00e9 et la s\u00e9curit\u00e9 de vos aiguilles de tatouage.<\/p>\n","protected":false},"excerpt":{"rendered":"<p>D\u00e9couvrez les cartouches Emmalla Eliot, le choix id\u00e9al pour les tatoueurs professionnels comme vous. Ces aiguilles sont fabriqu\u00e9es en acier inoxydable japonais import\u00e9 de haute qualit\u00e9, ce qui garantit des pointes d&rsquo;aiguille tranchantes et une disposition nette. La coque est fabriqu\u00e9e en PC de qualit\u00e9 m\u00e9dicale, ce qui la rend plus s\u00fbre que le PVC. [&hellip;]<\/p>\n","protected":false},"featured_media":1893,"template":"","meta":{"_acf_changed":false},"product_brand":[],"product_cat":[160,161],"product_tag":[221,164,220,166],"class_list":{"0":"post-2324","1":"product","2":"type-product","3":"status-publish","4":"has-post-thumbnail","6":"product_cat-aiguilles-cartouche","7":"product_cat-cartouches-emalla","8":"product_tag-035-mm","9":"product_tag-cone-long-fr","10":"product_tag-epaisseur-de-laiguille-12","11":"product_tag-ombres-rondes","13":"first","14":"instock","15":"taxable","16":"shipping-taxable","17":"purchasable","18":"product-type-simple"},"ams_default_variation_id":0,"ams_product_points_reward":[],"ams_product_discount_percentage":0,"ams_price_to_display":28.5,"ams_acf":[],"acf":[],"_links":{"self":[{"href":"https:\/\/inkskin.nl\/fr\/wp-json\/wp\/v2\/product\/2324","targetHints":{"allow":["GET"]}}],"collection":[{"href":"https:\/\/inkskin.nl\/fr\/wp-json\/wp\/v2\/product"}],"about":[{"href":"https:\/\/inkskin.nl\/fr\/wp-json\/wp\/v2\/types\/product"}],"version-history":[{"count":0,"href":"https:\/\/inkskin.nl\/fr\/wp-json\/wp\/v2\/product\/2324\/revisions"}],"wp:featuredmedia":[{"embeddable":true,"href":"https:\/\/inkskin.nl\/fr\/wp-json\/wp\/v2\/media\/1893"}],"wp:attachment":[{"href":"https:\/\/inkskin.nl\/fr\/wp-json\/wp\/v2\/media?parent=2324"}],"wp:term":[{"taxonomy":"product_brand","embeddable":true,"href":"https:\/\/inkskin.nl\/fr\/wp-json\/wp\/v2\/product_brand?post=2324"},{"taxonomy":"product_cat","embeddable":true,"href":"https:\/\/inkskin.nl\/fr\/wp-json\/wp\/v2\/product_cat?post=2324"},{"taxonomy":"product_tag","embeddable":true,"href":"https:\/\/inkskin.nl\/fr\/wp-json\/wp\/v2\/product_tag?post=2324"}],"curies":[{"name":"wp","href":"https:\/\/api.w.org\/{rel}","templated":true}]}}