{"id":2319,"date":"2024-03-27T09:50:38","date_gmt":"2024-03-27T09:50:38","guid":{"rendered":"https:\/\/inkskin.nl\/products\/cordon-rca-emalla-noir-pr1-a\/"},"modified":"2024-03-27T09:50:38","modified_gmt":"2024-03-27T09:50:38","slug":"cordon-rca-emalla-noir-pr1-a","status":"publish","type":"product","link":"https:\/\/inkskin.nl\/fr\/products\/cordon-rca-emalla-noir-pr1-a\/","title":{"rendered":"Cordon RCA Emalla noir (PR1-A)"},"content":{"rendered":"<p>Si vous recherchez un c\u00e2ble de recharge durable et flexible pour tous vos appareils, le c\u00e2ble de recharge en silicone souple est exactement ce qu&rsquo;il vous faut ! Fabriqu\u00e9 en silicone souple de haute qualit\u00e9, ce c\u00e2ble offre une durabilit\u00e9 et une flexibilit\u00e9 in\u00e9gal\u00e9es. Avec une longueur de 1,8 m\u00e8tre, vous disposez d&rsquo;une libert\u00e9 de mouvement suffisante pour charger votre appareil, m\u00eame si la prise de courant est \u00e9loign\u00e9e. Le diam\u00e8tre ext\u00e9rieur de seulement 2,0 mm garantit que le c\u00e2ble est facile \u00e0 ranger et ne s&#8217;emm\u00eale pas. Que vous soyez \u00e0 la maison, au bureau ou en d\u00e9placement, ce c\u00e2ble de charge garantit que vos appareils restent toujours charg\u00e9s. Commandez d\u00e8s maintenant le c\u00e2ble de recharge en silicone souple et d\u00e9couvrez sa commodit\u00e9 et sa qualit\u00e9 par vous-m\u00eame !<\/p>\n<p><strong>Le c\u00e2ble de recharge en silicone souple convient-il \u00e0 tous les appareils ?<\/strong><br \/>\n  Oui, le c\u00e2ble de recharge en silicone souple convient \u00e0 tous les appareils pouvant \u00eatre recharg\u00e9s via un port USB, tels que les smartphones, les tablettes, les smartwatches, etc.<\/p>\n<p><strong>Puis-je utiliser le c\u00e2ble de recharge en silicone souple m\u00eame lorsque je suis loin de la prise murale ?<\/strong><br \/>\n  Oui, le c\u00e2ble de recharge en silicone souple a une longueur de 1,8 m\u00e8tre, ce qui vous donne suffisamment de libert\u00e9 de mouvement pour recharger votre appareil m\u00eame lorsque la prise de courant est \u00e9loign\u00e9e.<\/p>\n<p><strong>Le c\u00e2ble de recharge en silicone souple est-il facile \u00e0 ranger ?<\/strong><br \/>\n  Oui, le c\u00e2ble de recharge en silicone souple a un diam\u00e8tre ext\u00e9rieur de seulement 2,0 mm, ce qui le rend facile \u00e0 ranger et \u00e0 emm\u00ealer.<\/p>\n","protected":false},"excerpt":{"rendered":"<p>Si vous recherchez un c\u00e2ble de recharge durable et flexible pour tous vos appareils, le c\u00e2ble de recharge en silicone souple est exactement ce qu&rsquo;il vous faut ! Fabriqu\u00e9 en silicone souple de haute qualit\u00e9, ce c\u00e2ble offre une durabilit\u00e9 et une flexibilit\u00e9 in\u00e9gal\u00e9es. Avec une longueur de 1,8 m\u00e8tre, vous disposez d&rsquo;une libert\u00e9 de [&hellip;]<\/p>\n","protected":false},"featured_media":1635,"template":"","meta":{"_acf_changed":false},"product_brand":[],"product_cat":[189],"product_tag":[197,244],"class_list":{"0":"post-2319","1":"product","2":"type-product","3":"status-publish","4":"has-post-thumbnail","6":"product_cat-machine-a-tatouer","7":"product_tag-aiguilles-cartouche","8":"product_tag-cartouches-emalla","10":"first","11":"instock","12":"taxable","13":"shipping-taxable","14":"purchasable","15":"product-type-simple"},"ams_default_variation_id":0,"ams_product_points_reward":[],"ams_product_discount_percentage":0,"ams_price_to_display":10,"ams_acf":[],"acf":[],"_links":{"self":[{"href":"https:\/\/inkskin.nl\/fr\/wp-json\/wp\/v2\/product\/2319","targetHints":{"allow":["GET"]}}],"collection":[{"href":"https:\/\/inkskin.nl\/fr\/wp-json\/wp\/v2\/product"}],"about":[{"href":"https:\/\/inkskin.nl\/fr\/wp-json\/wp\/v2\/types\/product"}],"version-history":[{"count":0,"href":"https:\/\/inkskin.nl\/fr\/wp-json\/wp\/v2\/product\/2319\/revisions"}],"wp:featuredmedia":[{"embeddable":true,"href":"https:\/\/inkskin.nl\/fr\/wp-json\/wp\/v2\/media\/1635"}],"wp:attachment":[{"href":"https:\/\/inkskin.nl\/fr\/wp-json\/wp\/v2\/media?parent=2319"}],"wp:term":[{"taxonomy":"product_brand","embeddable":true,"href":"https:\/\/inkskin.nl\/fr\/wp-json\/wp\/v2\/product_brand?post=2319"},{"taxonomy":"product_cat","embeddable":true,"href":"https:\/\/inkskin.nl\/fr\/wp-json\/wp\/v2\/product_cat?post=2319"},{"taxonomy":"product_tag","embeddable":true,"href":"https:\/\/inkskin.nl\/fr\/wp-json\/wp\/v2\/product_tag?post=2319"}],"curies":[{"name":"wp","href":"https:\/\/api.w.org\/{rel}","templated":true}]}}