{"id":2317,"date":"2024-03-27T09:50:37","date_gmt":"2024-03-27T09:50:37","guid":{"rendered":"https:\/\/inkskin.nl\/products\/emalla-tattoo-machine-wireles-pen-black-3-5-mm\/"},"modified":"2024-03-27T09:50:37","modified_gmt":"2024-03-27T09:50:37","slug":"emalla-tattoo-machine-wireles-pen-black-3-5-mm","status":"publish","type":"product","link":"https:\/\/inkskin.nl\/fr\/products\/emalla-tattoo-machine-wireles-pen-black-3-5-mm\/","title":{"rendered":"Emalla Tattoo Machine Wireles Pen Black 3.5 mm"},"content":{"rendered":"<p>D\u00e9couvrez le puissant et fiable JumpStart 1800mAh. Ce produit innovant est sp\u00e9cialement con\u00e7u pour vous aider lorsque vous en avez le plus besoin. Fabriqu\u00e9 en aluminium a\u00e9ronautique de haute qualit\u00e9, ce d\u00e9marreur portable est durable et robuste, ce qui le rend parfait pour une utilisation professionnelle ou personnelle.<\/p>\n<p>  Avec un puissant moteur Coreless et une tension de fonctionnement de 4-12V, le JumpStart 1800mAh est capable de d\u00e9marrer sans effort et de redonner vie \u00e0 votre moteur. Avec une longueur de course de 3,5 mm, cet appareil peut faire tourner les moteurs les plus r\u00e9calcitrants en un rien de temps.<\/p>\n<p>  Le JumpStart 1800mAh est dot\u00e9 d&rsquo;une batterie d&rsquo;une capacit\u00e9 de 1800mAh, ce qui lui permet de fonctionner jusqu&rsquo;\u00e0 10 heures avec une charge compl\u00e8te. Gr\u00e2ce au mode de charge rapide de type 2, cet appareil est enti\u00e8rement recharg\u00e9 en seulement 1,5 heure. De plus, le JumpStart 1800mAh peut \u00e9galement servir de banque d&rsquo;alimentation pratique pour vos autres appareils.<\/p>\n<p>  Avec une tension de d\u00e9marrage impressionnante de 9V en seulement 0,2 seconde, le JumpStart 1800mAh est le compagnon id\u00e9al pour vos d\u00e9placements. Que vous soyez bloqu\u00e9 avec une batterie \u00e0 plat ou que vous souhaitiez simplement b\u00e9n\u00e9ficier d&rsquo;une s\u00e9curit\u00e9 suppl\u00e9mentaire, ce d\u00e9marreur est l\u00e0 pour vous sauver la mise. N&rsquo;h\u00e9sitez plus et simplifiez-vous la vie avec le JumpStart 1800mAh.<\/p>\n<p><strong>Combien de temps le JumpStart 1800mAh peut-il fonctionner avec une charge compl\u00e8te ?<\/strong><br \/>\n  Le JumpStart 1800mAh peut fonctionner jusqu&rsquo;\u00e0 10 heures avec une charge compl\u00e8te.<\/p>\n<p><strong>Combien de temps faut-il pour charger compl\u00e8tement le JumpStart 1800mAh ?<\/strong><br \/>\n  Avec le mode de charge rapide de type 2, le JumpStart 1800mAh peut \u00eatre enti\u00e8rement recharg\u00e9 en seulement 1,5 heure.<\/p>\n<p><strong>Le JumpStart 1800mAh peut-il \u00e9galement servir de banque d&rsquo;alimentation pour d&rsquo;autres appareils ?<\/strong><br \/>\n  Oui, le JumpStart 1800mAh peut \u00e9galement servir de powerbank pratique pour vos autres appareils.<\/p>\n","protected":false},"excerpt":{"rendered":"<p>D\u00e9couvrez le puissant et fiable JumpStart 1800mAh. Ce produit innovant est sp\u00e9cialement con\u00e7u pour vous aider lorsque vous en avez le plus besoin. Fabriqu\u00e9 en aluminium a\u00e9ronautique de haute qualit\u00e9, ce d\u00e9marreur portable est durable et robuste, ce qui le rend parfait pour une utilisation professionnelle ou personnelle. Avec un puissant moteur Coreless et une [&hellip;]<\/p>\n","protected":false},"featured_media":1634,"template":"","meta":{"_acf_changed":false},"product_brand":[],"product_cat":[189],"product_tag":[197,244],"class_list":{"0":"post-2317","1":"product","2":"type-product","3":"status-publish","4":"has-post-thumbnail","6":"product_cat-machine-a-tatouer","7":"product_tag-aiguilles-cartouche","8":"product_tag-cartouches-emalla","10":"first","11":"instock","12":"taxable","13":"shipping-taxable","14":"purchasable","15":"product-type-simple"},"ams_default_variation_id":0,"ams_product_points_reward":[],"ams_product_discount_percentage":0,"ams_price_to_display":395,"ams_acf":[],"acf":[],"_links":{"self":[{"href":"https:\/\/inkskin.nl\/fr\/wp-json\/wp\/v2\/product\/2317","targetHints":{"allow":["GET"]}}],"collection":[{"href":"https:\/\/inkskin.nl\/fr\/wp-json\/wp\/v2\/product"}],"about":[{"href":"https:\/\/inkskin.nl\/fr\/wp-json\/wp\/v2\/types\/product"}],"version-history":[{"count":0,"href":"https:\/\/inkskin.nl\/fr\/wp-json\/wp\/v2\/product\/2317\/revisions"}],"wp:featuredmedia":[{"embeddable":true,"href":"https:\/\/inkskin.nl\/fr\/wp-json\/wp\/v2\/media\/1634"}],"wp:attachment":[{"href":"https:\/\/inkskin.nl\/fr\/wp-json\/wp\/v2\/media?parent=2317"}],"wp:term":[{"taxonomy":"product_brand","embeddable":true,"href":"https:\/\/inkskin.nl\/fr\/wp-json\/wp\/v2\/product_brand?post=2317"},{"taxonomy":"product_cat","embeddable":true,"href":"https:\/\/inkskin.nl\/fr\/wp-json\/wp\/v2\/product_cat?post=2317"},{"taxonomy":"product_tag","embeddable":true,"href":"https:\/\/inkskin.nl\/fr\/wp-json\/wp\/v2\/product_tag?post=2317"}],"curies":[{"name":"wp","href":"https:\/\/api.w.org\/{rel}","templated":true}]}}