{"id":2314,"date":"2024-03-27T09:50:35","date_gmt":"2024-03-27T09:50:35","guid":{"rendered":"https:\/\/inkskin.nl\/products\/distributeur-de-feuilles-metalliques-30cm-de-large\/"},"modified":"2024-03-27T09:50:35","modified_gmt":"2024-03-27T09:50:35","slug":"distributeur-de-feuilles-metalliques-30cm-de-large","status":"publish","type":"product","link":"https:\/\/inkskin.nl\/fr\/products\/distributeur-de-feuilles-metalliques-30cm-de-large\/","title":{"rendered":"Distributeur de feuilles m\u00e9talliques 30cm de large"},"content":{"rendered":"<p>Vous cherchez une solution professionnelle pour conserver vos bobines de film de mani\u00e8re organis\u00e9e et facile \u00e0 utiliser ? Dans ce cas, le distributeur m\u00e9tallique pour rouleaux de film de 30 cm de large est le produit qu&rsquo;il vous faut ! Ce distributeur est sp\u00e9cialement con\u00e7u pour stocker vos rouleaux de film de mani\u00e8re professionnelle et efficace. Gr\u00e2ce \u00e0 sa construction m\u00e9tallique robuste, ce distributeur est durable. Le distributeur convient aux rouleaux de films domestiques et professionnels et peut contenir un maximum d&rsquo;un rouleau \u00e0 la fois. Gr\u00e2ce au bord coupant pratique, vous pouvez couper le film sans probl\u00e8me. En bref, avec le distributeur Metal pour rouleaux de film de 30 cm de large, vous disposez toujours d&rsquo;une solution organis\u00e9e et pratique \u00e0 port\u00e9e de main !<\/p>\n<p><strong>Le distributeur m\u00e9tallique pour rouleaux de film de 30 cm de large convient-il \u00e0 un usage domestique ou professionnel ?<\/strong><br \/>\n  Oui, le distributeur Metal est sp\u00e9cialement con\u00e7u pour stocker et utiliser les rouleaux de films domestiques et professionnels.<\/p>\n<p><strong>Le distributeur Metal pour rouleaux de film de 30 cm de large peut-il contenir plus d&rsquo;un rouleau \u00e0 la fois ?<\/strong><br \/>\n  Non, le distributeur est con\u00e7u pour contenir un seul rouleau \u00e0 la fois.<\/p>\n<p><strong>Est-il facile de couper le film \u00e0 l&rsquo;aide du distributeur de m\u00e9tal ?<\/strong><br \/>\n  Oui, le distributeur est dot\u00e9 d&rsquo;un bord coupant pratique qui vous permet de couper facilement le film.<\/p>\n","protected":false},"excerpt":{"rendered":"<p>Vous cherchez une solution professionnelle pour conserver vos bobines de film de mani\u00e8re organis\u00e9e et facile \u00e0 utiliser ? Dans ce cas, le distributeur m\u00e9tallique pour rouleaux de film de 30 cm de large est le produit qu&rsquo;il vous faut ! Ce distributeur est sp\u00e9cialement con\u00e7u pour stocker vos rouleaux de film de mani\u00e8re professionnelle [&hellip;]<\/p>\n","protected":false},"featured_media":4110,"template":"","meta":{"_acf_changed":false},"product_brand":[],"product_cat":[193],"product_tag":[190],"class_list":{"0":"post-2314","1":"product","2":"type-product","3":"status-publish","4":"has-post-thumbnail","6":"product_cat-article-sur-lhygiene","7":"product_tag-machine-a-tatouer","9":"first","10":"instock","11":"taxable","12":"shipping-taxable","13":"purchasable","14":"product-type-simple"},"ams_default_variation_id":0,"ams_product_points_reward":[],"ams_product_discount_percentage":0,"ams_price_to_display":29.5,"ams_acf":[],"acf":[],"_links":{"self":[{"href":"https:\/\/inkskin.nl\/fr\/wp-json\/wp\/v2\/product\/2314","targetHints":{"allow":["GET"]}}],"collection":[{"href":"https:\/\/inkskin.nl\/fr\/wp-json\/wp\/v2\/product"}],"about":[{"href":"https:\/\/inkskin.nl\/fr\/wp-json\/wp\/v2\/types\/product"}],"version-history":[{"count":0,"href":"https:\/\/inkskin.nl\/fr\/wp-json\/wp\/v2\/product\/2314\/revisions"}],"wp:featuredmedia":[{"embeddable":true,"href":"https:\/\/inkskin.nl\/fr\/wp-json\/wp\/v2\/media\/4110"}],"wp:attachment":[{"href":"https:\/\/inkskin.nl\/fr\/wp-json\/wp\/v2\/media?parent=2314"}],"wp:term":[{"taxonomy":"product_brand","embeddable":true,"href":"https:\/\/inkskin.nl\/fr\/wp-json\/wp\/v2\/product_brand?post=2314"},{"taxonomy":"product_cat","embeddable":true,"href":"https:\/\/inkskin.nl\/fr\/wp-json\/wp\/v2\/product_cat?post=2314"},{"taxonomy":"product_tag","embeddable":true,"href":"https:\/\/inkskin.nl\/fr\/wp-json\/wp\/v2\/product_tag?post=2314"}],"curies":[{"name":"wp","href":"https:\/\/api.w.org\/{rel}","templated":true}]}}