{"id":2313,"date":"2024-03-27T09:50:31","date_gmt":"2024-03-27T09:50:31","guid":{"rendered":"https:\/\/inkskin.nl\/products\/gants-latex-uniglove-noir-xl\/"},"modified":"2024-03-27T09:50:31","modified_gmt":"2024-03-27T09:50:31","slug":"gants-latex-uniglove-noir-xl","status":"publish","type":"product","link":"https:\/\/inkskin.nl\/fr\/products\/gants-latex-uniglove-noir-xl\/","title":{"rendered":"Gants Latex Uniglove Noir XL"},"content":{"rendered":"<p>Nos gants Select Black sont les gants incontournables des tatoueurs du monde entier ! Sp\u00e9cialement con\u00e7us et d\u00e9velopp\u00e9s par Unigloves, ces gants d&rsquo;examen noirs offrent une protection et un confort ultimes pendant le tatouage.  <\/p>\n<p>  Avec plus de 25 ans d&rsquo;exp\u00e9rience, nous avons perfectionn\u00e9 nos gants Select Black pour qu&rsquo;ils r\u00e9pondent aux normes les plus strictes en mati\u00e8re de protection, de pr\u00e9hension et de dext\u00e9rit\u00e9. Vous pouvez vous concentrer pleinement sur la cr\u00e9ation de tatouages \u00e9poustouflants, tout en prot\u00e9geant vos mains de mani\u00e8re optimale.<\/p>\n<p>  Que vous soyez un tatoueur d\u00e9butant ou un professionnel chevronn\u00e9, les gants Select Black offrent une tenue et une flexibilit\u00e9 parfaites. Fabriqu\u00e9s en latex de haute qualit\u00e9, ils conviennent \u00e0 un usage unique et garantissent un environnement de travail hygi\u00e9nique.<\/p>\n<p>  Optez pour la qualit\u00e9 et la fiabilit\u00e9 avec les gants Select Black d&rsquo;Unigloves. Vous serez surpris par le confort et les performances de ces gants. Commandez-les d\u00e8s aujourd&rsquo;hui et pr\u00e9parez-vous \u00e0 cr\u00e9er de magnifiques tatouages !<\/p>\n<p><strong>Les gants Select Black conviennent-ils pour une utilisation \u00e0 long terme pendant le tatouage ?<\/strong><br \/>\n  Oui, les gants Select Black sont sp\u00e9cialement con\u00e7us pour les tatoueurs et offrent \u00e0 la fois protection et confort pendant le tatouage. Ils ont \u00e9t\u00e9 perfectionn\u00e9s pour r\u00e9pondre aux normes les plus strictes en mati\u00e8re de protection, de pr\u00e9hension et de dext\u00e9rit\u00e9, afin que vous puissiez travailler en toute confiance pendant de longues p\u00e9riodes.<\/p>\n<p><strong>Les gants Select Black conviennent-ils aux tatoueurs d\u00e9butants et exp\u00e9riment\u00e9s ?<\/strong><br \/>\n  Oui, les gants Select Black offrent un ajustement et une flexibilit\u00e9 parfaits pour les tatoueurs d\u00e9butants et les professionnels chevronn\u00e9s. Ils sont fabriqu\u00e9s en latex de haute qualit\u00e9 et conviennent \u00e0 un usage unique, garantissant un environnement de travail hygi\u00e9nique.<\/p>\n<p><strong>O\u00f9 puis-je commander les gants Select Black d&rsquo;Unigloves ?<\/strong><br \/>\n  Vous pouvez commander les gants Select Black d&rsquo;Unigloves sur notre site Internet d\u00e8s aujourd&rsquo;hui. [website] Visitez et d\u00e9couvrez le confort et la performance que ces gants offrent. Commencez \u00e0 cr\u00e9er de magnifiques tatouages gr\u00e2ce \u00e0 la qualit\u00e9 et \u00e0 la fiabilit\u00e9 des gants Select Black.<\/p>\n","protected":false},"excerpt":{"rendered":"<p>Nos gants Select Black sont les gants incontournables des tatoueurs du monde entier ! Sp\u00e9cialement con\u00e7us et d\u00e9velopp\u00e9s par Unigloves, ces gants d&rsquo;examen noirs offrent une protection et un confort ultimes pendant le tatouage. Avec plus de 25 ans d&rsquo;exp\u00e9rience, nous avons perfectionn\u00e9 nos gants Select Black pour qu&rsquo;ils r\u00e9pondent aux normes les plus strictes [&hellip;]<\/p>\n","protected":false},"featured_media":1627,"template":"","meta":{"_acf_changed":false},"product_brand":[],"product_cat":[193],"product_tag":[242],"class_list":{"0":"post-2313","1":"product","2":"type-product","3":"status-publish","4":"has-post-thumbnail","6":"product_cat-article-sur-lhygiene","7":"product_tag-latex-fr","9":"first","10":"instock","11":"taxable","12":"shipping-taxable","13":"purchasable","14":"product-type-simple"},"ams_default_variation_id":0,"ams_product_points_reward":[],"ams_product_discount_percentage":0,"ams_price_to_display":10,"ams_acf":[],"acf":[],"_links":{"self":[{"href":"https:\/\/inkskin.nl\/fr\/wp-json\/wp\/v2\/product\/2313","targetHints":{"allow":["GET"]}}],"collection":[{"href":"https:\/\/inkskin.nl\/fr\/wp-json\/wp\/v2\/product"}],"about":[{"href":"https:\/\/inkskin.nl\/fr\/wp-json\/wp\/v2\/types\/product"}],"version-history":[{"count":0,"href":"https:\/\/inkskin.nl\/fr\/wp-json\/wp\/v2\/product\/2313\/revisions"}],"wp:featuredmedia":[{"embeddable":true,"href":"https:\/\/inkskin.nl\/fr\/wp-json\/wp\/v2\/media\/1627"}],"wp:attachment":[{"href":"https:\/\/inkskin.nl\/fr\/wp-json\/wp\/v2\/media?parent=2313"}],"wp:term":[{"taxonomy":"product_brand","embeddable":true,"href":"https:\/\/inkskin.nl\/fr\/wp-json\/wp\/v2\/product_brand?post=2313"},{"taxonomy":"product_cat","embeddable":true,"href":"https:\/\/inkskin.nl\/fr\/wp-json\/wp\/v2\/product_cat?post=2313"},{"taxonomy":"product_tag","embeddable":true,"href":"https:\/\/inkskin.nl\/fr\/wp-json\/wp\/v2\/product_tag?post=2313"}],"curies":[{"name":"wp","href":"https:\/\/api.w.org\/{rel}","templated":true}]}}