{"id":2310,"date":"2024-03-27T09:50:34","date_gmt":"2024-03-27T09:50:34","guid":{"rendered":"https:\/\/inkskin.nl\/products\/griptape-noir-par-12-pieces\/"},"modified":"2024-03-27T09:50:34","modified_gmt":"2024-03-27T09:50:34","slug":"griptape-noir-par-12-pieces","status":"publish","type":"product","link":"https:\/\/inkskin.nl\/fr\/products\/griptape-noir-par-12-pieces\/","title":{"rendered":"Griptape noir par 12 pi\u00e8ces"},"content":{"rendered":"<p>Vous \u00eates un tatoueur et vous \u00eates toujours \u00e0 la recherche des meilleurs outils pour r\u00e9aliser des cr\u00e9ations parfaites ? Dans ce cas, le Griptape 5cm Wide est le must pour vous ! Gr\u00e2ce \u00e0 ces bandages de pr\u00e9hension, vous \u00eates assur\u00e9 d&rsquo;avoir la meilleure prise possible sur votre machine \u00e0 tatouer, m\u00eame sur des surfaces glissantes.  <\/p>\n<p>  Les bandages de pr\u00e9hension sont non seulement pratiques, mais aussi tr\u00e8s s\u00fbrs. Gr\u00e2ce \u00e0 l&rsquo;auto-adh\u00e9rence, vous n&rsquo;avez pas besoin de coller, ce qui garantit un ajustement parfait et l&rsquo;absence de r\u00e9sidus collants. En outre, ces bandages r\u00e9duisent l&rsquo;effort de nettoyage de votre machine \u00e0 tatouer, ce qui vous permet de consacrer plus de temps \u00e0 la cr\u00e9ation de beaux tatouages.  <\/p>\n<p>  Le Griptape de 5 cm de large est emball\u00e9 individuellement et il y a jusqu&rsquo;\u00e0 12 pi\u00e8ces par bo\u00eete. Qu&rsquo;attendez-vous ? Am\u00e9liorez votre exp\u00e9rience du tatouage avec ces bandages de pr\u00e9hension g\u00e9niaux !<\/p>\n<p><strong>Les Griptape 5cm Wide conviennent-ils \u00e0 toutes les machines \u00e0 tatouer ?<\/strong><br \/>\n  Oui, le Griptape 5cm Wide convient \u00e0 toutes les machines \u00e0 tatouer. Les bandages de pr\u00e9hension offrent une adh\u00e9rence optimale m\u00eame sur les surfaces glissantes, ce qui permet de les utiliser avec diff\u00e9rents types de machines \u00e0 tatouer.<\/p>\n<p><strong>Les bandes Griptape 5cm Wide sont-elles faciles \u00e0 nettoyer ?<\/strong><br \/>\n  Oui, le Griptape 5cm Wide r\u00e9duit l&rsquo;effort de nettoyage de votre machine \u00e0 tatouer. Ils se nettoient et s&rsquo;entretiennent facilement, ce qui vous permet de consacrer plus de temps \u00e0 la cr\u00e9ation de beaux tatouages.<\/p>\n<p><strong>Quelle est la dur\u00e9e de vie du Griptape 5cm Wide ?<\/strong><br \/>\n  Les Griptape de 5 cm de large sont emball\u00e9s individuellement et il y a 12 pi\u00e8ces dans une bo\u00eete. La dur\u00e9e de vie de chaque bandage de pr\u00e9hension d\u00e9pend de son utilisation, mais une bo\u00eete contient suffisamment de bandages pour durer longtemps.<\/p>\n","protected":false},"excerpt":{"rendered":"<p>Vous \u00eates un tatoueur et vous \u00eates toujours \u00e0 la recherche des meilleurs outils pour r\u00e9aliser des cr\u00e9ations parfaites ? Dans ce cas, le Griptape 5cm Wide est le must pour vous ! Gr\u00e2ce \u00e0 ces bandages de pr\u00e9hension, vous \u00eates assur\u00e9 d&rsquo;avoir la meilleure prise possible sur votre machine \u00e0 tatouer, m\u00eame sur des [&hellip;]<\/p>\n","protected":false},"featured_media":1631,"template":"","meta":{"_acf_changed":false},"product_brand":[],"product_cat":[15],"product_tag":[195,243],"class_list":{"0":"post-2310","1":"product","2":"type-product","3":"status-publish","4":"has-post-thumbnail","6":"product_cat-uncategorized","7":"product_tag-article-sur-lhygiene","8":"product_tag-ruban-adhesif","10":"first","11":"instock","12":"taxable","13":"shipping-taxable","14":"purchasable","15":"product-type-simple"},"ams_default_variation_id":0,"ams_product_points_reward":[],"ams_product_discount_percentage":0,"ams_price_to_display":22.5,"ams_acf":[],"acf":[],"_links":{"self":[{"href":"https:\/\/inkskin.nl\/fr\/wp-json\/wp\/v2\/product\/2310","targetHints":{"allow":["GET"]}}],"collection":[{"href":"https:\/\/inkskin.nl\/fr\/wp-json\/wp\/v2\/product"}],"about":[{"href":"https:\/\/inkskin.nl\/fr\/wp-json\/wp\/v2\/types\/product"}],"version-history":[{"count":0,"href":"https:\/\/inkskin.nl\/fr\/wp-json\/wp\/v2\/product\/2310\/revisions"}],"wp:featuredmedia":[{"embeddable":true,"href":"https:\/\/inkskin.nl\/fr\/wp-json\/wp\/v2\/media\/1631"}],"wp:attachment":[{"href":"https:\/\/inkskin.nl\/fr\/wp-json\/wp\/v2\/media?parent=2310"}],"wp:term":[{"taxonomy":"product_brand","embeddable":true,"href":"https:\/\/inkskin.nl\/fr\/wp-json\/wp\/v2\/product_brand?post=2310"},{"taxonomy":"product_cat","embeddable":true,"href":"https:\/\/inkskin.nl\/fr\/wp-json\/wp\/v2\/product_cat?post=2310"},{"taxonomy":"product_tag","embeddable":true,"href":"https:\/\/inkskin.nl\/fr\/wp-json\/wp\/v2\/product_tag?post=2310"}],"curies":[{"name":"wp","href":"https:\/\/api.w.org\/{rel}","templated":true}]}}