{"id":231,"date":"2024-03-27T09:43:58","date_gmt":"2024-03-27T09:43:58","guid":{"rendered":"https:\/\/p2pbeta.nl\/product\/biotat-numbing-pmu-glide-100gr\/"},"modified":"2026-03-12T14:32:16","modified_gmt":"2026-03-12T14:32:16","slug":"biotat-numbing-pmu-glide-100gr","status":"publish","type":"product","link":"https:\/\/inkskin.nl\/fr\/products\/biotat-numbing-pmu-glide-100gr\/","title":{"rendered":"BIOTAT Numbing PMU Glide 100gr"},"content":{"rendered":"<p><span data-mce-fragment=\"1\"><strong>Biotat numbing glide<\/strong> <\/span><\/p>\n<p><span data-mce-fragment=\"1\">100% natuurlijk, gemaakt in Groot-Brittanni\u00eb, luxe glide met kruidnagelolie, alo\u00eb vera en lavendel om de huid te mild te verdoven en ontstekingen te verminderen. Het is 100% lidoca\u00efnevrij.<\/span><\/p>\n","protected":false},"excerpt":{"rendered":"<p>Biotat numbing glide 100% natuurlijk, gemaakt in Groot-Brittanni\u00eb, luxe glide met kruidnagelolie, alo\u00eb vera en lavendel om de huid te mild te verdoven en ontstekingen te verminderen. Het is 100% lidoca\u00efnevrij.<\/p>\n","protected":false},"featured_media":1158,"template":"","meta":{"_acf_changed":false},"product_brand":[],"product_cat":[199,75],"product_tag":[81],"class_list":{"0":"post-231","1":"product","2":"type-product","3":"status-publish","4":"has-post-thumbnail","6":"product_cat-postcure","7":"product_cat-biotat","8":"product_tag-biotat","10":"first","11":"instock","12":"taxable","13":"shipping-taxable","14":"purchasable","15":"product-type-simple"},"ams_default_variation_id":0,"ams_product_points_reward":[],"ams_product_discount_percentage":0,"ams_price_to_display":14.5,"ams_acf":[],"acf":[],"_links":{"self":[{"href":"https:\/\/inkskin.nl\/fr\/wp-json\/wp\/v2\/product\/231","targetHints":{"allow":["GET"]}}],"collection":[{"href":"https:\/\/inkskin.nl\/fr\/wp-json\/wp\/v2\/product"}],"about":[{"href":"https:\/\/inkskin.nl\/fr\/wp-json\/wp\/v2\/types\/product"}],"version-history":[{"count":0,"href":"https:\/\/inkskin.nl\/fr\/wp-json\/wp\/v2\/product\/231\/revisions"}],"wp:featuredmedia":[{"embeddable":true,"href":"https:\/\/inkskin.nl\/fr\/wp-json\/wp\/v2\/media\/1158"}],"wp:attachment":[{"href":"https:\/\/inkskin.nl\/fr\/wp-json\/wp\/v2\/media?parent=231"}],"wp:term":[{"taxonomy":"product_brand","embeddable":true,"href":"https:\/\/inkskin.nl\/fr\/wp-json\/wp\/v2\/product_brand?post=231"},{"taxonomy":"product_cat","embeddable":true,"href":"https:\/\/inkskin.nl\/fr\/wp-json\/wp\/v2\/product_cat?post=231"},{"taxonomy":"product_tag","embeddable":true,"href":"https:\/\/inkskin.nl\/fr\/wp-json\/wp\/v2\/product_tag?post=231"}],"curies":[{"name":"wp","href":"https:\/\/api.w.org\/{rel}","templated":true}]}}