{"id":2307,"date":"2024-03-27T09:50:26","date_gmt":"2024-03-27T09:50:26","guid":{"rendered":"https:\/\/inkskin.nl\/products\/gants-nitrile-uniglove-black-pearl-m\/"},"modified":"2024-03-27T09:50:26","modified_gmt":"2024-03-27T09:50:26","slug":"gants-nitrile-uniglove-black-pearl-m","status":"publish","type":"product","link":"https:\/\/inkskin.nl\/fr\/products\/gants-nitrile-uniglove-black-pearl-m\/","title":{"rendered":"Gants Nitrile Uniglove Black Pearl M"},"content":{"rendered":"<p>Vous cherchez le gant id\u00e9al pour vous prot\u00e9ger dans n&rsquo;importe quel environnement ? D\u00e9couvrez Nitrile, le gant en nitrile de haute qualit\u00e9, non poudr\u00e9 et de qualit\u00e9 m\u00e9dicale. Avec ce gant, vous n&rsquo;avez pas \u00e0 vous soucier de la contamination crois\u00e9e car il offre une excellente barri\u00e8re de protection.<\/p>\n<p>Ce qui rend ce gant encore plus sp\u00e9cial, c&rsquo;est son design. Avec une manchette roul\u00e9e et une surface textur\u00e9e, vous b\u00e9n\u00e9ficierez d&rsquo;une prise en main sup\u00e9rieure. Que vous travailliez dans le secteur m\u00e9dical, dans un salon de tatouage ou dans tout autre environnement o\u00f9 l&rsquo;hygi\u00e8ne est cruciale, le Nitrile est votre compagnon id\u00e9al.<\/p>\n<p>Choisissez la fiabilit\u00e9 et la protection du Nitrile et optez pour un gant qui place votre s\u00e9curit\u00e9 au premier plan.<\/p>\n<p><strong>Les gants en nitrile peuvent-ils \u00eatre utilis\u00e9s dans un salon de tatouage ?<\/strong><br \/>\nOui, les gants en nitrile sont de qualit\u00e9 m\u00e9dicale et offrent une excellente protection, ce qui les rend adapt\u00e9s \u00e0 une utilisation dans le salon de tatouage.<\/p>\n<p><strong>Les gants en nitrile sont-ils non poudr\u00e9s ?<\/strong><br \/>\nOui, les gants en nitrile ne sont pas poudr\u00e9s, vous n&rsquo;avez donc pas \u00e0 vous soucier des particules de poudre ind\u00e9sirables qui provoquent une contamination crois\u00e9e.<\/p>\n<p><strong>Les gants en nitrile ont-ils une bonne prise ?<\/strong><br \/>\nOui, les gants en nitrile ont une surface textur\u00e9e qui assure une meilleure adh\u00e9rence. Ceci est particuli\u00e8rement utile dans les environnements o\u00f9 l&rsquo;hygi\u00e8ne est cruciale, comme dans les industries m\u00e9dicales et alimentaires.<\/p>\n","protected":false},"excerpt":{"rendered":"<p>Vous cherchez le gant id\u00e9al pour vous prot\u00e9ger dans n&rsquo;importe quel environnement ? D\u00e9couvrez Nitrile, le gant en nitrile de haute qualit\u00e9, non poudr\u00e9 et de qualit\u00e9 m\u00e9dicale. Avec ce gant, vous n&rsquo;avez pas \u00e0 vous soucier de la contamination crois\u00e9e car il offre une excellente barri\u00e8re de protection. Ce qui rend ce gant encore [&hellip;]<\/p>\n","protected":false},"featured_media":1624,"template":"","meta":{"_acf_changed":false},"product_brand":[],"product_cat":[193],"product_tag":[241],"class_list":{"0":"post-2307","1":"product","2":"type-product","3":"status-publish","4":"has-post-thumbnail","6":"product_cat-article-sur-lhygiene","7":"product_tag-nitrile","9":"first","10":"instock","11":"taxable","12":"shipping-taxable","13":"purchasable","14":"product-type-simple"},"ams_default_variation_id":0,"ams_product_points_reward":[],"ams_product_discount_percentage":0,"ams_price_to_display":8.5,"ams_acf":[],"acf":[],"_links":{"self":[{"href":"https:\/\/inkskin.nl\/fr\/wp-json\/wp\/v2\/product\/2307","targetHints":{"allow":["GET"]}}],"collection":[{"href":"https:\/\/inkskin.nl\/fr\/wp-json\/wp\/v2\/product"}],"about":[{"href":"https:\/\/inkskin.nl\/fr\/wp-json\/wp\/v2\/types\/product"}],"version-history":[{"count":0,"href":"https:\/\/inkskin.nl\/fr\/wp-json\/wp\/v2\/product\/2307\/revisions"}],"wp:featuredmedia":[{"embeddable":true,"href":"https:\/\/inkskin.nl\/fr\/wp-json\/wp\/v2\/media\/1624"}],"wp:attachment":[{"href":"https:\/\/inkskin.nl\/fr\/wp-json\/wp\/v2\/media?parent=2307"}],"wp:term":[{"taxonomy":"product_brand","embeddable":true,"href":"https:\/\/inkskin.nl\/fr\/wp-json\/wp\/v2\/product_brand?post=2307"},{"taxonomy":"product_cat","embeddable":true,"href":"https:\/\/inkskin.nl\/fr\/wp-json\/wp\/v2\/product_cat?post=2307"},{"taxonomy":"product_tag","embeddable":true,"href":"https:\/\/inkskin.nl\/fr\/wp-json\/wp\/v2\/product_tag?post=2307"}],"curies":[{"name":"wp","href":"https:\/\/api.w.org\/{rel}","templated":true}]}}