{"id":2306,"date":"2024-03-27T09:50:32","date_gmt":"2024-03-27T09:50:32","guid":{"rendered":"https:\/\/inkskin.nl\/products\/gants-latex-uniglove-noir-s\/"},"modified":"2024-03-27T09:50:32","modified_gmt":"2024-03-27T09:50:32","slug":"gants-latex-uniglove-noir-s","status":"publish","type":"product","link":"https:\/\/inkskin.nl\/fr\/products\/gants-latex-uniglove-noir-s\/","title":{"rendered":"Gants Latex Uniglove Noir S"},"content":{"rendered":"<p>Vous \u00eates un tatoueur passionn\u00e9 \u00e0 la recherche des gants parfaits ? Ne cherchez pas plus loin ! Sp\u00e9cialement con\u00e7us et d\u00e9velopp\u00e9s par Unigloves, nos gants Select Black sont destin\u00e9s \u00e0 faire passer votre cr\u00e9ativit\u00e9 et vos comp\u00e9tences au niveau sup\u00e9rieur.<\/p>\n<p>Depuis plus de 25 ans, nous avons perfectionn\u00e9 ces gants pour garantir une protection optimale, le confort, la pr\u00e9hension et la dext\u00e9rit\u00e9. Nos gants sont fabriqu\u00e9s en latex de haute qualit\u00e9 et conviennent \u00e0 un usage unique.<\/p>\n<p>Que vous soyez d\u00e9butant ou professionnel chevronn\u00e9, nos gants Select Black ne vous laisseront pas tomber. Inspir\u00e9s par la diversit\u00e9 des tatoueurs du monde entier, ils sont le choix pr\u00e9f\u00e9r\u00e9 de beaucoup.<\/p>\n<p>Optez donc pour les meilleurs gants du march\u00e9 et concentrez-vous sur la r\u00e9alisation de beaux tatouages. Choisissez les gants Select Black d&rsquo;Unigloves et laissez briller vos talents artistiques !<\/p>\n<p><strong>Les gants Select Black d&rsquo;Unigloves conviennent-ils \u00e0 tous les tatoueurs ?<\/strong><\/p>\n<p>Oui, les gants Select Black conviennent aussi bien aux d\u00e9butants qu&rsquo;aux professionnels chevronn\u00e9s.<\/p>\n<p><strong>Les gants sont-ils r\u00e9utilisables ou \u00e0 usage unique ?<\/strong><\/p>\n<p>Les gants Select Black sont sp\u00e9cialement con\u00e7us pour un usage unique, pour une hygi\u00e8ne et une protection optimales.<\/p>\n<p><strong>Les gants sont-ils confortables \u00e0 porter pendant de longues p\u00e9riodes lors du tatouage ?<\/strong><\/p>\n<p>Oui, les gants sont fabriqu\u00e9s en latex de haute qualit\u00e9 et offrent confort, adh\u00e9rence et dext\u00e9rit\u00e9, ce qui permet aux tatoueurs de se concentrer sur leur travail sans se fatiguer les mains.<\/p>\n","protected":false},"excerpt":{"rendered":"<p>Vous \u00eates un tatoueur passionn\u00e9 \u00e0 la recherche des gants parfaits ? Ne cherchez pas plus loin ! Sp\u00e9cialement con\u00e7us et d\u00e9velopp\u00e9s par Unigloves, nos gants Select Black sont destin\u00e9s \u00e0 faire passer votre cr\u00e9ativit\u00e9 et vos comp\u00e9tences au niveau sup\u00e9rieur. Depuis plus de 25 ans, nous avons perfectionn\u00e9 ces gants pour garantir une protection [&hellip;]<\/p>\n","protected":false},"featured_media":1628,"template":"","meta":{"_acf_changed":false},"product_brand":[],"product_cat":[193],"product_tag":[242],"class_list":{"0":"post-2306","1":"product","2":"type-product","3":"status-publish","4":"has-post-thumbnail","6":"product_cat-article-sur-lhygiene","7":"product_tag-latex-fr","9":"first","10":"instock","11":"taxable","12":"shipping-taxable","13":"purchasable","14":"product-type-simple"},"ams_default_variation_id":0,"ams_product_points_reward":[],"ams_product_discount_percentage":0,"ams_price_to_display":10,"ams_acf":[],"acf":[],"_links":{"self":[{"href":"https:\/\/inkskin.nl\/fr\/wp-json\/wp\/v2\/product\/2306","targetHints":{"allow":["GET"]}}],"collection":[{"href":"https:\/\/inkskin.nl\/fr\/wp-json\/wp\/v2\/product"}],"about":[{"href":"https:\/\/inkskin.nl\/fr\/wp-json\/wp\/v2\/types\/product"}],"version-history":[{"count":0,"href":"https:\/\/inkskin.nl\/fr\/wp-json\/wp\/v2\/product\/2306\/revisions"}],"wp:featuredmedia":[{"embeddable":true,"href":"https:\/\/inkskin.nl\/fr\/wp-json\/wp\/v2\/media\/1628"}],"wp:attachment":[{"href":"https:\/\/inkskin.nl\/fr\/wp-json\/wp\/v2\/media?parent=2306"}],"wp:term":[{"taxonomy":"product_brand","embeddable":true,"href":"https:\/\/inkskin.nl\/fr\/wp-json\/wp\/v2\/product_brand?post=2306"},{"taxonomy":"product_cat","embeddable":true,"href":"https:\/\/inkskin.nl\/fr\/wp-json\/wp\/v2\/product_cat?post=2306"},{"taxonomy":"product_tag","embeddable":true,"href":"https:\/\/inkskin.nl\/fr\/wp-json\/wp\/v2\/product_tag?post=2306"}],"curies":[{"name":"wp","href":"https:\/\/api.w.org\/{rel}","templated":true}]}}