{"id":2303,"date":"2024-03-27T09:50:20","date_gmt":"2024-03-27T09:50:20","guid":{"rendered":"https:\/\/inkskin.nl\/products\/gobelets-dencre-non-steriles-taille-xl-19-mm-500-pieces\/"},"modified":"2024-03-27T09:50:20","modified_gmt":"2024-03-27T09:50:20","slug":"gobelets-dencre-non-steriles-taille-xl-19-mm-500-pieces","status":"publish","type":"product","link":"https:\/\/inkskin.nl\/fr\/products\/gobelets-dencre-non-steriles-taille-xl-19-mm-500-pieces\/","title":{"rendered":"Gobelets d&rsquo;encre non st\u00e9riles taille XL (19 mm) 500 pi\u00e8ces"},"content":{"rendered":"<p>D\u00e9couvrez le produit ultime pour tous vos besoins en encre de tatouage &#8211; les Inkcups non st\u00e9riles de taille XL (19 mm) ! Avec un paquet de pas moins de 500, vous \u00eates assur\u00e9 d&rsquo;avoir suffisamment de gobelets d&rsquo;encre pour laisser libre cours \u00e0 votre cr\u00e9ativit\u00e9. Ces godets d&rsquo;encre ne sont pas st\u00e9riles, vous pouvez donc les utiliser pour toutes vos s\u00e9ances de tatouage sans vous soucier de l&rsquo;hygi\u00e8ne.  <\/p>\n<p>  La taille XL (19 mm) vous assure suffisamment d&rsquo;espace pour m\u00e9langer et stocker votre encre pendant le tatouage. Que vous soyez un tatoueur professionnel ou que vous souhaitiez simplement r\u00e9aliser vos propres tatouages, ces gobelets d&rsquo;encre sont un compl\u00e9ment indispensable \u00e0 votre \u00e9quipement de tatouage.  <\/p>\n<p>  Les godets d&rsquo;encre non st\u00e9riles de taille XL (19 mm) vous permettent de vous concentrer sur la cr\u00e9ation de magnifiques chefs-d&rsquo;\u0153uvre de tatouage, sans vous soucier de manquer de godets d&rsquo;encre. Commandez maintenant et d\u00e9couvrez les possibilit\u00e9s infinies de ce produit fantastique !<\/p>\n<p><strong>Combien d&rsquo;encriers y a-t-il dans un paquet d&rsquo;Inkcups non st\u00e9riles de taille XL (19 mm) ?<\/strong><br \/>\n  Un paquet d&rsquo;Inkcups non st\u00e9riles de taille XL (19 mm) contient 500 gobelets d&rsquo;encre.<\/p>\n<p><strong>Puis-je utiliser les Inkcups non st\u00e9riles de taille XL (19 mm) pour des travaux de tatouage professionnels ?<\/strong><br \/>\n  Oui, les Inkcups non st\u00e9riles de taille XL (19 mm) conviennent aussi bien aux tatoueurs professionnels qu&rsquo;aux bricoleurs.<\/p>\n<p><strong>Les godets d&rsquo;encre non st\u00e9riles de taille XL (19 mm) conviennent-ils pour stocker et m\u00e9langer l&rsquo;encre pendant le tatouage ?<\/strong><br \/>\n  Oui, la taille XL (19 mm) des Inkcups garantit qu&rsquo;il y a suffisamment d&rsquo;espace pour stocker et m\u00e9langer l&rsquo;encre pendant le tatouage.<\/p>\n","protected":false},"excerpt":{"rendered":"<p>D\u00e9couvrez le produit ultime pour tous vos besoins en encre de tatouage &#8211; les Inkcups non st\u00e9riles de taille XL (19 mm) ! Avec un paquet de pas moins de 500, vous \u00eates assur\u00e9 d&rsquo;avoir suffisamment de gobelets d&rsquo;encre pour laisser libre cours \u00e0 votre cr\u00e9ativit\u00e9. Ces godets d&rsquo;encre ne sont pas st\u00e9riles, vous pouvez [&hellip;]<\/p>\n","protected":false},"featured_media":1617,"template":"","meta":{"_acf_changed":false},"product_brand":[],"product_cat":[15],"product_tag":[240],"class_list":{"0":"post-2303","1":"product","2":"type-product","3":"status-publish","4":"has-post-thumbnail","6":"product_cat-uncategorized","7":"product_tag-gobelets-dencre-non-steriles","9":"first","10":"instock","11":"taxable","12":"shipping-taxable","13":"purchasable","14":"product-type-simple"},"ams_default_variation_id":0,"ams_product_points_reward":[],"ams_product_discount_percentage":0,"ams_price_to_display":12,"ams_acf":[],"acf":[],"_links":{"self":[{"href":"https:\/\/inkskin.nl\/fr\/wp-json\/wp\/v2\/product\/2303","targetHints":{"allow":["GET"]}}],"collection":[{"href":"https:\/\/inkskin.nl\/fr\/wp-json\/wp\/v2\/product"}],"about":[{"href":"https:\/\/inkskin.nl\/fr\/wp-json\/wp\/v2\/types\/product"}],"version-history":[{"count":0,"href":"https:\/\/inkskin.nl\/fr\/wp-json\/wp\/v2\/product\/2303\/revisions"}],"wp:featuredmedia":[{"embeddable":true,"href":"https:\/\/inkskin.nl\/fr\/wp-json\/wp\/v2\/media\/1617"}],"wp:attachment":[{"href":"https:\/\/inkskin.nl\/fr\/wp-json\/wp\/v2\/media?parent=2303"}],"wp:term":[{"taxonomy":"product_brand","embeddable":true,"href":"https:\/\/inkskin.nl\/fr\/wp-json\/wp\/v2\/product_brand?post=2303"},{"taxonomy":"product_cat","embeddable":true,"href":"https:\/\/inkskin.nl\/fr\/wp-json\/wp\/v2\/product_cat?post=2303"},{"taxonomy":"product_tag","embeddable":true,"href":"https:\/\/inkskin.nl\/fr\/wp-json\/wp\/v2\/product_tag?post=2303"}],"curies":[{"name":"wp","href":"https:\/\/api.w.org\/{rel}","templated":true}]}}