{"id":2299,"date":"2024-03-27T09:50:23","date_gmt":"2024-03-27T09:50:23","guid":{"rendered":"https:\/\/inkskin.nl\/products\/gants-nitrile-uniglove-black-pearl-xs\/"},"modified":"2024-03-27T09:50:23","modified_gmt":"2024-03-27T09:50:23","slug":"gants-nitrile-uniglove-black-pearl-xs","status":"publish","type":"product","link":"https:\/\/inkskin.nl\/fr\/products\/gants-nitrile-uniglove-black-pearl-xs\/","title":{"rendered":"Gants Nitrile Uniglove Black Pearl XS"},"content":{"rendered":"<p>Vous \u00eates \u00e0 la recherche du gant id\u00e9al pour vous offrir une protection optimale dans diff\u00e9rents environnements ? Dans ce cas, notre gant en nitrile de haute qualit\u00e9, non poudr\u00e9 et de qualit\u00e9 m\u00e9dicale, est exactement ce qu&rsquo;il vous faut !<\/p>\n<p>Ce gant est sp\u00e9cialement con\u00e7u pour offrir une barri\u00e8re de protection et pr\u00e9venir efficacement la contamination crois\u00e9e. Avec sa manchette roul\u00e9e et sa finition textur\u00e9e, il offre une adh\u00e9rence sup\u00e9rieure, m\u00eame dans les situations les plus exigeantes.<\/p>\n<p>Choisissez la meilleure qualit\u00e9 et assurez-vous d&rsquo;\u00eatre toujours prot\u00e9g\u00e9. Commandez d\u00e8s aujourd&rsquo;hui notre gant en nitrile de haute qualit\u00e9 et profitez d&rsquo;une protection et d&rsquo;un confort ultimes !<\/p>\n<p><strong>Quelle taille de gants en nitrile dois-je commander ?<\/strong><br \/>\nNos gants en nitrile sont disponibles en diff\u00e9rentes tailles : petit, moyen, grand et tr\u00e8s grand. Il est important de choisir la bonne taille pour un bon ajustement et une protection optimale.<\/p>\n<p><strong>Ces gants en nitrile conviennent-ils pour un usage \u00e0 long terme ?<\/strong><br \/>\nOui, nos gants en nitrile de haute qualit\u00e9 sont con\u00e7us pour une utilisation \u00e0 long terme. Ils offrent non seulement une excellente protection, mais aussi confort et flexibilit\u00e9. La finition textur\u00e9e assure une bonne prise en main, m\u00eame en cas d&rsquo;utilisation prolong\u00e9e dans des situations exigeantes.<\/p>\n<p><strong>Ces gants en nitrile sont-ils sans danger pour les personnes allergiques au latex ?<\/strong><br \/>\nOui, nos gants en nitrile ne contiennent pas de latex, ce qui les rend sans danger pour les personnes allergiques au latex. Ils offrent la m\u00eame protection que les gants en latex, mais sans le risque de r\u00e9actions allergiques. Nos gants sont fabriqu\u00e9s en nitrile de haute qualit\u00e9, durable et anti-allergique.<\/p>\n","protected":false},"excerpt":{"rendered":"<p>Vous \u00eates \u00e0 la recherche du gant id\u00e9al pour vous offrir une protection optimale dans diff\u00e9rents environnements ? Dans ce cas, notre gant en nitrile de haute qualit\u00e9, non poudr\u00e9 et de qualit\u00e9 m\u00e9dicale, est exactement ce qu&rsquo;il vous faut ! Ce gant est sp\u00e9cialement con\u00e7u pour offrir une barri\u00e8re de protection et pr\u00e9venir efficacement [&hellip;]<\/p>\n","protected":false},"featured_media":1621,"template":"","meta":{"_acf_changed":false},"product_brand":[],"product_cat":[193],"product_tag":[241],"class_list":{"0":"post-2299","1":"product","2":"type-product","3":"status-publish","4":"has-post-thumbnail","6":"product_cat-article-sur-lhygiene","7":"product_tag-nitrile","9":"first","10":"instock","11":"taxable","12":"shipping-taxable","13":"purchasable","14":"product-type-simple"},"ams_default_variation_id":0,"ams_product_points_reward":[],"ams_product_discount_percentage":0,"ams_price_to_display":8.5,"ams_acf":[],"acf":[],"_links":{"self":[{"href":"https:\/\/inkskin.nl\/fr\/wp-json\/wp\/v2\/product\/2299","targetHints":{"allow":["GET"]}}],"collection":[{"href":"https:\/\/inkskin.nl\/fr\/wp-json\/wp\/v2\/product"}],"about":[{"href":"https:\/\/inkskin.nl\/fr\/wp-json\/wp\/v2\/types\/product"}],"version-history":[{"count":0,"href":"https:\/\/inkskin.nl\/fr\/wp-json\/wp\/v2\/product\/2299\/revisions"}],"wp:featuredmedia":[{"embeddable":true,"href":"https:\/\/inkskin.nl\/fr\/wp-json\/wp\/v2\/media\/1621"}],"wp:attachment":[{"href":"https:\/\/inkskin.nl\/fr\/wp-json\/wp\/v2\/media?parent=2299"}],"wp:term":[{"taxonomy":"product_brand","embeddable":true,"href":"https:\/\/inkskin.nl\/fr\/wp-json\/wp\/v2\/product_brand?post=2299"},{"taxonomy":"product_cat","embeddable":true,"href":"https:\/\/inkskin.nl\/fr\/wp-json\/wp\/v2\/product_cat?post=2299"},{"taxonomy":"product_tag","embeddable":true,"href":"https:\/\/inkskin.nl\/fr\/wp-json\/wp\/v2\/product_tag?post=2299"}],"curies":[{"name":"wp","href":"https:\/\/api.w.org\/{rel}","templated":true}]}}