{"id":2298,"date":"2024-03-27T09:50:22","date_gmt":"2024-03-27T09:50:22","guid":{"rendered":"https:\/\/inkskin.nl\/products\/gobelets-dencre-non-steriles-taille-m-12mm-1000-pieces\/"},"modified":"2024-03-27T09:50:22","modified_gmt":"2024-03-27T09:50:22","slug":"gobelets-dencre-non-steriles-taille-m-12mm-1000-pieces","status":"publish","type":"product","link":"https:\/\/inkskin.nl\/fr\/products\/gobelets-dencre-non-steriles-taille-m-12mm-1000-pieces\/","title":{"rendered":"Gobelets d&rsquo;encre non st\u00e9riles taille M (12mm) 1000 pi\u00e8ces"},"content":{"rendered":"<p>D\u00e9couvrez maintenant nos superbes godets d&rsquo;encre non st\u00e9riles de taille M (12 mm) &#8211; un must absolu pour tous les tatoueurs ! Avec cet ensemble de 1000 pi\u00e8ces, vous \u00eates pr\u00eat \u00e0 laisser libre cours \u00e0 votre cr\u00e9ativit\u00e9. Ces encriers sont de la plus haute qualit\u00e9 et garantissent une application d&rsquo;encre hygi\u00e9nique et sans effort.<\/p>\n<p>  Que vous soyez un professionnel exp\u00e9riment\u00e9 ou que vous d\u00e9butiez dans le tatouage, ces gobelets d&rsquo;encre constituent la solution id\u00e9ale. Gr\u00e2ce \u00e0 la taille M, ils conviennent \u00e0 diff\u00e9rents types d&rsquo;encre et peuvent facilement \u00eatre utilis\u00e9s avec diff\u00e9rentes tailles d&rsquo;aiguille. De plus, ils ne sont pas st\u00e9riles, ce qui est id\u00e9al pour les tatoueurs qui aiment cr\u00e9er leur propre solution st\u00e9rile.<\/p>\n<p>  Qu&rsquo;attendez-vous ? Ajoutez ces godets d&rsquo;encre non st\u00e9riles \u00e0 votre \u00e9quipement de tatouage et pr\u00e9parez-vous \u00e0 cr\u00e9er des chefs-d&rsquo;\u0153uvre \u00e9poustouflants ! Commandez d\u00e8s aujourd&rsquo;hui et faites briller vos talents artistiques !<\/p>\n<p><strong>Les godets d&rsquo;encre non st\u00e9riles peuvent-ils \u00eatre utilis\u00e9s avec diff\u00e9rents types d&rsquo;encre ?<\/strong><br \/>\n  Oui, les godets d&rsquo;encre non st\u00e9riles conviennent \u00e0 diff\u00e9rents types d&rsquo;encre.<\/p>\n<p><strong>Puis-je utiliser les godets d&rsquo;encre non st\u00e9riles avec des aiguilles de tailles diff\u00e9rentes ?<\/strong><br \/>\n  Oui, les godets d&rsquo;encre non st\u00e9riles peuvent facilement \u00eatre utilis\u00e9s avec diff\u00e9rentes tailles d&rsquo;aiguilles.<\/p>\n<p><strong>Les gobelets d&rsquo;encre non st\u00e9riles sont-ils recommand\u00e9s tant pour les professionnels exp\u00e9riment\u00e9s que pour les d\u00e9butants dans l&rsquo;industrie de l&rsquo;encre de tatouage ?<\/strong><br \/>\n  Oui, les gobelets d&rsquo;encre non st\u00e9riles sont recommand\u00e9s tant pour les professionnels exp\u00e9riment\u00e9s que pour les d\u00e9butants dans l&rsquo;industrie de l&rsquo;encre de tatouage.<\/p>\n","protected":false},"excerpt":{"rendered":"<p>D\u00e9couvrez maintenant nos superbes godets d&rsquo;encre non st\u00e9riles de taille M (12 mm) &#8211; un must absolu pour tous les tatoueurs ! Avec cet ensemble de 1000 pi\u00e8ces, vous \u00eates pr\u00eat \u00e0 laisser libre cours \u00e0 votre cr\u00e9ativit\u00e9. Ces encriers sont de la plus haute qualit\u00e9 et garantissent une application d&rsquo;encre hygi\u00e9nique et sans effort. [&hellip;]<\/p>\n","protected":false},"featured_media":1619,"template":"","meta":{"_acf_changed":false},"product_brand":[],"product_cat":[15],"product_tag":[240],"class_list":{"0":"post-2298","1":"product","2":"type-product","3":"status-publish","4":"has-post-thumbnail","6":"product_cat-uncategorized","7":"product_tag-gobelets-dencre-non-steriles","9":"first","10":"instock","11":"taxable","12":"shipping-taxable","13":"purchasable","14":"product-type-simple"},"ams_default_variation_id":0,"ams_product_points_reward":[],"ams_product_discount_percentage":0,"ams_price_to_display":17.5,"ams_acf":[],"acf":[],"_links":{"self":[{"href":"https:\/\/inkskin.nl\/fr\/wp-json\/wp\/v2\/product\/2298","targetHints":{"allow":["GET"]}}],"collection":[{"href":"https:\/\/inkskin.nl\/fr\/wp-json\/wp\/v2\/product"}],"about":[{"href":"https:\/\/inkskin.nl\/fr\/wp-json\/wp\/v2\/types\/product"}],"version-history":[{"count":0,"href":"https:\/\/inkskin.nl\/fr\/wp-json\/wp\/v2\/product\/2298\/revisions"}],"wp:featuredmedia":[{"embeddable":true,"href":"https:\/\/inkskin.nl\/fr\/wp-json\/wp\/v2\/media\/1619"}],"wp:attachment":[{"href":"https:\/\/inkskin.nl\/fr\/wp-json\/wp\/v2\/media?parent=2298"}],"wp:term":[{"taxonomy":"product_brand","embeddable":true,"href":"https:\/\/inkskin.nl\/fr\/wp-json\/wp\/v2\/product_brand?post=2298"},{"taxonomy":"product_cat","embeddable":true,"href":"https:\/\/inkskin.nl\/fr\/wp-json\/wp\/v2\/product_cat?post=2298"},{"taxonomy":"product_tag","embeddable":true,"href":"https:\/\/inkskin.nl\/fr\/wp-json\/wp\/v2\/product_tag?post=2298"}],"curies":[{"name":"wp","href":"https:\/\/api.w.org\/{rel}","templated":true}]}}