{"id":2297,"date":"2024-03-27T09:50:17","date_gmt":"2024-03-27T09:50:17","guid":{"rendered":"https:\/\/inkskin.nl\/products\/gobelets-dencre-steriles-taille-17-mm-par-250-pieces\/"},"modified":"2024-03-27T09:50:17","modified_gmt":"2024-03-27T09:50:17","slug":"gobelets-dencre-steriles-taille-17-mm-par-250-pieces","status":"publish","type":"product","link":"https:\/\/inkskin.nl\/fr\/products\/gobelets-dencre-steriles-taille-17-mm-par-250-pieces\/","title":{"rendered":"Gobelets d&rsquo;encre st\u00e9riles taille 17 mm. Par 250 pi\u00e8ces"},"content":{"rendered":"<p>Gobelets d&rsquo;encre st\u00e9riles, le compl\u00e9ment id\u00e9al pour tout professionnel du tatouage ! Avec un diam\u00e8tre de 17 mm et un emballage de 250 pi\u00e8ces, ces gobelets sont non seulement de la plus haute qualit\u00e9, mais aussi extr\u00eamement pratiques.<\/p>\n<p>Les gobelets d&rsquo;encre st\u00e9riles sont conformes aux directives 2022, telles qu&rsquo;\u00e9tablies et contr\u00f4l\u00e9es par le GGD. Vous pouvez donc travailler en toute s\u00e9r\u00e9nit\u00e9, en sachant que vous respectez toutes les exigences en mati\u00e8re d&rsquo;hygi\u00e8ne.<\/p>\n<p>Que vous soyez un tatoueur exp\u00e9riment\u00e9 ou que vous d\u00e9butiez, nos gobelets d&rsquo;encre st\u00e9riles sont indispensables dans votre studio de tatouage. Commandez maintenant et d\u00e9couvrez la commodit\u00e9 et la s\u00e9curit\u00e9 de nos gobelets d&rsquo;encre de haute qualit\u00e9. Apr\u00e8s tout, vos clients ne m\u00e9ritent rien de moins que le meilleur !<\/p>\n<p><strong>Les godets d&rsquo;encre st\u00e9rile conviennent-ils \u00e0 tous les professionnels du tatouage ?<\/strong><br \/>\nOui, nos godets d&rsquo;encre st\u00e9rile conviennent aussi bien aux tatoueurs exp\u00e9riment\u00e9s qu&rsquo;aux d\u00e9butants.<\/p>\n<p><strong>Combien y a-t-il de gobelets d&rsquo;encre dans un paquet ?<\/strong><br \/>\nChaque paquet contient 250 godets d&rsquo;encre st\u00e9rile.<\/p>\n<p><strong>Les godets \u00e0 encre st\u00e9rile r\u00e9pondent-ils aux exigences en mati\u00e8re d&rsquo;hygi\u00e8ne ?<\/strong><br \/>\nOui, nos gobelets \u00e0 encre st\u00e9rile sont conformes aux directives 2022, telles qu&rsquo;elles ont \u00e9t\u00e9 \u00e9tablies et v\u00e9rifi\u00e9es par le GGD. Ils offrent une protection optimale contre l&rsquo;infection et la contamination.<\/p>\n","protected":false},"excerpt":{"rendered":"<p>Gobelets d&rsquo;encre st\u00e9riles, le compl\u00e9ment id\u00e9al pour tout professionnel du tatouage ! Avec un diam\u00e8tre de 17 mm et un emballage de 250 pi\u00e8ces, ces gobelets sont non seulement de la plus haute qualit\u00e9, mais aussi extr\u00eamement pratiques. Les gobelets d&rsquo;encre st\u00e9riles sont conformes aux directives 2022, telles qu&rsquo;\u00e9tablies et contr\u00f4l\u00e9es par le GGD. Vous [&hellip;]<\/p>\n","protected":false},"featured_media":1614,"template":"","meta":{"_acf_changed":false},"product_brand":[],"product_cat":[15],"product_tag":[239],"class_list":{"0":"post-2297","1":"product","2":"type-product","3":"status-publish","4":"has-post-thumbnail","6":"product_cat-uncategorized","7":"product_tag-encriers-steriles","9":"first","10":"instock","11":"taxable","12":"shipping-taxable","13":"purchasable","14":"product-type-simple"},"ams_default_variation_id":0,"ams_product_points_reward":[],"ams_product_discount_percentage":0,"ams_price_to_display":20,"ams_acf":[],"acf":[],"_links":{"self":[{"href":"https:\/\/inkskin.nl\/fr\/wp-json\/wp\/v2\/product\/2297","targetHints":{"allow":["GET"]}}],"collection":[{"href":"https:\/\/inkskin.nl\/fr\/wp-json\/wp\/v2\/product"}],"about":[{"href":"https:\/\/inkskin.nl\/fr\/wp-json\/wp\/v2\/types\/product"}],"version-history":[{"count":0,"href":"https:\/\/inkskin.nl\/fr\/wp-json\/wp\/v2\/product\/2297\/revisions"}],"wp:featuredmedia":[{"embeddable":true,"href":"https:\/\/inkskin.nl\/fr\/wp-json\/wp\/v2\/media\/1614"}],"wp:attachment":[{"href":"https:\/\/inkskin.nl\/fr\/wp-json\/wp\/v2\/media?parent=2297"}],"wp:term":[{"taxonomy":"product_brand","embeddable":true,"href":"https:\/\/inkskin.nl\/fr\/wp-json\/wp\/v2\/product_brand?post=2297"},{"taxonomy":"product_cat","embeddable":true,"href":"https:\/\/inkskin.nl\/fr\/wp-json\/wp\/v2\/product_cat?post=2297"},{"taxonomy":"product_tag","embeddable":true,"href":"https:\/\/inkskin.nl\/fr\/wp-json\/wp\/v2\/product_tag?post=2297"}],"curies":[{"name":"wp","href":"https:\/\/api.w.org\/{rel}","templated":true}]}}