{"id":2296,"date":"2024-03-27T09:50:21","date_gmt":"2024-03-27T09:50:21","guid":{"rendered":"https:\/\/inkskin.nl\/products\/gobelets-dencre-non-steriles-taille-s-10mm-1000-unites\/"},"modified":"2024-03-27T09:50:21","modified_gmt":"2024-03-27T09:50:21","slug":"gobelets-dencre-non-steriles-taille-s-10mm-1000-unites","status":"publish","type":"product","link":"https:\/\/inkskin.nl\/fr\/products\/gobelets-dencre-non-steriles-taille-s-10mm-1000-unites\/","title":{"rendered":"Gobelets d&rsquo;encre non st\u00e9riles taille S (10mm). 1000 unit\u00e9s"},"content":{"rendered":"<p>D\u00e9couvrez nos fantastiques gobelets d&rsquo;encre non st\u00e9riles, le compl\u00e9ment id\u00e9al \u00e0 votre arsenal de tatouage ! Avec une taille de 10 mm et un paquet de 1 000 pi\u00e8ces, vous \u00eates assur\u00e9 de disposer d&rsquo;un stock suffisant pour donner vie \u00e0 votre vision artistique. Ces gobelets d&rsquo;encre sont sp\u00e9cialement con\u00e7us pour faire passer votre exp\u00e9rience du tatouage au niveau sup\u00e9rieur. Ils sont fabriqu\u00e9s \u00e0 partir de mat\u00e9riaux de haute qualit\u00e9, ce qui les rend durables et faciles \u00e0 utiliser. Que vous soyez un tatoueur professionnel ou que vous souhaitiez simplement exercer vos talents, ces gobelets d&rsquo;encre r\u00e9pondront \u00e0 tous vos besoins. Qu&rsquo;attendez-vous ? Ajoutez ces gobelets d&rsquo;encre non st\u00e9riles \u00e0 votre panier et laissez libre cours \u00e0 votre cr\u00e9ativit\u00e9 !<\/p>\n<p><strong>Ces gobelets d&rsquo;encre peuvent-ils \u00eatre utilis\u00e9s une seule fois ?<\/strong><br \/>\n  Oui, ces gobelets d&rsquo;encre sont non st\u00e9riles et recommand\u00e9s pour un usage unique.<\/p>\n<p><strong>Ces godets d&rsquo;encre peuvent-ils \u00eatre utilis\u00e9s avec n&rsquo;importe quelle machine \u00e0 tatouer ?<\/strong><br \/>\n  Oui, ces gobelets d&rsquo;encre peuvent \u00eatre utilis\u00e9s avec tous les types de machines \u00e0 tatouer.<\/p>\n<p><strong>Le paquet de 1 000 unit\u00e9s fournit-il suffisamment de r\u00e9serves pour une utilisation \u00e0 long terme ?<\/strong><br \/>\n  Oui, le paquet de 1 000 pi\u00e8ces garantit un approvisionnement suffisant, m\u00eame pour les tatoueurs professionnels qui travaillent r\u00e9guli\u00e8rement.<\/p>\n","protected":false},"excerpt":{"rendered":"<p>D\u00e9couvrez nos fantastiques gobelets d&rsquo;encre non st\u00e9riles, le compl\u00e9ment id\u00e9al \u00e0 votre arsenal de tatouage ! Avec une taille de 10 mm et un paquet de 1 000 pi\u00e8ces, vous \u00eates assur\u00e9 de disposer d&rsquo;un stock suffisant pour donner vie \u00e0 votre vision artistique. Ces gobelets d&rsquo;encre sont sp\u00e9cialement con\u00e7us pour faire passer votre exp\u00e9rience [&hellip;]<\/p>\n","protected":false},"featured_media":1618,"template":"","meta":{"_acf_changed":false},"product_brand":[],"product_cat":[15],"product_tag":[240],"class_list":{"0":"post-2296","1":"product","2":"type-product","3":"status-publish","4":"has-post-thumbnail","6":"product_cat-uncategorized","7":"product_tag-gobelets-dencre-non-steriles","9":"first","10":"instock","11":"taxable","12":"shipping-taxable","13":"purchasable","14":"product-type-simple"},"ams_default_variation_id":0,"ams_product_points_reward":[],"ams_product_discount_percentage":0,"ams_price_to_display":15,"ams_acf":[],"acf":[],"_links":{"self":[{"href":"https:\/\/inkskin.nl\/fr\/wp-json\/wp\/v2\/product\/2296","targetHints":{"allow":["GET"]}}],"collection":[{"href":"https:\/\/inkskin.nl\/fr\/wp-json\/wp\/v2\/product"}],"about":[{"href":"https:\/\/inkskin.nl\/fr\/wp-json\/wp\/v2\/types\/product"}],"version-history":[{"count":0,"href":"https:\/\/inkskin.nl\/fr\/wp-json\/wp\/v2\/product\/2296\/revisions"}],"wp:featuredmedia":[{"embeddable":true,"href":"https:\/\/inkskin.nl\/fr\/wp-json\/wp\/v2\/media\/1618"}],"wp:attachment":[{"href":"https:\/\/inkskin.nl\/fr\/wp-json\/wp\/v2\/media?parent=2296"}],"wp:term":[{"taxonomy":"product_brand","embeddable":true,"href":"https:\/\/inkskin.nl\/fr\/wp-json\/wp\/v2\/product_brand?post=2296"},{"taxonomy":"product_cat","embeddable":true,"href":"https:\/\/inkskin.nl\/fr\/wp-json\/wp\/v2\/product_cat?post=2296"},{"taxonomy":"product_tag","embeddable":true,"href":"https:\/\/inkskin.nl\/fr\/wp-json\/wp\/v2\/product_tag?post=2296"}],"curies":[{"name":"wp","href":"https:\/\/api.w.org\/{rel}","templated":true}]}}