{"id":2293,"date":"2024-03-27T09:50:16","date_gmt":"2024-03-27T09:50:16","guid":{"rendered":"https:\/\/inkskin.nl\/products\/gobelets-dencre-steriles-taille-20-mm-par-250-pieces\/"},"modified":"2024-03-27T09:50:16","modified_gmt":"2024-03-27T09:50:16","slug":"gobelets-dencre-steriles-taille-20-mm-par-250-pieces","status":"publish","type":"product","link":"https:\/\/inkskin.nl\/fr\/products\/gobelets-dencre-steriles-taille-20-mm-par-250-pieces\/","title":{"rendered":"Gobelets d&rsquo;encre st\u00e9riles taille 20 mm. Par 250 pi\u00e8ces"},"content":{"rendered":"<p>Vous voulez travailler en toute s\u00e9curit\u00e9 et de mani\u00e8re hygi\u00e9nique pendant le tatouage ? Dans ce cas, nos gobelets d&rsquo;encre st\u00e9riles sont le choix id\u00e9al pour vous ! Avec une taille de 20 mm et un emballage de 250, ces gobelets vous permettent d&rsquo;avoir toujours un stock suffisant.  <\/p>\n<p>  Nos gobelets d&rsquo;encre st\u00e9riles sont conformes aux directives les plus strictes de 2022, telles qu&rsquo;elles ont \u00e9t\u00e9 contr\u00f4l\u00e9es par le GGD. Vous pouvez donc travailler en toute s\u00e9r\u00e9nit\u00e9, en sachant que vous respectez toutes les r\u00e8gles d&rsquo;hygi\u00e8ne. Vous vous prot\u00e9gez ainsi vous-m\u00eame, mais aussi vos clients.  <\/p>\n<p>  Avec ces gobelets d&rsquo;encre, vous n&rsquo;avez pas \u00e0 vous soucier du risque d&rsquo;infection. En effet, ils sont compl\u00e8tement st\u00e9riles et pr\u00eats \u00e0 l&#8217;emploi, ce qui signifie que vous pouvez commencer tout de suite. Optez pour la qualit\u00e9 et la s\u00e9curit\u00e9 et commandez d\u00e8s maintenant nos gobelets \u00e0 encre st\u00e9rile !<\/p>\n<p><strong>Les godets d&rsquo;encre st\u00e9rile conviennent-ils \u00e0 tous les types de tatoueurs ?<\/strong><br \/>\n  Oui, les godets d&rsquo;encre st\u00e9rile conviennent \u00e0 tous les tatoueurs, quel que soit leur niveau d&rsquo;exp\u00e9rience. Ils respectent les directives les plus strictes et peuvent \u00eatre utilis\u00e9s par les d\u00e9butants comme par les professionnels.<\/p>\n<p><strong>Puis-je r\u00e9utiliser les godets d&rsquo;encre st\u00e9rile ?<\/strong><br \/>\n  Non, les godets \u00e0 encre st\u00e9rile sont destin\u00e9s \u00e0 un usage unique. Ils sont compl\u00e8tement st\u00e9riles et pr\u00eats \u00e0 l&#8217;emploi, ce qui vous permet de commencer \u00e0 tatouer imm\u00e9diatement. La r\u00e9utilisation des gobelets peut augmenter le risque d&rsquo;infection.<\/p>\n<p><strong>Combien de temps les gobelets \u00e0 encre st\u00e9rile restent-ils st\u00e9riles ?<\/strong><br \/>\n  Les gobelets d&rsquo;encre st\u00e9riles restent st\u00e9riles tant que l&#8217;emballage n&rsquo;a pas \u00e9t\u00e9 ouvert. Une fois l&#8217;emballage ouvert, nous vous recommandons d&rsquo;utiliser les gobelets imm\u00e9diatement et de ne pas conserver les gobelets inutilis\u00e9s. Il est important de toujours travailler avec des gobelets d&rsquo;encre frais et st\u00e9riles pour garantir l&rsquo;hygi\u00e8ne.<\/p>\n","protected":false},"excerpt":{"rendered":"<p>Vous voulez travailler en toute s\u00e9curit\u00e9 et de mani\u00e8re hygi\u00e9nique pendant le tatouage ? Dans ce cas, nos gobelets d&rsquo;encre st\u00e9riles sont le choix id\u00e9al pour vous ! Avec une taille de 20 mm et un emballage de 250, ces gobelets vous permettent d&rsquo;avoir toujours un stock suffisant. Nos gobelets d&rsquo;encre st\u00e9riles sont conformes aux [&hellip;]<\/p>\n","protected":false},"featured_media":5182,"template":"","meta":{"_acf_changed":false},"product_brand":[],"product_cat":[15],"product_tag":[239],"class_list":{"0":"post-2293","1":"product","2":"type-product","3":"status-publish","4":"has-post-thumbnail","6":"product_cat-uncategorized","7":"product_tag-encriers-steriles","9":"first","10":"instock","11":"taxable","12":"shipping-taxable","13":"purchasable","14":"product-type-simple"},"ams_default_variation_id":0,"ams_product_points_reward":[],"ams_product_discount_percentage":0,"ams_price_to_display":22.5,"ams_acf":[],"acf":[],"_links":{"self":[{"href":"https:\/\/inkskin.nl\/fr\/wp-json\/wp\/v2\/product\/2293","targetHints":{"allow":["GET"]}}],"collection":[{"href":"https:\/\/inkskin.nl\/fr\/wp-json\/wp\/v2\/product"}],"about":[{"href":"https:\/\/inkskin.nl\/fr\/wp-json\/wp\/v2\/types\/product"}],"version-history":[{"count":0,"href":"https:\/\/inkskin.nl\/fr\/wp-json\/wp\/v2\/product\/2293\/revisions"}],"wp:featuredmedia":[{"embeddable":true,"href":"https:\/\/inkskin.nl\/fr\/wp-json\/wp\/v2\/media\/5182"}],"wp:attachment":[{"href":"https:\/\/inkskin.nl\/fr\/wp-json\/wp\/v2\/media?parent=2293"}],"wp:term":[{"taxonomy":"product_brand","embeddable":true,"href":"https:\/\/inkskin.nl\/fr\/wp-json\/wp\/v2\/product_brand?post=2293"},{"taxonomy":"product_cat","embeddable":true,"href":"https:\/\/inkskin.nl\/fr\/wp-json\/wp\/v2\/product_cat?post=2293"},{"taxonomy":"product_tag","embeddable":true,"href":"https:\/\/inkskin.nl\/fr\/wp-json\/wp\/v2\/product_tag?post=2293"}],"curies":[{"name":"wp","href":"https:\/\/api.w.org\/{rel}","templated":true}]}}