{"id":2286,"date":"2024-03-27T09:50:06","date_gmt":"2024-03-27T09:50:06","guid":{"rendered":"https:\/\/inkskin.nl\/products\/panthera-black-gold-reach-approved-150-ml\/"},"modified":"2024-03-27T09:50:06","modified_gmt":"2024-03-27T09:50:06","slug":"panthera-black-gold-reach-approved-150-ml","status":"publish","type":"product","link":"https:\/\/inkskin.nl\/fr\/products\/panthera-black-gold-reach-approved-150-ml\/","title":{"rendered":"Panthera Black Gold (reach approved) 150 ml"},"content":{"rendered":"<p>Black Gold est l&rsquo;encre noire r\u00e9volutionnaire pour tatouage qui fait bouger le monde ! Cette encre unique, d\u00e9velopp\u00e9e par Panthera Ink, est la premi\u00e8re du genre \u00e0 ne pas contenir de conservateurs. Avec Black Gold, vous \u00eates assur\u00e9 de disposer d&rsquo;une encre noire polyvalente qui peut \u00eatre utilis\u00e9e pour tracer des lignes, ombrer et remplir.  <\/p>\n<p>  R\u00e9put\u00e9e pour sa haute qualit\u00e9, Panthera Ink est un nom connu dans l&rsquo;industrie du tatouage depuis plus de 20 ans. Fond\u00e9e par d&rsquo;anciens tatoueurs avec plus de 25 ans d&rsquo;exp\u00e9rience, Panthera Ink sait exactement ce dont vous avez besoin en tant qu&rsquo;artiste.  <\/p>\n<p>  Mais ce n&rsquo;est pas tout ! Panthera Ink est appr\u00e9ci\u00e9e non seulement pour ses encres noires, blanches et grises, mais aussi pour ses greywashes. Ils sont utilis\u00e9s par de nombreux artistes dans le monde entier et garantissent de beaux r\u00e9sultats.  <\/p>\n<p> Et le meilleur de tous ? Panthera Ink est v\u00e9g\u00e9talien et ne contient pas d&rsquo;animaux ! Cette encre est conforme aux directives REACH et UE les plus strictes, ce qui vous permet de tatouer en toute s\u00e9r\u00e9nit\u00e9. Choisissez l&rsquo;or noir et d\u00e9couvrez la puissance et la polyvalence de l&rsquo;encre Panthera !<\/p>\n<p><strong>Qu&rsquo;est-ce qui rend l&rsquo;encre Black Gold si unique ?<\/strong><br \/>\n  L&rsquo;encre Black Gold est unique parce qu&rsquo;elle est la premi\u00e8re de sa cat\u00e9gorie \u00e0 ne pas contenir de conservateurs. Il offre des options polyvalentes pour le trac\u00e9 des lignes, l&rsquo;ombrage et le remplissage.<\/p>\n<p><strong>Depuis combien de temps Panthera Ink existe-t-elle ?<\/strong><br \/>\n  Panthera Ink est un nom connu dans l&rsquo;industrie du tatouage depuis plus de 20 ans et a \u00e9t\u00e9 fond\u00e9 par d&rsquo;anciens tatoueurs ayant plus de 25 ans d&rsquo;exp\u00e9rience.<\/p>\n<p><strong>Qu&rsquo;est-ce qui fait que l&rsquo;encre Panthera est si populaire aupr\u00e8s des artistes ?<\/strong><br \/>\n  R\u00e9put\u00e9e pour sa haute qualit\u00e9, Panthera Ink propose non seulement des encres noires, blanches et grises, mais aussi des eaux grises. Ils sont utilis\u00e9s par de nombreux artistes dans le monde entier en raison des magnifiques r\u00e9sultats qu&rsquo;ils produisent. En outre, l&rsquo;encre Panthera est v\u00e9g\u00e9talienne et exempte de tests sur les animaux, elle est conforme aux directives strictes de REACH et de l&rsquo;UE et offre aux artistes une grande tranquillit\u00e9 d&rsquo;esprit pendant le tatouage.<\/p>\n","protected":false},"excerpt":{"rendered":"<p>Black Gold est l&rsquo;encre noire r\u00e9volutionnaire pour tatouage qui fait bouger le monde ! Cette encre unique, d\u00e9velopp\u00e9e par Panthera Ink, est la premi\u00e8re du genre \u00e0 ne pas contenir de conservateurs. Avec Black Gold, vous \u00eates assur\u00e9 de disposer d&rsquo;une encre noire polyvalente qui peut \u00eatre utilis\u00e9e pour tracer des lignes, ombrer et remplir. [&hellip;]<\/p>\n","protected":false},"featured_media":2770,"template":"","meta":{"_acf_changed":false},"product_brand":[],"product_cat":[181,232],"product_tag":[183,215],"class_list":{"0":"post-2286","1":"product","2":"type-product","3":"status-publish","4":"has-post-thumbnail","6":"product_cat-encre-de-tatouage","7":"product_cat-panthera-fr","8":"product_tag-encre-de-tatouage","9":"product_tag-panthera-fr","11":"first","12":"instock","13":"taxable","14":"shipping-taxable","15":"purchasable","16":"product-type-simple"},"ams_default_variation_id":0,"ams_product_points_reward":[],"ams_product_discount_percentage":0,"ams_price_to_display":35,"ams_acf":[],"acf":[],"_links":{"self":[{"href":"https:\/\/inkskin.nl\/fr\/wp-json\/wp\/v2\/product\/2286","targetHints":{"allow":["GET"]}}],"collection":[{"href":"https:\/\/inkskin.nl\/fr\/wp-json\/wp\/v2\/product"}],"about":[{"href":"https:\/\/inkskin.nl\/fr\/wp-json\/wp\/v2\/types\/product"}],"version-history":[{"count":0,"href":"https:\/\/inkskin.nl\/fr\/wp-json\/wp\/v2\/product\/2286\/revisions"}],"wp:featuredmedia":[{"embeddable":true,"href":"https:\/\/inkskin.nl\/fr\/wp-json\/wp\/v2\/media\/2770"}],"wp:attachment":[{"href":"https:\/\/inkskin.nl\/fr\/wp-json\/wp\/v2\/media?parent=2286"}],"wp:term":[{"taxonomy":"product_brand","embeddable":true,"href":"https:\/\/inkskin.nl\/fr\/wp-json\/wp\/v2\/product_brand?post=2286"},{"taxonomy":"product_cat","embeddable":true,"href":"https:\/\/inkskin.nl\/fr\/wp-json\/wp\/v2\/product_cat?post=2286"},{"taxonomy":"product_tag","embeddable":true,"href":"https:\/\/inkskin.nl\/fr\/wp-json\/wp\/v2\/product_tag?post=2286"}],"curies":[{"name":"wp","href":"https:\/\/api.w.org\/{rel}","templated":true}]}}