{"id":2284,"date":"2024-03-27T09:50:00","date_gmt":"2024-03-27T09:50:00","guid":{"rendered":"https:\/\/inkskin.nl\/products\/pochoir-dencre-panthera-forte\/"},"modified":"2024-03-27T09:50:00","modified_gmt":"2024-03-27T09:50:00","slug":"pochoir-dencre-panthera-forte","status":"publish","type":"product","link":"https:\/\/inkskin.nl\/fr\/products\/pochoir-dencre-panthera-forte\/","title":{"rendered":"Pochoir d&rsquo;encre Panthera Forte"},"content":{"rendered":"<p>Vous \u00eates \u00e0 la recherche d&rsquo;un pochoir de haute qualit\u00e9 pour votre tatouage ? Le pochoir Panthera Ink Forte est le produit qu&rsquo;il vous faut ! D\u00e9velopp\u00e9 en collaboration avec les meilleurs tatoueurs du monde et les laboratoires Forte Technology, ce produit est le choix parfait pour un transfert d\u00e9fini et durable de votre pochoir.  <\/p>\n<p> Mais ce n&rsquo;est pas tout ! Le Stencil Forte a un effet antibact\u00e9rien, d\u00e9sinfectant et \u00e9liminant tout agent pathog\u00e8ne de la peau au moment de l&rsquo;application. Cela rendra votre processus de tatouage encore plus s\u00fbr. De plus, cette solution de pochoir est non toxique et hypoallerg\u00e9nique, ce qui la rend adapt\u00e9e \u00e0 tous, m\u00eame aux peaux sensibles.<\/p>\n<p>  Et nous avons d&rsquo;autres bonnes nouvelles ! Le pochoir Forte est enti\u00e8rement v\u00e9g\u00e9talien et exempt d&rsquo;animaux, ce qui vous permet de profiter d&rsquo;un produit de haute qualit\u00e9 sans culpabilit\u00e9. Optez pour la meilleure qualit\u00e9 et choisissez le Pochoir Forte de Panthera Ink pour votre prochain tatouage !<\/p>\n<p><strong>Quels sont les avantages du Pochoir Forte de Panthera Ink ?<\/strong><br \/>\n  Panthera Ink Stencil Forte offre une solution de pochoir de haute qualit\u00e9 pour votre tatouage, d\u00e9velopp\u00e9e en collaboration avec les meilleurs tatoueurs du monde et les laboratoires de Forte Technology. Il assure un transfert d\u00e9fini et durable de votre pochoir et a un effet antibact\u00e9rien qui d\u00e9sinfecte la peau et \u00e9limine les agents pathog\u00e8nes. De plus, le produit est non toxique, hypoallerg\u00e9nique et convient \u00e0 tout le monde, m\u00eame aux peaux sensibles. Il est \u00e9galement enti\u00e8rement v\u00e9g\u00e9talien et test\u00e9 sur les animaux, ce qui vous permet de profiter d&rsquo;un produit de haute qualit\u00e9 sans culpabilit\u00e9.<\/p>\n<p><strong>Le pochoir Panthera Ink Forte est-il sans danger pour ma peau ?<\/strong><br \/>\n  Oui, le pochoir Panthera Ink Forte est sans danger pour la peau. Il a une action antibact\u00e9rienne qui d\u00e9sinfecte la peau et \u00e9limine tout agent pathog\u00e8ne au moment de l&rsquo;application. De plus, il est non toxique et hypoallerg\u00e9nique, ce qui le rend adapt\u00e9 \u00e0 tout le monde, m\u00eame aux peaux sensibles. Vous pouvez utiliser le produit sans craindre d&rsquo;\u00e9ventuelles irritations ou r\u00e9actions allergiques.<\/p>\n<p><strong>Le pochoir Panthera Ink Forte convient-il aux v\u00e9g\u00e9taliens ?<\/strong><br \/>\n  Oui, le Pochoir Forte Encre Panthera est enti\u00e8rement v\u00e9g\u00e9talien. Le produit a \u00e9t\u00e9 d\u00e9velopp\u00e9 sans utiliser d&rsquo;ingr\u00e9dients d&rsquo;origine animale et n&rsquo;a pas \u00e9t\u00e9 test\u00e9 sur les animaux.<\/p>\n","protected":false},"excerpt":{"rendered":"<p>Vous \u00eates \u00e0 la recherche d&rsquo;un pochoir de haute qualit\u00e9 pour votre tatouage ? Le pochoir Panthera Ink Forte est le produit qu&rsquo;il vous faut ! D\u00e9velopp\u00e9 en collaboration avec les meilleurs tatoueurs du monde et les laboratoires Forte Technology, ce produit est le choix parfait pour un transfert d\u00e9fini et durable de votre pochoir. [&hellip;]<\/p>\n","protected":false},"featured_media":1597,"template":"","meta":{"_acf_changed":false},"product_brand":[],"product_cat":[207],"product_tag":[208,215],"class_list":{"0":"post-2284","1":"product","2":"type-product","3":"status-publish","4":"has-post-thumbnail","6":"product_cat-fournitures-pour-pochoirs","7":"product_tag-gel-pour-pochoir","8":"product_tag-panthera-fr","10":"first","11":"instock","12":"taxable","13":"shipping-taxable","14":"purchasable","15":"product-type-simple"},"ams_default_variation_id":0,"ams_product_points_reward":[],"ams_product_discount_percentage":0,"ams_price_to_display":24,"ams_acf":[],"acf":[],"_links":{"self":[{"href":"https:\/\/inkskin.nl\/fr\/wp-json\/wp\/v2\/product\/2284","targetHints":{"allow":["GET"]}}],"collection":[{"href":"https:\/\/inkskin.nl\/fr\/wp-json\/wp\/v2\/product"}],"about":[{"href":"https:\/\/inkskin.nl\/fr\/wp-json\/wp\/v2\/types\/product"}],"version-history":[{"count":0,"href":"https:\/\/inkskin.nl\/fr\/wp-json\/wp\/v2\/product\/2284\/revisions"}],"wp:featuredmedia":[{"embeddable":true,"href":"https:\/\/inkskin.nl\/fr\/wp-json\/wp\/v2\/media\/1597"}],"wp:attachment":[{"href":"https:\/\/inkskin.nl\/fr\/wp-json\/wp\/v2\/media?parent=2284"}],"wp:term":[{"taxonomy":"product_brand","embeddable":true,"href":"https:\/\/inkskin.nl\/fr\/wp-json\/wp\/v2\/product_brand?post=2284"},{"taxonomy":"product_cat","embeddable":true,"href":"https:\/\/inkskin.nl\/fr\/wp-json\/wp\/v2\/product_cat?post=2284"},{"taxonomy":"product_tag","embeddable":true,"href":"https:\/\/inkskin.nl\/fr\/wp-json\/wp\/v2\/product_tag?post=2284"}],"curies":[{"name":"wp","href":"https:\/\/api.w.org\/{rel}","templated":true}]}}