{"id":2281,"date":"2024-03-27T09:50:04","date_gmt":"2024-03-27T09:50:04","guid":{"rendered":"https:\/\/inkskin.nl\/products\/panthera-black-tribal-xxx-reach-approved-150-ml\/"},"modified":"2024-03-27T09:50:04","modified_gmt":"2024-03-27T09:50:04","slug":"panthera-black-tribal-xxx-reach-approved-150-ml","status":"publish","type":"product","link":"https:\/\/inkskin.nl\/fr\/products\/panthera-black-tribal-xxx-reach-approved-150-ml\/","title":{"rendered":"Panthera Black Tribal XXX (reach approved) 150 ml"},"content":{"rendered":"<p>Vous cherchez le noir le plus fonc\u00e9 pour vos tatouages ? Alors Black XXX Tribal de Panthera Ink est le produit id\u00e9al pour vous ! Cette encre est connue pour sa forte concentration en pigments, ce qui lui permet de rester noire m\u00eame apr\u00e8s s\u00e9chage. Que vous souhaitiez r\u00e9aliser des lignes, des ombres ou des remplissages, cette encre noire polyvalente est id\u00e9ale pour tout type de tatouage.<\/p>\n<p>  Panthera Ink est un nom connu dans le monde du tatouage depuis plus de 20 ans. La marque a \u00e9t\u00e9 fond\u00e9e par d&rsquo;anciens tatoueurs ayant plus de 25 ans d&rsquo;exp\u00e9rience, vous pouvez donc avoir confiance en la qualit\u00e9 de leurs produits. Panthera Ink est connue non seulement pour ses encres noires, mais aussi pour ses encres blanches, grises et gris-gris. La gamme est appr\u00e9ci\u00e9e par les artistes du monde entier.<\/p>\n<p>  En outre, Panthera Ink est \u00e9galement v\u00e9g\u00e9talien et test\u00e9 sur les animaux. Vous pouvez donc utiliser cette encre, qui est conforme aux directives REACH et de l&rsquo;UE, en toute s\u00e9r\u00e9nit\u00e9. Choisissez la meilleure qualit\u00e9 et rendez vos tatouages encore plus impressionnants avec Black XXX Tribal de Panthera Ink !<\/p>\n<p><strong>Black XXX Tribal by Panthera Ink convient-il \u00e0 tous les types de peau ?<\/strong><br \/>\n  Oui, Black XXX Tribal de Panthera Ink convient \u00e0 tous les types de peau. Il est important de toujours tester l&rsquo;encre sur un petit morceau de peau avant de l&rsquo;appliquer sur l&rsquo;ensemble du tatouage afin d&rsquo;exclure toute r\u00e9action allergique.<\/p>\n<p><strong>Combien de temps la couleur noire durera-t-elle apr\u00e8s la cicatrisation ?<\/strong><br \/>\n  La couleur noire de Black XXX Tribal de Panthera Ink est durable, m\u00eame apr\u00e8s la cicatrisation. La teneur \u00e9lev\u00e9e en pigments permet \u00e0 l&rsquo;encre de p\u00e9n\u00e9trer profond\u00e9ment dans la peau et de rester belle pendant longtemps.<\/p>\n<p><strong>L&rsquo;Encre Panthera est-elle test\u00e9e sur les animaux ?<\/strong><br \/>\n  Oui, l&rsquo;encre Panthera est test\u00e9e sur les animaux. La marque s&rsquo;engage en faveur du bien-\u00eatre des animaux et se conforme aux directives de l&rsquo;UE relatives aux produits sans animaux. Vous pouvez donc utiliser Panthera Ink et profiter de votre tatouage en toute s\u00e9r\u00e9nit\u00e9.<\/p>\n","protected":false},"excerpt":{"rendered":"<p>Vous cherchez le noir le plus fonc\u00e9 pour vos tatouages ? Alors Black XXX Tribal de Panthera Ink est le produit id\u00e9al pour vous ! Cette encre est connue pour sa forte concentration en pigments, ce qui lui permet de rester noire m\u00eame apr\u00e8s s\u00e9chage. Que vous souhaitiez r\u00e9aliser des lignes, des ombres ou des [&hellip;]<\/p>\n","protected":false},"featured_media":2774,"template":"","meta":{"_acf_changed":false},"product_brand":[],"product_cat":[181,232],"product_tag":[183,215],"class_list":{"0":"post-2281","1":"product","2":"type-product","3":"status-publish","4":"has-post-thumbnail","6":"product_cat-encre-de-tatouage","7":"product_cat-panthera-fr","8":"product_tag-encre-de-tatouage","9":"product_tag-panthera-fr","11":"first","12":"instock","13":"taxable","14":"shipping-taxable","15":"purchasable","16":"product-type-simple"},"ams_default_variation_id":0,"ams_product_points_reward":[],"ams_product_discount_percentage":0,"ams_price_to_display":29,"ams_acf":[],"acf":[],"_links":{"self":[{"href":"https:\/\/inkskin.nl\/fr\/wp-json\/wp\/v2\/product\/2281","targetHints":{"allow":["GET"]}}],"collection":[{"href":"https:\/\/inkskin.nl\/fr\/wp-json\/wp\/v2\/product"}],"about":[{"href":"https:\/\/inkskin.nl\/fr\/wp-json\/wp\/v2\/types\/product"}],"version-history":[{"count":0,"href":"https:\/\/inkskin.nl\/fr\/wp-json\/wp\/v2\/product\/2281\/revisions"}],"wp:featuredmedia":[{"embeddable":true,"href":"https:\/\/inkskin.nl\/fr\/wp-json\/wp\/v2\/media\/2774"}],"wp:attachment":[{"href":"https:\/\/inkskin.nl\/fr\/wp-json\/wp\/v2\/media?parent=2281"}],"wp:term":[{"taxonomy":"product_brand","embeddable":true,"href":"https:\/\/inkskin.nl\/fr\/wp-json\/wp\/v2\/product_brand?post=2281"},{"taxonomy":"product_cat","embeddable":true,"href":"https:\/\/inkskin.nl\/fr\/wp-json\/wp\/v2\/product_cat?post=2281"},{"taxonomy":"product_tag","embeddable":true,"href":"https:\/\/inkskin.nl\/fr\/wp-json\/wp\/v2\/product_tag?post=2281"}],"curies":[{"name":"wp","href":"https:\/\/api.w.org\/{rel}","templated":true}]}}