{"id":2280,"date":"2024-03-27T09:49:58","date_gmt":"2024-03-27T09:49:58","guid":{"rendered":"https:\/\/inkskin.nl\/products\/panthera-ralf-nonnweiler-blending-reach-approved-150-ml\/"},"modified":"2025-10-01T00:34:58","modified_gmt":"2025-10-01T00:34:58","slug":"panthera-ralf-nonnweiler-blending-reach-approved-150-ml","status":"publish","type":"product","link":"https:\/\/inkskin.nl\/fr\/products\/panthera-ralf-nonnweiler-blending-reach-approved-150-ml\/","title":{"rendered":"Panthera Ralf Nonnweiler Blending (reach approved) 150 ml"},"content":{"rendered":"<p>D\u00e9couvrez Blending, le produit r\u00e9volutionnaire de Panthera Ink en collaboration avec le tatoueur de renomm\u00e9e mondiale Ralf Nonnweiler. Ce set d&rsquo;encres comprend deux bouteilles de Blending, la premi\u00e8re partie d&rsquo;une s\u00e9rie fantastique.  <\/p>\n<p>  Blending est sp\u00e9cialement con\u00e7u avec moins de pigments que le Light Sumy Shader de Panthera Ink, ce qui le rend parfait pour estomper certaines parties de votre tatouage. Que vous souhaitiez parfaire un portrait sur le front ou mettre en valeur des zones claires sur le nez, l&rsquo;estompe est votre arme secr\u00e8te.  <\/p>\n<p>  Cette encre de tatouage unique vous permet de cr\u00e9er des bosses et des rides sur des zones claires sans avoir l&rsquo;air sale. Gr\u00e2ce \u00e0 sa formule sp\u00e9ciale, Blending ne laisse pas de points noirs, ce qui donne l&rsquo;impression que les pores de votre peau s&rsquo;animent.  <\/p>\n<p> Et le meilleur de tous ? Panthera Ink est v\u00e9g\u00e9talien et exempt d&rsquo;animaux, et respecte les directives strictes de REACH et de l&rsquo;UE. Choisissez Blending et d\u00e9couvrez le m\u00e9lange parfait pour votre tatouage !<\/p>\n<p><strong>En quoi l&rsquo;encre Blending tattoo est-elle diff\u00e9rente des autres s\u00e9ries d&rsquo;encres ?<\/strong><br \/>\n  L&rsquo;encre de tatouage mixte de Panthera Ink est sp\u00e9cialement formul\u00e9e avec moins de pigments que le Light Sumy Shader, ce qui la rend parfaite pour estomper certaines parties de votre tatouage. Il permet \u00e9galement de cr\u00e9er des bosses et des rides sur les zones claires sans donner l&rsquo;impression d&rsquo;\u00eatre sale.<\/p>\n<p><strong>L&rsquo;encre Blending tattoo convient-elle pour parfaire les portraits ?<\/strong><br \/>\n  Oui, le m\u00e9lange des encres de tatouage est parfait pour parfaire les portraits. Que vous souhaitiez parfaire un portrait sur le front ou mettre en valeur des zones claires sur le nez, l&rsquo;estompe est votre arme secr\u00e8te. Il redonne vie aux pores de votre peau sans laisser de points noirs.<\/p>\n<p><strong>Panthera Ink est-elle une marque respectueuse des animaux ?<\/strong><br \/>\n  Oui, Panthera Ink est une marque respectueuse des animaux. Il est v\u00e9g\u00e9talien et exempt d&rsquo;animaux, et respecte les directives strictes de REACH et de l&rsquo;UE. Vous pouvez choisir Blending en toute confiance et profiter du m\u00e9lange parfait pour votre tatouage.<\/p>\n","protected":false},"excerpt":{"rendered":"<p>D\u00e9couvrez Blending, le produit r\u00e9volutionnaire de Panthera Ink en collaboration avec le tatoueur de renomm\u00e9e mondiale Ralf Nonnweiler. Ce set d&rsquo;encres comprend deux bouteilles de Blending, la premi\u00e8re partie d&rsquo;une s\u00e9rie fantastique. Blending est sp\u00e9cialement con\u00e7u avec moins de pigments que le Light Sumy Shader de Panthera Ink, ce qui le rend parfait pour estomper [&hellip;]<\/p>\n","protected":false},"featured_media":1595,"template":"","meta":{"_acf_changed":false},"product_brand":[],"product_cat":[181,232],"product_tag":[183,215],"class_list":{"0":"post-2280","1":"product","2":"type-product","3":"status-publish","4":"has-post-thumbnail","6":"product_cat-encre-de-tatouage","7":"product_cat-panthera-fr","8":"product_tag-encre-de-tatouage","9":"product_tag-panthera-fr","11":"first","12":"instock","13":"taxable","14":"shipping-taxable","15":"purchasable","16":"product-type-simple"},"ams_default_variation_id":0,"ams_product_points_reward":[],"ams_product_discount_percentage":0,"ams_price_to_display":15,"ams_acf":[],"acf":[],"_links":{"self":[{"href":"https:\/\/inkskin.nl\/fr\/wp-json\/wp\/v2\/product\/2280","targetHints":{"allow":["GET"]}}],"collection":[{"href":"https:\/\/inkskin.nl\/fr\/wp-json\/wp\/v2\/product"}],"about":[{"href":"https:\/\/inkskin.nl\/fr\/wp-json\/wp\/v2\/types\/product"}],"version-history":[{"count":0,"href":"https:\/\/inkskin.nl\/fr\/wp-json\/wp\/v2\/product\/2280\/revisions"}],"wp:featuredmedia":[{"embeddable":true,"href":"https:\/\/inkskin.nl\/fr\/wp-json\/wp\/v2\/media\/1595"}],"wp:attachment":[{"href":"https:\/\/inkskin.nl\/fr\/wp-json\/wp\/v2\/media?parent=2280"}],"wp:term":[{"taxonomy":"product_brand","embeddable":true,"href":"https:\/\/inkskin.nl\/fr\/wp-json\/wp\/v2\/product_brand?post=2280"},{"taxonomy":"product_cat","embeddable":true,"href":"https:\/\/inkskin.nl\/fr\/wp-json\/wp\/v2\/product_cat?post=2280"},{"taxonomy":"product_tag","embeddable":true,"href":"https:\/\/inkskin.nl\/fr\/wp-json\/wp\/v2\/product_tag?post=2280"}],"curies":[{"name":"wp","href":"https:\/\/api.w.org\/{rel}","templated":true}]}}