{"id":2279,"date":"2024-03-27T09:50:03","date_gmt":"2024-03-27T09:50:03","guid":{"rendered":"https:\/\/inkskin.nl\/products\/panthera-cristal-solution-de-melange-150-ml\/"},"modified":"2024-03-27T09:50:03","modified_gmt":"2024-03-27T09:50:03","slug":"panthera-cristal-solution-de-melange-150-ml","status":"publish","type":"product","link":"https:\/\/inkskin.nl\/fr\/products\/panthera-cristal-solution-de-melange-150-ml\/","title":{"rendered":"Panthera Cristal Solution de m\u00e9lange 150 ml"},"content":{"rendered":"<p>Panthera Cristal Solution est une solution sp\u00e9ciale contenant de l&rsquo;extrait d&rsquo;Aloe Vera. Le m\u00e9lange sp\u00e9cial permet \u00e0 chaque pigment de tatouage d&rsquo;\u00eatre dans un flux homog\u00e8ne. Le m\u00e9lange emp\u00eache \u00e9galement l&rsquo;encre de s\u00e9cher aussi rapidement, ce qui permet de prolonger les temps de peinture et d&rsquo;ombrage.<\/p>\n","protected":false},"excerpt":{"rendered":"<p>Panthera Cristal Solution est une solution sp\u00e9ciale contenant de l&rsquo;extrait d&rsquo;Aloe Vera. Le m\u00e9lange sp\u00e9cial permet \u00e0 chaque pigment de tatouage d&rsquo;\u00eatre dans un flux homog\u00e8ne. Le m\u00e9lange emp\u00eache \u00e9galement l&rsquo;encre de s\u00e9cher aussi rapidement, ce qui permet de prolonger les temps de peinture et d&rsquo;ombrage.<\/p>\n","protected":false},"featured_media":2780,"template":"","meta":{"_acf_changed":false},"product_brand":[],"product_cat":[181,232],"product_tag":[215],"class_list":{"0":"post-2279","1":"product","2":"type-product","3":"status-publish","4":"has-post-thumbnail","6":"product_cat-encre-de-tatouage","7":"product_cat-panthera-fr","8":"product_tag-panthera-fr","10":"first","11":"instock","12":"taxable","13":"shipping-taxable","14":"purchasable","15":"product-type-simple"},"ams_default_variation_id":0,"ams_product_points_reward":[],"ams_product_discount_percentage":0,"ams_price_to_display":11,"ams_acf":[],"acf":[],"_links":{"self":[{"href":"https:\/\/inkskin.nl\/fr\/wp-json\/wp\/v2\/product\/2279","targetHints":{"allow":["GET"]}}],"collection":[{"href":"https:\/\/inkskin.nl\/fr\/wp-json\/wp\/v2\/product"}],"about":[{"href":"https:\/\/inkskin.nl\/fr\/wp-json\/wp\/v2\/types\/product"}],"version-history":[{"count":0,"href":"https:\/\/inkskin.nl\/fr\/wp-json\/wp\/v2\/product\/2279\/revisions"}],"wp:featuredmedia":[{"embeddable":true,"href":"https:\/\/inkskin.nl\/fr\/wp-json\/wp\/v2\/media\/2780"}],"wp:attachment":[{"href":"https:\/\/inkskin.nl\/fr\/wp-json\/wp\/v2\/media?parent=2279"}],"wp:term":[{"taxonomy":"product_brand","embeddable":true,"href":"https:\/\/inkskin.nl\/fr\/wp-json\/wp\/v2\/product_brand?post=2279"},{"taxonomy":"product_cat","embeddable":true,"href":"https:\/\/inkskin.nl\/fr\/wp-json\/wp\/v2\/product_cat?post=2279"},{"taxonomy":"product_tag","embeddable":true,"href":"https:\/\/inkskin.nl\/fr\/wp-json\/wp\/v2\/product_tag?post=2279"}],"curies":[{"name":"wp","href":"https:\/\/api.w.org\/{rel}","templated":true}]}}