{"id":2277,"date":"2024-03-27T09:49:57","date_gmt":"2024-03-27T09:49:57","guid":{"rendered":"https:\/\/inkskin.nl\/products\/panthera-ralf-nonnweiler-finish-reach-approved-150-ml\/"},"modified":"2024-03-27T09:49:57","modified_gmt":"2024-03-27T09:49:57","slug":"panthera-ralf-nonnweiler-finish-reach-approved-150-ml","status":"publish","type":"product","link":"https:\/\/inkskin.nl\/fr\/products\/panthera-ralf-nonnweiler-finish-reach-approved-150-ml\/","title":{"rendered":"Panthera Ralf Nonnweiler Finish (reach approved) 150 ml"},"content":{"rendered":"<p>Ralf Nonnweiler Finish &#8211; Compl\u00e9tez votre tatouage parfait avec ce set d&rsquo;encre unique ! Deuxi\u00e8me partie de la s\u00e9rie d&rsquo;encres Panthera Ink, en collaboration avec le tatoueur de renomm\u00e9e mondiale Ralf Nonnweiler, Ralf Nonnweiler Finish fait passer votre tatouage \u00e0 la vitesse sup\u00e9rieure. Moins pigment\u00e9e que la Panthera Ink&rsquo;s Blending, cette encre est sp\u00e9cialement con\u00e7ue pour l&rsquo;\u00e9tape finale de votre tatouage. Saturez m\u00eame les zones les plus claires que vous avez ignor\u00e9es auparavant et cr\u00e9ez un tatouage magnifique et vibrant. Mais ce n&rsquo;est pas tout &#8211; lorsque votre tatouage gu\u00e9rit, la zone que vous avez satur\u00e9e de Smooth Finish reste dans la peau. En outre, Panthera Ink est v\u00e9g\u00e9talien et ne fait pas l&rsquo;objet de tests sur les animaux, et est conforme aux derni\u00e8res r\u00e9glementations REACH de l&rsquo;UE. Finissez votre tatouage avec Ralf Nonnweiler Finish et faites briller votre \u0153uvre d&rsquo;art !<\/p>\n<p><strong>Quelle est la particularit\u00e9 du set d&rsquo;encres Ralf Nonnweiler Finish ?<\/strong><br \/>\n  La particularit\u00e9 du set d&rsquo;encres Ralf Nonnweiler Finish est qu&rsquo;il contient moins de pigments que le Blending de Panthera Ink et qu&rsquo;il est sp\u00e9cialement con\u00e7u pour la phase finale d&rsquo;un tatouage. Il est con\u00e7u pour saturer m\u00eame les zones les plus claires pr\u00e9c\u00e9demment ignor\u00e9es et cr\u00e9er un tatouage magnifique et \u00e9clatant.<\/p>\n<p><strong>Que se passe-t-il lorsqu&rsquo;un tatouage gu\u00e9rit apr\u00e8s l&rsquo;utilisation du set d&rsquo;encres Ralf Nonnweiler Finish ?<\/strong><br \/>\n  Lorsqu&rsquo;un tatouage gu\u00e9rit apr\u00e8s l&rsquo;utilisation du set d&rsquo;encre Ralf Nonnweiler Finish, la zone satur\u00e9e de Smooth Finish reste dans la peau. Cela garantit une apparence durable et vibrante du tatouage.<\/p>\n<p><strong>L&rsquo;encre Panthera est-elle conforme aux r\u00e9glementations de l&rsquo;UE et est-elle v\u00e9g\u00e9talienne et exempte d&rsquo;animaux ?<\/strong><br \/>\n  Oui, Panthera Ink est conforme aux derni\u00e8res r\u00e9glementations REACH de l&rsquo;UE. En outre, la marque Panthera Ink est v\u00e9g\u00e9talienne et test\u00e9e sur les animaux, ce qui signifie qu&rsquo;elle ne contient aucun produit ou ingr\u00e9dient d&rsquo;origine animale et qu&rsquo;elle n&rsquo;a pas \u00e9t\u00e9 test\u00e9e sur les animaux.<\/p>\n","protected":false},"excerpt":{"rendered":"<p>Ralf Nonnweiler Finish &#8211; Compl\u00e9tez votre tatouage parfait avec ce set d&rsquo;encre unique ! Deuxi\u00e8me partie de la s\u00e9rie d&rsquo;encres Panthera Ink, en collaboration avec le tatoueur de renomm\u00e9e mondiale Ralf Nonnweiler, Ralf Nonnweiler Finish fait passer votre tatouage \u00e0 la vitesse sup\u00e9rieure. Moins pigment\u00e9e que la Panthera Ink&rsquo;s Blending, cette encre est sp\u00e9cialement con\u00e7ue [&hellip;]<\/p>\n","protected":false},"featured_media":1594,"template":"","meta":{"_acf_changed":false},"product_brand":[],"product_cat":[181,232],"product_tag":[183,215],"class_list":{"0":"post-2277","1":"product","2":"type-product","3":"status-publish","4":"has-post-thumbnail","6":"product_cat-encre-de-tatouage","7":"product_cat-panthera-fr","8":"product_tag-encre-de-tatouage","9":"product_tag-panthera-fr","11":"first","12":"instock","13":"taxable","14":"shipping-taxable","15":"purchasable","16":"product-type-simple"},"ams_default_variation_id":0,"ams_product_points_reward":[],"ams_product_discount_percentage":0,"ams_price_to_display":15,"ams_acf":[],"acf":[],"_links":{"self":[{"href":"https:\/\/inkskin.nl\/fr\/wp-json\/wp\/v2\/product\/2277","targetHints":{"allow":["GET"]}}],"collection":[{"href":"https:\/\/inkskin.nl\/fr\/wp-json\/wp\/v2\/product"}],"about":[{"href":"https:\/\/inkskin.nl\/fr\/wp-json\/wp\/v2\/types\/product"}],"version-history":[{"count":0,"href":"https:\/\/inkskin.nl\/fr\/wp-json\/wp\/v2\/product\/2277\/revisions"}],"wp:featuredmedia":[{"embeddable":true,"href":"https:\/\/inkskin.nl\/fr\/wp-json\/wp\/v2\/media\/1594"}],"wp:attachment":[{"href":"https:\/\/inkskin.nl\/fr\/wp-json\/wp\/v2\/media?parent=2277"}],"wp:term":[{"taxonomy":"product_brand","embeddable":true,"href":"https:\/\/inkskin.nl\/fr\/wp-json\/wp\/v2\/product_brand?post=2277"},{"taxonomy":"product_cat","embeddable":true,"href":"https:\/\/inkskin.nl\/fr\/wp-json\/wp\/v2\/product_cat?post=2277"},{"taxonomy":"product_tag","embeddable":true,"href":"https:\/\/inkskin.nl\/fr\/wp-json\/wp\/v2\/product_tag?post=2277"}],"curies":[{"name":"wp","href":"https:\/\/api.w.org\/{rel}","templated":true}]}}