{"id":2275,"date":"2024-03-27T09:50:01","date_gmt":"2024-03-27T09:50:01","guid":{"rendered":"https:\/\/inkskin.nl\/products\/panthera-savon-vert-concentre-1l\/"},"modified":"2024-03-27T09:50:01","modified_gmt":"2024-03-27T09:50:01","slug":"panthera-savon-vert-concentre-1l","status":"publish","type":"product","link":"https:\/\/inkskin.nl\/fr\/products\/panthera-savon-vert-concentre-1l\/","title":{"rendered":"Panthera Savon vert concentr\u00e9 1L"},"content":{"rendered":"<p>Le savon vert Panthera est un v\u00e9ritable r\u00e9gal pour votre peau ! Gr\u00e2ce \u00e0 la puissante combinaison de l&rsquo;hamam\u00e9lis et de l&rsquo;alo\u00e8s, ce savon offre un soin in\u00e9gal\u00e9. L&rsquo;hamam\u00e9lis est connu pour sa capacit\u00e9 \u00e0 apaiser la peau et \u00e0 r\u00e9duire les rougeurs, tandis que l&rsquo;aloe vera favorise la cicatrisation.  <\/p>\n<p>  Que vous souffriez d&rsquo;une peau sensible, d&rsquo;acn\u00e9 ou d&rsquo;irritations, ce savon vous offre la solution. Vous pouvez utiliser le produit directement ou le diluer jusqu&rsquo;\u00e0 80 % pour un effet plus doux. Le r\u00e9sultat ? Une peau douce et \u00e9clatante, d&rsquo;apparence saine.  <\/p>\n<p>  Plongez dans le luxe du savon vert Panthera et donnez \u00e0 votre peau le soin qu&rsquo;elle m\u00e9rite. Faites-en l&rsquo;exp\u00e9rience vous-m\u00eame et constatez que votre peau retrouve tout son \u00e9clat !<\/p>\n<p><strong>Quels sont les ingr\u00e9dients du savon vert Panthera ?<\/strong><br \/>\n  Le savon vert Panthera est fabriqu\u00e9 \u00e0 partir d&rsquo;une combinaison puissante d&rsquo;hamam\u00e9lis et d&rsquo;alo\u00e8s.<\/p>\n<p><strong>Pour quel type de peau le savon vert Panthera convient-il ?<\/strong><br \/>\n  Le savon vert Panthera convient \u00e0 tous les types de peau, y compris les peaux sensibles, acn\u00e9iques ou irrit\u00e9es.<\/p>\n<p><strong>Comment utilisez-vous le savon vert Panthera ?<\/strong><br \/>\n  Le savon vert Panthera peut \u00eatre appliqu\u00e9 directement sur la peau, mais il peut \u00e9galement \u00eatre dilu\u00e9 jusqu&rsquo;\u00e0 80 % pour une action plus douce. Appliquez le savon sur la peau humide, massez d\u00e9licatement puis rincez \u00e0 l&rsquo;eau.<\/p>\n","protected":false},"excerpt":{"rendered":"<p>Le savon vert Panthera est un v\u00e9ritable r\u00e9gal pour votre peau ! Gr\u00e2ce \u00e0 la puissante combinaison de l&rsquo;hamam\u00e9lis et de l&rsquo;alo\u00e8s, ce savon offre un soin in\u00e9gal\u00e9. L&rsquo;hamam\u00e9lis est connu pour sa capacit\u00e9 \u00e0 apaiser la peau et \u00e0 r\u00e9duire les rougeurs, tandis que l&rsquo;aloe vera favorise la cicatrisation. Que vous souffriez d&rsquo;une peau [&hellip;]<\/p>\n","protected":false},"featured_media":2787,"template":"","meta":{"_acf_changed":false},"product_brand":[],"product_cat":[193],"product_tag":[215,233],"class_list":{"0":"post-2275","1":"product","2":"type-product","3":"status-publish","4":"has-post-thumbnail","6":"product_cat-article-sur-lhygiene","7":"product_tag-panthera-fr","8":"product_tag-savon-vert","10":"first","11":"instock","12":"taxable","13":"shipping-taxable","14":"purchasable","15":"product-type-simple"},"ams_default_variation_id":0,"ams_product_points_reward":[],"ams_product_discount_percentage":0,"ams_price_to_display":14.5,"ams_acf":[],"acf":[],"_links":{"self":[{"href":"https:\/\/inkskin.nl\/fr\/wp-json\/wp\/v2\/product\/2275","targetHints":{"allow":["GET"]}}],"collection":[{"href":"https:\/\/inkskin.nl\/fr\/wp-json\/wp\/v2\/product"}],"about":[{"href":"https:\/\/inkskin.nl\/fr\/wp-json\/wp\/v2\/types\/product"}],"version-history":[{"count":0,"href":"https:\/\/inkskin.nl\/fr\/wp-json\/wp\/v2\/product\/2275\/revisions"}],"wp:featuredmedia":[{"embeddable":true,"href":"https:\/\/inkskin.nl\/fr\/wp-json\/wp\/v2\/media\/2787"}],"wp:attachment":[{"href":"https:\/\/inkskin.nl\/fr\/wp-json\/wp\/v2\/media?parent=2275"}],"wp:term":[{"taxonomy":"product_brand","embeddable":true,"href":"https:\/\/inkskin.nl\/fr\/wp-json\/wp\/v2\/product_brand?post=2275"},{"taxonomy":"product_cat","embeddable":true,"href":"https:\/\/inkskin.nl\/fr\/wp-json\/wp\/v2\/product_cat?post=2275"},{"taxonomy":"product_tag","embeddable":true,"href":"https:\/\/inkskin.nl\/fr\/wp-json\/wp\/v2\/product_tag?post=2275"}],"curies":[{"name":"wp","href":"https:\/\/api.w.org\/{rel}","templated":true}]}}