{"id":2274,"date":"2024-03-27T09:49:56","date_gmt":"2024-03-27T09:49:56","guid":{"rendered":"https:\/\/inkskin.nl\/products\/panthera-hamamelis-sans-alcool-150-ml\/"},"modified":"2024-03-27T09:49:56","modified_gmt":"2024-03-27T09:49:56","slug":"panthera-hamamelis-sans-alcool-150-ml","status":"publish","type":"product","link":"https:\/\/inkskin.nl\/fr\/products\/panthera-hamamelis-sans-alcool-150-ml\/","title":{"rendered":"Panthera Hamam\u00e9lis sans alcool 150 ml"},"content":{"rendered":"<p>Vous souhaitez prendre le plus grand soin possible de votre nouveau tatouage ? Dans ce cas, Panthera Hamamelis Distillate Witch Hazel est le produit id\u00e9al pour vous. Ce produit sans alcool est sp\u00e9cialement con\u00e7u pour apaiser la peau apr\u00e8s le tatouage et favoriser le processus de cicatrisation. Avec Panthera Witch Hazel, vous b\u00e9n\u00e9ficiez de tous les bienfaits de cette plante, sans utiliser d&rsquo;alcool. Les propri\u00e9t\u00e9s astringentes, apaisantes et nourrissantes de l&rsquo;hamam\u00e9lis aident votre peau \u00e0 se r\u00e9tablir et r\u00e9duisent les rougeurs et l&rsquo;inconfort. Ce produit est facile \u00e0 utiliser en le diluant dans de l&rsquo;eau et peut m\u00eame \u00eatre utilis\u00e9 pendant le processus de tatouage. Optez pour un effet maximal et donnez \u00e0 votre tatouage le soin qu&rsquo;il m\u00e9rite avec Panthera Hamamelis Distillate Witch Hazel.<\/p>\n<p><strong>Qu&rsquo;est-ce que Panthera Hamamelis Distillate Witch Hazel ?<\/strong><br \/>\n  Panthera Hamamelis Distillate Witch Hazel est un produit sans alcool sp\u00e9cialement con\u00e7u pour apaiser la peau apr\u00e8s un tatouage et favoriser le processus de cicatrisation. Il contient les propri\u00e9t\u00e9s astringentes, apaisantes et nourrissantes de l&rsquo;hamam\u00e9lis pour favoriser le r\u00e9tablissement de la peau et r\u00e9duire les rougeurs et l&rsquo;inconfort.<\/p>\n<p><strong>Comment utiliser Panthera Hamamelis Distillate Witch Hazel ?<\/strong><br \/>\n  Panthera Hamamelis Distillate Witch Hazel est facile \u00e0 utiliser en le diluant dans de l&rsquo;eau. Vous pouvez utiliser le produit pendant le processus de tatouage et \u00e9galement apr\u00e8s le tatouage pour soigner le nouveau tatouage. Appliquer sur une peau propre et masser d\u00e9licatement. Il peut \u00eatre utilis\u00e9 plusieurs fois par jour pour un r\u00e9sultat optimal.<\/p>\n<p><strong>Panthera Hamamelis Distillate Witch Hazel peut-il \u00eatre utilis\u00e9 sur tous les types de tatouages ?<\/strong><br \/>\n  Oui, Panthera Hamamelis Distillate Witch Hazel peut \u00eatre utilis\u00e9 sur tous les types de tatouages. Il est sp\u00e9cialement con\u00e7u pour adoucir la peau apr\u00e8s le tatouage et favoriser le processus de cicatrisation, quel que soit le type de tatouage. Ou la taille du tatouage. Il est important de suivre les instructions figurant sur l&#8217;emballage et d&rsquo;utiliser le produit r\u00e9guli\u00e8rement pour assurer le meilleur soin et la meilleure cicatrisation du tatouage.<\/p>\n","protected":false},"excerpt":{"rendered":"<p>Vous souhaitez prendre le plus grand soin possible de votre nouveau tatouage ? Dans ce cas, Panthera Hamamelis Distillate Witch Hazel est le produit id\u00e9al pour vous. Ce produit sans alcool est sp\u00e9cialement con\u00e7u pour apaiser la peau apr\u00e8s le tatouage et favoriser le processus de cicatrisation. Avec Panthera Witch Hazel, vous b\u00e9n\u00e9ficiez de tous [&hellip;]<\/p>\n","protected":false},"featured_media":2782,"template":"","meta":{"_acf_changed":false},"product_brand":[],"product_cat":[181,232],"product_tag":[215],"class_list":{"0":"post-2274","1":"product","2":"type-product","3":"status-publish","4":"has-post-thumbnail","6":"product_cat-encre-de-tatouage","7":"product_cat-panthera-fr","8":"product_tag-panthera-fr","10":"first","11":"instock","12":"taxable","13":"shipping-taxable","14":"purchasable","15":"product-type-simple"},"ams_default_variation_id":0,"ams_product_points_reward":[],"ams_product_discount_percentage":0,"ams_price_to_display":10,"ams_acf":[],"acf":[],"_links":{"self":[{"href":"https:\/\/inkskin.nl\/fr\/wp-json\/wp\/v2\/product\/2274","targetHints":{"allow":["GET"]}}],"collection":[{"href":"https:\/\/inkskin.nl\/fr\/wp-json\/wp\/v2\/product"}],"about":[{"href":"https:\/\/inkskin.nl\/fr\/wp-json\/wp\/v2\/types\/product"}],"version-history":[{"count":0,"href":"https:\/\/inkskin.nl\/fr\/wp-json\/wp\/v2\/product\/2274\/revisions"}],"wp:featuredmedia":[{"embeddable":true,"href":"https:\/\/inkskin.nl\/fr\/wp-json\/wp\/v2\/media\/2782"}],"wp:attachment":[{"href":"https:\/\/inkskin.nl\/fr\/wp-json\/wp\/v2\/media?parent=2274"}],"wp:term":[{"taxonomy":"product_brand","embeddable":true,"href":"https:\/\/inkskin.nl\/fr\/wp-json\/wp\/v2\/product_brand?post=2274"},{"taxonomy":"product_cat","embeddable":true,"href":"https:\/\/inkskin.nl\/fr\/wp-json\/wp\/v2\/product_cat?post=2274"},{"taxonomy":"product_tag","embeddable":true,"href":"https:\/\/inkskin.nl\/fr\/wp-json\/wp\/v2\/product_tag?post=2274"}],"curies":[{"name":"wp","href":"https:\/\/api.w.org\/{rel}","templated":true}]}}