{"id":2273,"date":"2024-03-27T09:49:50","date_gmt":"2024-03-27T09:49:50","guid":{"rendered":"https:\/\/inkskin.nl\/products\/spirit-clear-carrier\/"},"modified":"2024-03-27T09:49:50","modified_gmt":"2024-03-27T09:49:50","slug":"spirit-clear-carrier","status":"publish","type":"product","link":"https:\/\/inkskin.nl\/fr\/products\/spirit-clear-carrier\/","title":{"rendered":"Spirit Clear Carrier"},"content":{"rendered":"<p>Avez-vous d\u00e9j\u00e0 eu du mal \u00e0 obtenir des pochoirs coh\u00e9rents et clairs pour vos motifs de tatouage ? Il est alors temps de vous familiariser avec les supports ReproFX ! Ces supports r\u00e9volutionnaires ont \u00e9t\u00e9 sp\u00e9cialement d\u00e9velopp\u00e9s pour am\u00e9liorer la qualit\u00e9 des images sur les machines \u00e0 transfert thermique. Gr\u00e2ce \u00e0 la r\u00e9partition uniforme de l&rsquo;\u00e9nergie thermique sur l&rsquo;ensemble de la feuille de papier \u00e0 transfert thermique, les points chauds et les surexpositions et sous-expositions appartiennent au pass\u00e9.<\/p>\n<p>  Que vous soyez un tatoueur exp\u00e9riment\u00e9 ou que vous d\u00e9butiez, les supports ReproFX vous garantissent des pochoirs r\u00e9guliers et clairs \u00e0 chaque fois. M\u00eame les machines plus anciennes, comme la 3M Secretary, peuvent b\u00e9n\u00e9ficier des avantages de ces supports. Am\u00e9liorez la qualit\u00e9 de votre travail et impressionnez vos clients avec les r\u00e9sultats professionnels que vous pouvez obtenir avec les supports ReproFX.<\/p>\n<p>  Investissez dans les meilleurs outils pour votre cr\u00e9ativit\u00e9 en mati\u00e8re de tatouage et donnez \u00e0 vos dessins une base parfaite avec les supports ReproFX.<\/p>\n<p><strong>Que sont les supports ReproFX et \u00e0 quoi servent-ils ?<\/strong><br \/>\n  Les supports ReproFX sont des supports sp\u00e9cialement con\u00e7us pour am\u00e9liorer la qualit\u00e9 des images sur les machines \u00e0 transfert thermique. Ils sont utilis\u00e9s pour cr\u00e9er des pochoirs coh\u00e9rents et clairs pour les dessins de tatouage.<\/p>\n<p><strong>Quels sont les avantages des transporteurs ReproFX par rapport aux autres transporteurs ?<\/strong><br \/>\n  Les supports ReproFX assurent une distribution uniforme de l&rsquo;\u00e9nergie thermique sur le papier transfert thermique, \u00e9vitant ainsi les points chauds et les surexpositions et sous-expositions. Ils garantissent \u00e9galement des pochoirs r\u00e9guliers et clairs \u00e0 chaque fois et peuvent am\u00e9liorer des machines plus anciennes telles que la 3M Secretary.<\/p>\n<p><strong>Les supports ReproFX conviennent-ils aussi bien aux tatoueurs exp\u00e9riment\u00e9s qu&rsquo;aux d\u00e9butants ?<\/strong><br \/>\n  Oui, les supports ReproFX conviennent aussi bien aux tatoueurs exp\u00e9riment\u00e9s qu&rsquo;aux d\u00e9butants. Ils offrent des r\u00e9sultats professionnels et donnent aux dessins de tatouage une base parfaite, quel que soit le niveau d&rsquo;exp\u00e9rience.<\/p>\n","protected":false},"excerpt":{"rendered":"<p>Avez-vous d\u00e9j\u00e0 eu du mal \u00e0 obtenir des pochoirs coh\u00e9rents et clairs pour vos motifs de tatouage ? Il est alors temps de vous familiariser avec les supports ReproFX ! Ces supports r\u00e9volutionnaires ont \u00e9t\u00e9 sp\u00e9cialement d\u00e9velopp\u00e9s pour am\u00e9liorer la qualit\u00e9 des images sur les machines \u00e0 transfert thermique. Gr\u00e2ce \u00e0 la r\u00e9partition uniforme de [&hellip;]<\/p>\n","protected":false},"featured_media":1587,"template":"","meta":{"_acf_changed":false},"product_brand":[],"product_cat":[207],"product_tag":[192],"class_list":{"0":"post-2273","1":"product","2":"type-product","3":"status-publish","4":"has-post-thumbnail","6":"product_cat-fournitures-pour-pochoirs","7":"product_tag-consommables","9":"first","10":"instock","11":"taxable","12":"shipping-taxable","13":"purchasable","14":"product-type-simple"},"ams_default_variation_id":0,"ams_product_points_reward":[],"ams_product_discount_percentage":0,"ams_price_to_display":15,"ams_acf":[],"acf":[],"_links":{"self":[{"href":"https:\/\/inkskin.nl\/fr\/wp-json\/wp\/v2\/product\/2273","targetHints":{"allow":["GET"]}}],"collection":[{"href":"https:\/\/inkskin.nl\/fr\/wp-json\/wp\/v2\/product"}],"about":[{"href":"https:\/\/inkskin.nl\/fr\/wp-json\/wp\/v2\/types\/product"}],"version-history":[{"count":0,"href":"https:\/\/inkskin.nl\/fr\/wp-json\/wp\/v2\/product\/2273\/revisions"}],"wp:featuredmedia":[{"embeddable":true,"href":"https:\/\/inkskin.nl\/fr\/wp-json\/wp\/v2\/media\/1587"}],"wp:attachment":[{"href":"https:\/\/inkskin.nl\/fr\/wp-json\/wp\/v2\/media?parent=2273"}],"wp:term":[{"taxonomy":"product_brand","embeddable":true,"href":"https:\/\/inkskin.nl\/fr\/wp-json\/wp\/v2\/product_brand?post=2273"},{"taxonomy":"product_cat","embeddable":true,"href":"https:\/\/inkskin.nl\/fr\/wp-json\/wp\/v2\/product_cat?post=2273"},{"taxonomy":"product_tag","embeddable":true,"href":"https:\/\/inkskin.nl\/fr\/wp-json\/wp\/v2\/product_tag?post=2273"}],"curies":[{"name":"wp","href":"https:\/\/api.w.org\/{rel}","templated":true}]}}