{"id":2272,"date":"2024-03-27T09:49:54","date_gmt":"2024-03-27T09:49:54","guid":{"rendered":"https:\/\/inkskin.nl\/products\/reymerink-alcool-podior-80-1-litre\/"},"modified":"2024-03-27T09:49:54","modified_gmt":"2024-03-27T09:49:54","slug":"reymerink-alcool-podior-80-1-litre","status":"publish","type":"product","link":"https:\/\/inkskin.nl\/fr\/products\/reymerink-alcool-podior-80-1-litre\/","title":{"rendered":"Reymerink Alcool Podior 80%. 1 litre"},"content":{"rendered":"<p>Voici l&rsquo;alcool Podior, votre alli\u00e9 ultime en mati\u00e8re d&rsquo;hygi\u00e8ne et de d\u00e9sinfection ! Avec 80 % d&rsquo;alcool, ce produit r\u00e9pond aux directives n\u00e9erlandaises en mati\u00e8re de d\u00e9sinfection de la peau intacte. Avant de commencer \u00e0 travailler en tant qu&rsquo;artiste, assurez-vous donc que vos mains sont parfaitement propres avec l&rsquo;alcool Podior.<\/p>\n<p>  Et ce n&rsquo;est pas tout ! Podior Alcohol est \u00e9galement la solution id\u00e9ale pour d\u00e9sinfecter les plans de travail, les chaises et autres surfaces. Gr\u00e2ce \u00e0 sa formule puissante, ce produit permet un nettoyage en profondeur sans se soucier des bact\u00e9ries et autres substances nocives.<\/p>\n<p>  Avez-vous des piercings ou des tatouages ? Dans ce cas, l&rsquo;alcool de Podior est indispensable. Le nettoyage de la peau perc\u00e9e ou tatou\u00e9e n\u00e9cessite un alcool avec un num\u00e9ro RVG, et c&rsquo;est exactement ce que propose l&rsquo;alcool Podior. Disponible uniquement en pharmacie, procurez-vous rapidement votre flacon et profitez d&rsquo;une hygi\u00e8ne et d&rsquo;une s\u00e9curit\u00e9 optimales. Podior Alcohol, votre partenaire en mati\u00e8re de beaut\u00e9 et de sant\u00e9 !<\/p>\n<p><strong>Quelles sont les directives n\u00e9erlandaises en mati\u00e8re de d\u00e9sinfection de la peau intacte et Podior Alcohol r\u00e9pond-il \u00e0 ces directives ?<\/strong><br \/>\n  Les directives n\u00e9erlandaises stipulent qu&rsquo;un d\u00e9sinfectant pour la peau intacte doit contenir au moins 80 % d&rsquo;alcool. L&rsquo;alcool de Podior r\u00e9pond \u00e0 ces directives puisqu&rsquo;il contient jusqu&rsquo;\u00e0 80 % d&rsquo;alcool.<\/p>\n<p><strong>L&rsquo;alcool Podior peut-il \u00e9galement \u00eatre utilis\u00e9 pour d\u00e9sinfecter des surfaces telles que les plans de travail et les chaises ?<\/strong><br \/>\n  Oui, Podior Alcohol convient \u00e9galement \u00e0 la d\u00e9sinfection des plans de travail, des chaises et d&rsquo;autres surfaces. Gr\u00e2ce \u00e0 sa formule puissante, ce produit assure un nettoyage en profondeur et \u00e9limine les bact\u00e9ries et autres substances nocives.<\/p>\n<p><strong>O\u00f9 puis-je acheter Podior Alcohol et pourquoi n&rsquo;est-il disponible qu&rsquo;en pharmacie ?<\/strong><br \/>\n  L&rsquo;alcool de Podior est disponible uniquement en pharmacie. En effet, le nettoyage de la peau perc\u00e9e ou tatou\u00e9e n\u00e9cessite un alcool portant un num\u00e9ro RVG. La pharmacie dispose des connaissances et de l&rsquo;expertise n\u00e9cessaires pour proposer ces produits. Il est donc pr\u00e9f\u00e9rable de se procurer l&rsquo;alcool podologique en pharmacie pour une hygi\u00e8ne et une s\u00e9curit\u00e9 optimales.<\/p>\n","protected":false},"excerpt":{"rendered":"<p>Voici l&rsquo;alcool Podior, votre alli\u00e9 ultime en mati\u00e8re d&rsquo;hygi\u00e8ne et de d\u00e9sinfection ! Avec 80 % d&rsquo;alcool, ce produit r\u00e9pond aux directives n\u00e9erlandaises en mati\u00e8re de d\u00e9sinfection de la peau intacte. Avant de commencer \u00e0 travailler en tant qu&rsquo;artiste, assurez-vous donc que vos mains sont parfaitement propres avec l&rsquo;alcool Podior. Et ce n&rsquo;est pas tout [&hellip;]<\/p>\n","protected":false},"featured_media":1591,"template":"","meta":{"_acf_changed":false},"product_brand":[],"product_cat":[193],"product_tag":[228,229,230],"class_list":{"0":"post-2272","1":"product","2":"type-product","3":"status-publish","4":"has-post-thumbnail","6":"product_cat-article-sur-lhygiene","7":"product_tag-alcool","8":"product_tag-podior-fr","9":"product_tag-reymerink-fr","11":"first","12":"instock","13":"taxable","14":"shipping-taxable","15":"purchasable","16":"product-type-simple"},"ams_default_variation_id":0,"ams_product_points_reward":[],"ams_product_discount_percentage":0,"ams_price_to_display":8.5,"ams_acf":[],"acf":[],"_links":{"self":[{"href":"https:\/\/inkskin.nl\/fr\/wp-json\/wp\/v2\/product\/2272","targetHints":{"allow":["GET"]}}],"collection":[{"href":"https:\/\/inkskin.nl\/fr\/wp-json\/wp\/v2\/product"}],"about":[{"href":"https:\/\/inkskin.nl\/fr\/wp-json\/wp\/v2\/types\/product"}],"version-history":[{"count":0,"href":"https:\/\/inkskin.nl\/fr\/wp-json\/wp\/v2\/product\/2272\/revisions"}],"wp:featuredmedia":[{"embeddable":true,"href":"https:\/\/inkskin.nl\/fr\/wp-json\/wp\/v2\/media\/1591"}],"wp:attachment":[{"href":"https:\/\/inkskin.nl\/fr\/wp-json\/wp\/v2\/media?parent=2272"}],"wp:term":[{"taxonomy":"product_brand","embeddable":true,"href":"https:\/\/inkskin.nl\/fr\/wp-json\/wp\/v2\/product_brand?post=2272"},{"taxonomy":"product_cat","embeddable":true,"href":"https:\/\/inkskin.nl\/fr\/wp-json\/wp\/v2\/product_cat?post=2272"},{"taxonomy":"product_tag","embeddable":true,"href":"https:\/\/inkskin.nl\/fr\/wp-json\/wp\/v2\/product_tag?post=2272"}],"curies":[{"name":"wp","href":"https:\/\/api.w.org\/{rel}","templated":true}]}}