{"id":2271,"date":"2024-03-27T09:49:49","date_gmt":"2024-03-27T09:49:49","guid":{"rendered":"https:\/\/inkskin.nl\/products\/papier-de-pochoir-spirit-a4-a-main-levee\/"},"modified":"2024-03-27T09:49:49","modified_gmt":"2024-03-27T09:49:49","slug":"papier-de-pochoir-spirit-a4-a-main-levee","status":"publish","type":"product","link":"https:\/\/inkskin.nl\/fr\/products\/papier-de-pochoir-spirit-a4-a-main-levee\/","title":{"rendered":"Papier de pochoir Spirit A4 \u00e0 main lev\u00e9e"},"content":{"rendered":"<p>D\u00e9couvrez le papier Spirit Freehand, le papier id\u00e9al pour les artistes \u00e0 main lev\u00e9e \u00e0 la recherche de qualit\u00e9 et de pr\u00e9cision. Ce papier est sp\u00e9cialement con\u00e7u pour tout supporter, gr\u00e2ce \u00e0 son extr\u00eame sensibilit\u00e9 \u00e0 la pression. Vous pouvez r\u00e9aliser votre dessin sur le pochoir avec une grande pr\u00e9cision, sans aucun effort.  <\/p>\n<p>  Avec des dimensions de 8,5 x 11,9 cm ou de 21,5 x 27,9 cm, vous disposez de beaucoup d&rsquo;espace pour laisser libre cours \u00e0 votre cr\u00e9ativit\u00e9. Il suffit de retirer la feuille de protection centrale et de placer le papier hectographique sur une surface plane et dure, la face blanche vers le haut. Placez votre dessin dessus et tracez \u00e0 l&rsquo;aide d&rsquo;un crayon dur ou d&rsquo;un stylo.  <\/p>\n<p>  Le r\u00e9sultat ? Un pochoir parfait au dos du papier blanc. Le papier \u00e0 main lev\u00e9e Spirit rend la cr\u00e9ation de belles \u0153uvres d&rsquo;art encore plus facile et plus amusante. Commencez d\u00e8s aujourd&rsquo;hui et d\u00e9couvrez les possibilit\u00e9s infinies de ce papier extraordinaire !<\/p>\n<p><strong>Quelles sont les dimensions du papier Spirit Freehand ?<\/strong><br \/>\n  Les dimensions du papier \u00e0 main lev\u00e9e Spirit sont de 8,5 x 11,9 cm et de 21,5 x 27,9 cm.<\/p>\n<p><strong>Comment utiliser le papier Spirit Freehand ?<\/strong><br \/>\n  Il suffit de retirer la feuille de protection centrale et de placer le papier hectographique sur une surface plane et dure, la face blanche vers le haut. Placez votre dessin dessus et tracez \u00e0 l&rsquo;aide d&rsquo;un crayon dur ou d&rsquo;un stylo.<\/p>\n<p><strong>Quel est le r\u00e9sultat de l&rsquo;utilisation du papier Spirit Freehand ?<\/strong><br \/>\n  Le r\u00e9sultat est un pochoir parfait au dos du papier blanc, ce qui rend la cr\u00e9ation de belles \u0153uvres d&rsquo;art encore plus facile et plus amusante.<\/p>\n","protected":false},"excerpt":{"rendered":"<p>D\u00e9couvrez le papier Spirit Freehand, le papier id\u00e9al pour les artistes \u00e0 main lev\u00e9e \u00e0 la recherche de qualit\u00e9 et de pr\u00e9cision. Ce papier est sp\u00e9cialement con\u00e7u pour tout supporter, gr\u00e2ce \u00e0 son extr\u00eame sensibilit\u00e9 \u00e0 la pression. Vous pouvez r\u00e9aliser votre dessin sur le pochoir avec une grande pr\u00e9cision, sans aucun effort. Avec des [&hellip;]<\/p>\n","protected":false},"featured_media":1586,"template":"","meta":{"_acf_changed":false},"product_brand":[],"product_cat":[207],"product_tag":[231,227,225],"class_list":{"0":"post-2271","1":"product","2":"type-product","3":"status-publish","4":"has-post-thumbnail","6":"product_cat-fournitures-pour-pochoirs","7":"product_tag-a-main-levee","8":"product_tag-lesprit","9":"product_tag-papier-a-pochoir","11":"first","12":"instock","13":"taxable","14":"shipping-taxable","15":"purchasable","16":"product-type-simple"},"ams_default_variation_id":0,"ams_product_points_reward":[],"ams_product_discount_percentage":0,"ams_price_to_display":46,"ams_acf":[],"acf":[],"_links":{"self":[{"href":"https:\/\/inkskin.nl\/fr\/wp-json\/wp\/v2\/product\/2271","targetHints":{"allow":["GET"]}}],"collection":[{"href":"https:\/\/inkskin.nl\/fr\/wp-json\/wp\/v2\/product"}],"about":[{"href":"https:\/\/inkskin.nl\/fr\/wp-json\/wp\/v2\/types\/product"}],"version-history":[{"count":0,"href":"https:\/\/inkskin.nl\/fr\/wp-json\/wp\/v2\/product\/2271\/revisions"}],"wp:featuredmedia":[{"embeddable":true,"href":"https:\/\/inkskin.nl\/fr\/wp-json\/wp\/v2\/media\/1586"}],"wp:attachment":[{"href":"https:\/\/inkskin.nl\/fr\/wp-json\/wp\/v2\/media?parent=2271"}],"wp:term":[{"taxonomy":"product_brand","embeddable":true,"href":"https:\/\/inkskin.nl\/fr\/wp-json\/wp\/v2\/product_brand?post=2271"},{"taxonomy":"product_cat","embeddable":true,"href":"https:\/\/inkskin.nl\/fr\/wp-json\/wp\/v2\/product_cat?post=2271"},{"taxonomy":"product_tag","embeddable":true,"href":"https:\/\/inkskin.nl\/fr\/wp-json\/wp\/v2\/product_tag?post=2271"}],"curies":[{"name":"wp","href":"https:\/\/api.w.org\/{rel}","templated":true}]}}