{"id":2270,"date":"2024-03-27T09:49:47","date_gmt":"2024-03-27T09:49:47","guid":{"rendered":"https:\/\/inkskin.nl\/products\/papier-a-pochoir-spirit-classic-thermal-a4\/"},"modified":"2025-04-08T13:31:04","modified_gmt":"2025-04-08T13:31:04","slug":"papier-a-pochoir-spirit-classic-thermal-a4","status":"publish","type":"product","link":"https:\/\/inkskin.nl\/fr\/products\/papier-a-pochoir-spirit-classic-thermal-a4\/","title":{"rendered":"Papier \u00e0 pochoir Spirit Classic Thermal A4"},"content":{"rendered":"<p>Avec le papier Spirit Thermal Carbon, la r\u00e9alisation de pochoirs devient un jeu d&rsquo;enfant ! Ce papier carbone de haute qualit\u00e9 est sp\u00e9cialement con\u00e7u pour \u00eatre utilis\u00e9 avec une imprimante thermique. Mesurant 21,5 x 27,9 cm, il offre suffisamment d&rsquo;espace pour transf\u00e9rer des images et des dessins d\u00e9taill\u00e9s.<\/p>\n<p>  Le papier Spirit Thermal Carbon est compos\u00e9 de quatre couches. La couche sup\u00e9rieure est blanche et sert de couche de transfert pour l&rsquo;image. La deuxi\u00e8me couche est facile \u00e0 enlever et est d&rsquo;un blanc laiteux. La troisi\u00e8me couche est le papier carbone violet, sur lequel vous appuyez pour transf\u00e9rer la couche violette sur la feuille sup\u00e9rieure. La derni\u00e8re couche est jaune et garantit que l&rsquo;original reste bien en place lors de l&rsquo;utilisation d&rsquo;un copieur thermique.<\/p>\n<p>  Avec ce papier carbone, vous cr\u00e9erez sans effort des pochoirs professionnels pour tous vos projets cr\u00e9atifs. Ne manquez pas cette opportunit\u00e9 et commandez le papier Spirit Thermal Carbon d\u00e8s aujourd&rsquo;hui !<\/p>\n<p><strong>Quelles sont les dimensions du papier Spirit Thermal Carbon ?<\/strong><br \/>\n  Le papier Spirit Thermal Carbon mesure 21,5 x 27,9 cm.<\/p>\n<p><strong>Combien de couches le papier Spirit Thermal Carbon contient-il ?<\/strong><br \/>\n  Le papier carbone Spirit Thermal se compose de quatre couches : une couche de transfert blanche, une couche amovible blanc laiteux, une couche de papier carbone violet et une couche jaune.<\/p>\n<p><strong>\u00c0 quelles fins le papier Spirit Thermal Carbon peut-il \u00eatre utilis\u00e9 ?<\/strong><br \/>\n  Le papier Spirit Thermal Carbon peut \u00eatre utilis\u00e9 pour transf\u00e9rer des images et des dessins d\u00e9taill\u00e9s et pour r\u00e9aliser des pochoirs pour des projets cr\u00e9atifs.<\/p>\n","protected":false},"excerpt":{"rendered":"<p>Avec le papier Spirit Thermal Carbon, la r\u00e9alisation de pochoirs devient un jeu d&rsquo;enfant ! Ce papier carbone de haute qualit\u00e9 est sp\u00e9cialement con\u00e7u pour \u00eatre utilis\u00e9 avec une imprimante thermique. Mesurant 21,5 x 27,9 cm, il offre suffisamment d&rsquo;espace pour transf\u00e9rer des images et des dessins d\u00e9taill\u00e9s. Le papier Spirit Thermal Carbon est compos\u00e9 [&hellip;]<\/p>\n","protected":false},"featured_media":1585,"template":"","meta":{"_acf_changed":false},"product_brand":[],"product_cat":[207],"product_tag":[227,225,226],"class_list":{"0":"post-2270","1":"product","2":"type-product","3":"status-publish","4":"has-post-thumbnail","6":"product_cat-fournitures-pour-pochoirs","7":"product_tag-lesprit","8":"product_tag-papier-a-pochoir","9":"product_tag-papier-thermique","11":"first","12":"instock","13":"taxable","14":"shipping-taxable","15":"purchasable","16":"product-type-simple"},"ams_default_variation_id":0,"ams_product_points_reward":[],"ams_product_discount_percentage":0,"ams_price_to_display":44,"ams_acf":[],"acf":[],"_links":{"self":[{"href":"https:\/\/inkskin.nl\/fr\/wp-json\/wp\/v2\/product\/2270","targetHints":{"allow":["GET"]}}],"collection":[{"href":"https:\/\/inkskin.nl\/fr\/wp-json\/wp\/v2\/product"}],"about":[{"href":"https:\/\/inkskin.nl\/fr\/wp-json\/wp\/v2\/types\/product"}],"version-history":[{"count":0,"href":"https:\/\/inkskin.nl\/fr\/wp-json\/wp\/v2\/product\/2270\/revisions"}],"wp:featuredmedia":[{"embeddable":true,"href":"https:\/\/inkskin.nl\/fr\/wp-json\/wp\/v2\/media\/1585"}],"wp:attachment":[{"href":"https:\/\/inkskin.nl\/fr\/wp-json\/wp\/v2\/media?parent=2270"}],"wp:term":[{"taxonomy":"product_brand","embeddable":true,"href":"https:\/\/inkskin.nl\/fr\/wp-json\/wp\/v2\/product_brand?post=2270"},{"taxonomy":"product_cat","embeddable":true,"href":"https:\/\/inkskin.nl\/fr\/wp-json\/wp\/v2\/product_cat?post=2270"},{"taxonomy":"product_tag","embeddable":true,"href":"https:\/\/inkskin.nl\/fr\/wp-json\/wp\/v2\/product_tag?post=2270"}],"curies":[{"name":"wp","href":"https:\/\/api.w.org\/{rel}","templated":true}]}}