{"id":2268,"date":"2024-03-27T09:49:46","date_gmt":"2024-03-27T09:49:46","guid":{"rendered":"https:\/\/inkskin.nl\/products\/papier-a-pochoir-spirit-classic-thermal-xl\/"},"modified":"2024-03-27T09:49:46","modified_gmt":"2024-03-27T09:49:46","slug":"papier-a-pochoir-spirit-classic-thermal-xl","status":"publish","type":"product","link":"https:\/\/inkskin.nl\/fr\/products\/papier-a-pochoir-spirit-classic-thermal-xl\/","title":{"rendered":"Papier \u00e0 pochoir Spirit Classic Thermal XL"},"content":{"rendered":"<p>D\u00e9couvrez le papier carbone thermique Spirit XL, le secret de la fabrication de pochoirs sans effort \u00e0 l&rsquo;aide d&rsquo;une imprimante thermique. Il s&rsquo;agit de la version extra-longue du papier classique, sp\u00e9cialement con\u00e7ue pour les pi\u00e8ces de grande taille. Mesurant 21,5 x 35,5 cm, ce papier carbone offre tout l&rsquo;espace n\u00e9cessaire pour donner vie \u00e0 votre vision cr\u00e9ative.<\/p>\n<p>  Ce qui distingue vraiment ce produit, c&rsquo;est sa construction astucieuse en couches. La couche sup\u00e9rieure est blanche et sert de toile sur laquelle votre image est transf\u00e9r\u00e9e. La deuxi\u00e8me couche, d&rsquo;un blanc laiteux, est g\u00e9n\u00e9ralement inutile et peut \u00eatre \u00e9limin\u00e9e. La troisi\u00e8me couche est le papier carbone violet magique &#8211; il suffit d&rsquo;appuyer sur cette couche pour que la couche violette se transf\u00e8re sur votre plaque sup\u00e9rieure. Et comme si cela ne suffisait pas, la derni\u00e8re couche inf\u00e9rieure, d&rsquo;une couleur jaune frappante, garantit que votre original reste fermement en place lorsque vous utilisez un copieur thermique.<\/p>\n<p>  Avec le papier carbone thermique Spirit XL, vous n&rsquo;aurez plus jamais \u00e0 vous battre avec le pochoir. Il est temps de repousser vos limites cr\u00e9atives et d&rsquo;\u00e9lever votre art \u00e0 de nouveaux sommets.<\/p>\n<p><strong>Quelles sont les dimensions du papier carbone thermique Spirit XL ?<\/strong><br \/>\n  Le papier carbone thermique Spirit XL a des dimensions de 21,5 x 35,5 cm.<\/p>\n<p><strong>De combien de couches se compose le papier carbone thermique Spirit XL ?<\/strong><br \/>\n  Le papier carbone thermique Spirit XL se compose de 4 couches : une couche sup\u00e9rieure blanche, une deuxi\u00e8me couche blanc laiteux (g\u00e9n\u00e9ralement redondante), une couche de papier carbone violet magique et une couche inf\u00e9rieure jaune vif.<\/p>\n<p><strong>\u00c0 quoi sert la couche inf\u00e9rieure jaune du papier carbone thermique Spirit XL ?<\/strong><br \/>\n  La couche inf\u00e9rieure jaune du papier carbone thermique Spirit XL garantit que l&rsquo;original reste bien en place lorsque vous utilisez un copieur thermique.<\/p>\n","protected":false},"excerpt":{"rendered":"<p>D\u00e9couvrez le papier carbone thermique Spirit XL, le secret de la fabrication de pochoirs sans effort \u00e0 l&rsquo;aide d&rsquo;une imprimante thermique. Il s&rsquo;agit de la version extra-longue du papier classique, sp\u00e9cialement con\u00e7ue pour les pi\u00e8ces de grande taille. Mesurant 21,5 x 35,5 cm, ce papier carbone offre tout l&rsquo;espace n\u00e9cessaire pour donner vie \u00e0 votre [&hellip;]<\/p>\n","protected":false},"featured_media":1584,"template":"","meta":{"_acf_changed":false},"product_brand":[],"product_cat":[207],"product_tag":[227,225,226],"class_list":{"0":"post-2268","1":"product","2":"type-product","3":"status-publish","4":"has-post-thumbnail","6":"product_cat-fournitures-pour-pochoirs","7":"product_tag-lesprit","8":"product_tag-papier-a-pochoir","9":"product_tag-papier-thermique","11":"first","12":"instock","13":"taxable","14":"shipping-taxable","15":"purchasable","16":"product-type-simple"},"ams_default_variation_id":0,"ams_product_points_reward":[],"ams_product_discount_percentage":0,"ams_price_to_display":54,"ams_acf":[],"acf":[],"_links":{"self":[{"href":"https:\/\/inkskin.nl\/fr\/wp-json\/wp\/v2\/product\/2268","targetHints":{"allow":["GET"]}}],"collection":[{"href":"https:\/\/inkskin.nl\/fr\/wp-json\/wp\/v2\/product"}],"about":[{"href":"https:\/\/inkskin.nl\/fr\/wp-json\/wp\/v2\/types\/product"}],"version-history":[{"count":0,"href":"https:\/\/inkskin.nl\/fr\/wp-json\/wp\/v2\/product\/2268\/revisions"}],"wp:featuredmedia":[{"embeddable":true,"href":"https:\/\/inkskin.nl\/fr\/wp-json\/wp\/v2\/media\/1584"}],"wp:attachment":[{"href":"https:\/\/inkskin.nl\/fr\/wp-json\/wp\/v2\/media?parent=2268"}],"wp:term":[{"taxonomy":"product_brand","embeddable":true,"href":"https:\/\/inkskin.nl\/fr\/wp-json\/wp\/v2\/product_brand?post=2268"},{"taxonomy":"product_cat","embeddable":true,"href":"https:\/\/inkskin.nl\/fr\/wp-json\/wp\/v2\/product_cat?post=2268"},{"taxonomy":"product_tag","embeddable":true,"href":"https:\/\/inkskin.nl\/fr\/wp-json\/wp\/v2\/product_tag?post=2268"}],"curies":[{"name":"wp","href":"https:\/\/api.w.org\/{rel}","templated":true}]}}