{"id":2267,"date":"2024-03-27T09:49:52","date_gmt":"2024-03-27T09:49:52","guid":{"rendered":"https:\/\/inkskin.nl\/products\/lames-de-rasoir-jetables-noir-100-pcs\/"},"modified":"2024-03-27T09:49:52","modified_gmt":"2024-03-27T09:49:52","slug":"lames-de-rasoir-jetables-noir-100-pcs","status":"publish","type":"product","link":"https:\/\/inkskin.nl\/fr\/products\/lames-de-rasoir-jetables-noir-100-pcs\/","title":{"rendered":"Lames de rasoir jetables Noir 100 pcs"},"content":{"rendered":"<p>Avec les lames de rasoir jetables noires de 100 pi\u00e8ces, vous profiterez d&rsquo;une exp\u00e9rience de rasage sans effort ! Ces lames de rasoir sont sp\u00e9cialement con\u00e7ues pour rendre votre rasage doux et confortable. La couleur noire ajoute une touche de style \u00e0 votre routine de rasage.<\/p>\n<p>  Ces lames de rasoir jetables sont parfaites pour les hommes et les femmes. Gr\u00e2ce au grand nombre de 100 pi\u00e8ces, vous disposerez de lames tranchantes pendant longtemps. Plus de probl\u00e8mes avec les couteaux \u00e9mouss\u00e9s !<\/p>\n<p>  Avec ces lames de rasoir, vous obtenez un rasage de pr\u00e8s et pr\u00e9cis, \u00e0 chaque fois. Ils conviennent aussi bien au visage qu&rsquo;au corps. Les lames sont faciles \u00e0 remplacer, ce qui vous permet d&rsquo;\u00eatre rapidement pr\u00eat pour votre prochain rasage.<\/p>\n<p>  Choisissez les lames de rasoir jetables noires de 100 pi\u00e8ces et d\u00e9couvrez la commodit\u00e9 et le confort de ces lames de rasoir de haute qualit\u00e9. Laissez votre peau rayonner et profitez d&rsquo;un fini soyeux et lisse. Commandez-les d\u00e8s maintenant et constatez la diff\u00e9rence par vous-m\u00eame !<\/p>\n<p><strong>Ces lames de rasoir conviennent-elles aux hommes et aux femmes ?<\/strong><br \/>\n  Oui, ces lames de rasoir sont parfaites pour les hommes et les femmes.<\/p>\n<p><strong>Combien de lames de rasoir y a-t-il dans un paquet ?<\/strong><br \/>\n  Un paquet contient 100 lames de rasoir.<\/p>\n<p><strong>Les lames de rasoir sont-elles faciles \u00e0 remplacer ?<\/strong><br \/>\n  Oui, les lames du rasoir sont faciles \u00e0 remplacer, ce qui vous permet d&rsquo;\u00eatre rapidement pr\u00eat pour votre prochain rasage.<\/p>\n","protected":false},"excerpt":{"rendered":"<p>Avec les lames de rasoir jetables noires de 100 pi\u00e8ces, vous profiterez d&rsquo;une exp\u00e9rience de rasage sans effort ! Ces lames de rasoir sont sp\u00e9cialement con\u00e7ues pour rendre votre rasage doux et confortable. La couleur noire ajoute une touche de style \u00e0 votre routine de rasage. Ces lames de rasoir jetables sont parfaites pour les [&hellip;]<\/p>\n","protected":false},"featured_media":4230,"template":"","meta":{"_acf_changed":false},"product_brand":[],"product_cat":[193],"product_tag":[195],"class_list":{"0":"post-2267","1":"product","2":"type-product","3":"status-publish","4":"has-post-thumbnail","6":"product_cat-article-sur-lhygiene","7":"product_tag-article-sur-lhygiene","9":"first","10":"instock","11":"taxable","12":"shipping-taxable","13":"purchasable","14":"product-type-simple"},"ams_default_variation_id":0,"ams_product_points_reward":[],"ams_product_discount_percentage":0,"ams_price_to_display":11.95,"ams_acf":[],"acf":[],"_links":{"self":[{"href":"https:\/\/inkskin.nl\/fr\/wp-json\/wp\/v2\/product\/2267","targetHints":{"allow":["GET"]}}],"collection":[{"href":"https:\/\/inkskin.nl\/fr\/wp-json\/wp\/v2\/product"}],"about":[{"href":"https:\/\/inkskin.nl\/fr\/wp-json\/wp\/v2\/types\/product"}],"version-history":[{"count":0,"href":"https:\/\/inkskin.nl\/fr\/wp-json\/wp\/v2\/product\/2267\/revisions"}],"wp:featuredmedia":[{"embeddable":true,"href":"https:\/\/inkskin.nl\/fr\/wp-json\/wp\/v2\/media\/4230"}],"wp:attachment":[{"href":"https:\/\/inkskin.nl\/fr\/wp-json\/wp\/v2\/media?parent=2267"}],"wp:term":[{"taxonomy":"product_brand","embeddable":true,"href":"https:\/\/inkskin.nl\/fr\/wp-json\/wp\/v2\/product_brand?post=2267"},{"taxonomy":"product_cat","embeddable":true,"href":"https:\/\/inkskin.nl\/fr\/wp-json\/wp\/v2\/product_cat?post=2267"},{"taxonomy":"product_tag","embeddable":true,"href":"https:\/\/inkskin.nl\/fr\/wp-json\/wp\/v2\/product_tag?post=2267"}],"curies":[{"name":"wp","href":"https:\/\/api.w.org\/{rel}","templated":true}]}}