{"id":2265,"date":"2024-03-27T09:49:45","date_gmt":"2024-03-27T09:49:45","guid":{"rendered":"https:\/\/inkskin.nl\/products\/suprasorb-f-seconde-peau-10-cm-x-10-metres\/"},"modified":"2024-03-27T09:49:45","modified_gmt":"2024-03-27T09:49:45","slug":"suprasorb-f-seconde-peau-10-cm-x-10-metres","status":"publish","type":"product","link":"https:\/\/inkskin.nl\/fr\/products\/suprasorb-f-seconde-peau-10-cm-x-10-metres\/","title":{"rendered":"Suprasorb F (seconde peau) 10 cm x 10 m\u00e8tres"},"content":{"rendered":"<p>Vous \u00eates \u00e0 la recherche du pansement id\u00e9al pour le tatouage qui a \u00e9t\u00e9 pos\u00e9 ? D\u00e9couvrez le pansement Suprasorb F ! Ce pansement transparent, flexible, extensible et auto-adh\u00e9sif est sp\u00e9cialement con\u00e7u pour prot\u00e9ger le tatouage des influences ext\u00e9rieures.<\/p>\n<p>Avec le pansement Suprasorb F, vous n&rsquo;avez pas \u00e0 vous soucier des infections ou des irritations. La couche de film forme une barri\u00e8re qui garde votre tatouage s\u00fbr et hygi\u00e9nique. Apr\u00e8s environ 5 jours, le pansement se d\u00e9tache de lui-m\u00eame, apr\u00e8s quoi vous pouvez continuer \u00e0 soigner la peau ferm\u00e9e \u00e0 l&rsquo;aide d&rsquo;un produit Aftercare.<\/p>\n<p>Gr\u00e2ce \u00e0 l&#8217;emballage pratique en rouleau de 10 m\u00e8tres et d&rsquo;une largeur de 10 cm, vous aurez suffisamment de pansements pour soigner votre tatouage de mani\u00e8re optimale. Choisissez le pansement Suprasorb F et offrez \u00e0 votre tatouage la protection qu&rsquo;il m\u00e9rite !<\/p>\n<p><strong>Pendant combien de temps dois-je utiliser le pansement Suprasorb F pour mon tatouage qui vient d&rsquo;\u00eatre pos\u00e9 ?<\/strong><br \/>\nLe pansement Suprasorb F doit \u00eatre utilis\u00e9 pendant environ 5 jours. Apr\u00e8s cette p\u00e9riode, le pansement se d\u00e9tache de lui-m\u00eame et vous pouvez passer \u00e0 l&rsquo;utilisation d&rsquo;un produit Balm Aftercare.<\/p>\n<p><strong>Le pansement Suprasorb F existe-t-il en diff\u00e9rentes tailles ?<\/strong><br \/>\nOui, le pansement en film Suprasorb F est disponible en rouleau de 10 m\u00e8tres et a une largeur de 10 cm et 15 cm. Vous aurez ainsi suffisamment de pansements pour soigner votre tatouage de la meilleure fa\u00e7on possible.<\/p>\n<p><strong>Puis-je exposer mon tatouage \u00e0 l&rsquo;eau tout en portant le pansement Suprasorb F ?<\/strong><br \/>\nOui, le pansement Suprasorb F est imperm\u00e9able et peut \u00eatre port\u00e9 sous la douche. Il forme une barri\u00e8re protectrice qui prot\u00e8ge votre tatouage des influences ext\u00e9rieures.<\/p>\n","protected":false},"excerpt":{"rendered":"<p>Vous \u00eates \u00e0 la recherche du pansement id\u00e9al pour le tatouage qui a \u00e9t\u00e9 pos\u00e9 ? D\u00e9couvrez le pansement Suprasorb F ! Ce pansement transparent, flexible, extensible et auto-adh\u00e9sif est sp\u00e9cialement con\u00e7u pour prot\u00e9ger le tatouage des influences ext\u00e9rieures. Avec le pansement Suprasorb F, vous n&rsquo;avez pas \u00e0 vous soucier des infections ou des irritations. [&hellip;]<\/p>\n","protected":false},"featured_media":1583,"template":"","meta":{"_acf_changed":false},"product_brand":[],"product_cat":[193],"product_tag":[218],"class_list":{"0":"post-2265","1":"product","2":"type-product","3":"status-publish","4":"has-post-thumbnail","6":"product_cat-article-sur-lhygiene","7":"product_tag-fournitures-pour-pochoirs","9":"first","10":"instock","11":"taxable","12":"shipping-taxable","13":"purchasable","14":"product-type-simple"},"ams_default_variation_id":0,"ams_product_points_reward":[],"ams_product_discount_percentage":0,"ams_price_to_display":28,"ams_acf":[],"acf":[],"_links":{"self":[{"href":"https:\/\/inkskin.nl\/fr\/wp-json\/wp\/v2\/product\/2265","targetHints":{"allow":["GET"]}}],"collection":[{"href":"https:\/\/inkskin.nl\/fr\/wp-json\/wp\/v2\/product"}],"about":[{"href":"https:\/\/inkskin.nl\/fr\/wp-json\/wp\/v2\/types\/product"}],"version-history":[{"count":0,"href":"https:\/\/inkskin.nl\/fr\/wp-json\/wp\/v2\/product\/2265\/revisions"}],"wp:featuredmedia":[{"embeddable":true,"href":"https:\/\/inkskin.nl\/fr\/wp-json\/wp\/v2\/media\/1583"}],"wp:attachment":[{"href":"https:\/\/inkskin.nl\/fr\/wp-json\/wp\/v2\/media?parent=2265"}],"wp:term":[{"taxonomy":"product_brand","embeddable":true,"href":"https:\/\/inkskin.nl\/fr\/wp-json\/wp\/v2\/product_brand?post=2265"},{"taxonomy":"product_cat","embeddable":true,"href":"https:\/\/inkskin.nl\/fr\/wp-json\/wp\/v2\/product_cat?post=2265"},{"taxonomy":"product_tag","embeddable":true,"href":"https:\/\/inkskin.nl\/fr\/wp-json\/wp\/v2\/product_tag?post=2265"}],"curies":[{"name":"wp","href":"https:\/\/api.w.org\/{rel}","templated":true}]}}